{"id":324,"date":"2017-11-29T08:00:02","date_gmt":"2017-11-29T08:00:02","guid":{"rendered":"http:\/\/demo2.drfuri.com\/martfury16\/?page_id=324"},"modified":"2023-09-01T15:47:06","modified_gmt":"2023-09-01T15:47:06","slug":"home","status":"publish","type":"page","link":"https:\/\/job.amd-veille.com\/","title":{"rendered":"Home"},"content":{"rendered":"\t\t<div data-elementor-type=\"wp-post\" data-elementor-id=\"324\" class=\"elementor elementor-324\">\n\t\t\t\t\t\t\t\t\t<section class=\"elementor-section elementor-top-section elementor-element elementor-element-a57f6ab elementor-section-stretched elementor-section-full_width elementor-section-height-default elementor-section-height-default\" data-id=\"a57f6ab\" data-element_type=\"section\" data-settings=\"{&quot;stretch_section&quot;:&quot;section-stretched&quot;}\">\n\t\t\t\t\t\t<div class=\"elementor-container elementor-column-gap-no\">\n\t\t\t\t\t<div class=\"elementor-column elementor-col-100 elementor-top-column elementor-element elementor-element-e95416c\" data-id=\"e95416c\" data-element_type=\"column\">\n\t\t\t<div class=\"elementor-widget-wrap elementor-element-populated\">\n\t\t\t\t\t\t\t\t<div class=\"elementor-element elementor-element-70976ee7 mf--h-position-center mf--v-position-middle elementor-widget elementor-widget-martfury-slides\" data-id=\"70976ee7\" data-element_type=\"widget\" data-widget_type=\"martfury-slides.default\">\n\t\t\t\t<div class=\"elementor-widget-container\">\n\t\t\t<div class=\"mf-slides-wrapper loading align-icon- navigation-arrows navigation-tablet-dots navigation-mobile-dots\" dir=\"ltr\">\r\n\t\t\t\t<div class=\"arrows-wrapper\"><div class=\"arrows-inner arrows-container\"><\/div><\/div>\r\n\t\t\t\t<div class=\"mf-slides\" data-slider_options=\"{&quot;slidesToShow&quot;:1,&quot;autoplaySpeed&quot;:8000,&quot;autoplay&quot;:true,&quot;infinite&quot;:true,&quot;pauseOnHover&quot;:true,&quot;speed&quot;:800,&quot;arrows&quot;:true,&quot;dots&quot;:true,&quot;rtl&quot;:false,&quot;fade&quot;:true}\" data-animation=\"fadeIn\"><div class=\"elementor-repeater-item-38b4454 slick-slide\"><div class=\"slick-slide-bg\"><\/div><div  class=\"slick-slide-inner\"><div class=\"mf-slide-content\"><div class=\"mf-slide-heading\">sp\u00e9cial job<\/div><div class=\"mf-slide-description\"><p><strong><span style=\"vertical-align: inherit;\"><span style=\"vertical-align: inherit;\"><span style=\"vertical-align: inherit;\"><span style=\"vertical-align: inherit;\"><span style=\"vertical-align: inherit;\"><span style=\"vertical-align: inherit;\"><span style=\"vertical-align: inherit;\"><span style=\"vertical-align: inherit;\"><span style=\"vertical-align: inherit;\"><span style=\"vertical-align: inherit;\">Trouver rapidement un emploi<\/span><\/span><\/span><\/span><\/span><\/span><\/span><\/span><\/span><\/span><\/strong><\/p><\/div><a href=\"#\" class=\"mf-button mf-slide-button\">Inscrivez-vous maintenant!<\/a><\/div><\/div><\/div><div class=\"elementor-repeater-item-6a261ca slick-slide\"><div class=\"slick-slide-bg\"><\/div><div  class=\"slick-slide-inner\"><div class=\"mf-slide-content\"><div class=\"mf-slide-heading\">Premier promoteur de stage<\/div><div class=\"mf-slide-description\"><p><strong><span style=\"vertical-align: inherit;\"><span style=\"vertical-align: inherit;\"><span style=\"vertical-align: inherit;\"><span style=\"vertical-align: inherit;\"><span style=\"vertical-align: inherit;\"><span style=\"vertical-align: inherit;\">Avoir un stage quelques soit votre niveau d'\u00e9tude<\/span><\/span><\/span><\/span><\/span><\/span><\/strong><\/p><\/div><a href=\"#\" class=\"mf-button mf-slide-button\">Inscrivez-vous maintenant <\/a><\/div><\/div><\/div><div class=\"elementor-repeater-item-aed6e78 slick-slide\"><div class=\"slick-slide-bg\"><\/div><div  class=\"slick-slide-inner\"><div class=\"mf-slide-content\"><div class=\"mf-slide-description\"><p><strong><span style=\"vertical-align: inherit;\"><span style=\"vertical-align: inherit;\"><span style=\"vertical-align: inherit;\"><span style=\"vertical-align: inherit;\">Acqu\u00e9rir une exp\u00e9rience professionnelle sans embuche<\/span><\/span><\/span><\/span><\/strong><\/p><\/div><a href=\"#\" class=\"mf-button mf-slide-button\">Connectez-Vous maintenant!<\/a><\/div><\/div><\/div><\/div>\r\n\t\t\t<\/div>\t\t<\/div>\n\t\t\t\t<\/div>\n\t\t\t\t\t<\/div>\n\t\t<\/div>\n\t\t\t\t\t\t\t<\/div>\n\t\t<\/section>\n\t\t\t\t<section class=\"elementor-section elementor-top-section elementor-element elementor-element-c8d46e6 elementor-section-boxed elementor-section-height-default elementor-section-height-default\" data-id=\"c8d46e6\" data-element_type=\"section\">\n\t\t\t\t\t\t<div class=\"elementor-container elementor-column-gap-extended\">\n\t\t\t\t\t<div class=\"elementor-column elementor-col-100 elementor-top-column elementor-element elementor-element-bd8c83b\" data-id=\"bd8c83b\" data-element_type=\"column\">\n\t\t\t<div class=\"elementor-widget-wrap elementor-element-populated\">\n\t\t\t\t\t\t\t\t<div class=\"elementor-element elementor-element-49539c8 columns--tablet2 columns--mobile1 mf-elementor-icons-list__display-column columns-4 elementor-widget elementor-widget-martfury-icons-list\" data-id=\"49539c8\" data-element_type=\"widget\" data-widget_type=\"martfury-icons-list.default\">\n\t\t\t\t<div class=\"elementor-widget-container\">\n\t\t\t        <div class=\"mf-elementor-icons-list\">\r\n            <div class=\"icons-list-wrapper\">\r\n\t\t\t\t                        <div class=\"box-item\">\r\n                            <div class=\"martfury-icon-box mf-icon-left\">\r\n                                <div class=\"mf-icon box-icon \">\r\n\t\t\t\t\t\t\t\t\t<i class=\"icon-book\"><\/i>                                <\/div>\r\n                                <div class=\"box-wrapper\">\r\n\t\t\t\t\t\t\t\t\t<span class=\"box-title\" target=\"_blank\" rel=\"nofollow\">Comp\u00e9tences professionnelles<\/span>                                    <div class=\"desc\">des milliers d'entreprises vous recherche<\/div>\r\n                                <\/div>\r\n                            <\/div>\r\n                            <div class=\"separator\"><\/div>\r\n                        <\/div>\r\n\t\t\t\t\t\t                        <div class=\"box-item\">\r\n                            <div class=\"martfury-icon-box mf-icon-left\">\r\n                                <div class=\"mf-icon box-icon \">\r\n\t\t\t\t\t\t\t\t\t<i class=\"icon-sync\"><\/i>                                <\/div>\r\n                                <div class=\"box-wrapper\">\r\n\t\t\t\t\t\t\t\t\t<span class=\"box-title\" target=\"_blank\" rel=\"nofollow\">Trouvez rapidement des formations <\/span>                                    <div class=\"desc\">Des milliers de formateurs a votre \u00e9coute<\/div>\r\n                                <\/div>\r\n                            <\/div>\r\n                            <div class=\"separator\"><\/div>\r\n                        <\/div>\r\n\t\t\t\t\t\t                        <div class=\"box-item\">\r\n                            <div class=\"martfury-icon-box mf-icon-left\">\r\n                                <div class=\"mf-icon box-icon \">\r\n\t\t\t\t\t\t\t\t\t<i class=\"icon-credit-card\"><\/i>                                <\/div>\r\n                                <div class=\"box-wrapper\">\r\n\t\t\t\t\t\t\t\t\t<span class=\"box-title\" target=\"_blank\" rel=\"nofollow\">Mode de paiement<\/span>                                    <div class=\"desc\">100% gratuit<\/div>\r\n                                <\/div>\r\n                            <\/div>\r\n                            <div class=\"separator\"><\/div>\r\n                        <\/div>\r\n\t\t\t\t\t\t                        <div class=\"box-item\">\r\n                            <div class=\"martfury-icon-box mf-icon-left\">\r\n                                <div class=\"mf-icon box-icon \">\r\n\t\t\t\t\t\t\t\t\t<i class=\"icon-bubbles\"><\/i>                                <\/div>\r\n                                <div class=\"box-wrapper\">\r\n\t\t\t\t\t\t\t\t\t<span class=\"box-title\" target=\"_blank\" rel=\"nofollow\">Echangez facilement avec les entreprises<\/span>                                    <div class=\"desc\"><\/div>\r\n                                <\/div>\r\n                            <\/div>\r\n                            <div class=\"separator\"><\/div>\r\n                        <\/div>\r\n\t\t\t\t\t\t            <\/div>\r\n        <\/div>\r\n\t\t\t\t<\/div>\n\t\t\t\t<\/div>\n\t\t\t\t\t<\/div>\n\t\t<\/div>\n\t\t\t\t\t\t\t<\/div>\n\t\t<\/section>\n\t\t\t\t<section class=\"elementor-section elementor-top-section elementor-element elementor-element-4148fd2 elementor-section-boxed elementor-section-height-default elementor-section-height-default\" data-id=\"4148fd2\" data-element_type=\"section\">\n\t\t\t\t\t\t<div class=\"elementor-container elementor-column-gap-extended\">\n\t\t\t\t\t<div class=\"elementor-column elementor-col-100 elementor-top-column elementor-element elementor-element-c3f2d1e\" data-id=\"c3f2d1e\" data-element_type=\"column\">\n\t\t\t<div class=\"elementor-widget-wrap elementor-element-populated\">\n\t\t\t\t\t\t\t\t<div class=\"elementor-element elementor-element-30ee614 elementor-widget__width-initial elementor-widget elementor-widget-martfury-banner-medium\" data-id=\"30ee614\" data-element_type=\"widget\" data-widget_type=\"martfury-banner-medium.default\">\n\t\t\t\t<div class=\"elementor-widget-container\">\n\t\t\t        <div class=\"mf-elementor-banner-medium highlight-title-\">\r\n            <div class=\"banner-featured-image\"><\/div>\r\n\t\t\t            <div class=\"banner-content\">\r\n                <h2 class=\"banner-title\"><span class=\"hl-title\">R\u00e9digez directement votre demande<\/span><\/h2>                <div class=\"banner-desc\"><\/div>\r\n\t\t\t\t                    <div class=\"banner-button\">\r\n                        <a class=\"btn-button\" >Entrer<\/a>\r\n                    <\/div>\r\n\t\t\t\t            <\/div>\r\n        <\/div>\r\n\t\t\t\t<\/div>\n\t\t\t\t<\/div>\n\t\t\t\t\t<\/div>\n\t\t<\/div>\n\t\t\t\t\t\t\t<\/div>\n\t\t<\/section>\n\t\t\t\t<section class=\"elementor-section elementor-top-section elementor-element elementor-element-a73690e elementor-section-boxed elementor-section-height-default elementor-section-height-default\" data-id=\"a73690e\" data-element_type=\"section\">\n\t\t\t\t\t\t<div class=\"elementor-container elementor-column-gap-extended\">\n\t\t\t\t\t<div class=\"elementor-column elementor-col-100 elementor-top-column elementor-element elementor-element-1abc68c\" data-id=\"1abc68c\" data-element_type=\"column\">\n\t\t\t<div class=\"elementor-widget-wrap elementor-element-populated\">\n\t\t\t\t\t\t\t\t<div class=\"elementor-element elementor-element-b0e8421 elementor-widget elementor-widget-heading\" data-id=\"b0e8421\" data-element_type=\"widget\" data-widget_type=\"heading.default\">\n\t\t\t\t<div class=\"elementor-widget-container\">\n\t\t\t<style>\/*! elementor - v3.14.0 - 26-06-2023 *\/\n.elementor-heading-title{padding:0;margin:0;line-height:1}.elementor-widget-heading .elementor-heading-title[class*=elementor-size-]>a{color:inherit;font-size:inherit;line-height:inherit}.elementor-widget-heading .elementor-heading-title.elementor-size-small{font-size:15px}.elementor-widget-heading .elementor-heading-title.elementor-size-medium{font-size:19px}.elementor-widget-heading .elementor-heading-title.elementor-size-large{font-size:29px}.elementor-widget-heading .elementor-heading-title.elementor-size-xl{font-size:39px}.elementor-widget-heading .elementor-heading-title.elementor-size-xxl{font-size:59px}<\/style><h2 class=\"elementor-heading-title elementor-size-default\">Rechercher une offre d'emploi<\/h2>\t\t<\/div>\n\t\t\t\t<\/div>\n\t\t\t\t\t<\/div>\n\t\t<\/div>\n\t\t\t\t\t\t\t<\/div>\n\t\t<\/section>\n\t\t\t\t<section class=\"elementor-section elementor-top-section elementor-element elementor-element-d0a8c4b elementor-section-boxed elementor-section-height-default elementor-section-height-default\" data-id=\"d0a8c4b\" data-element_type=\"section\">\n\t\t\t\t\t\t<div class=\"elementor-container elementor-column-gap-extended\">\n\t\t\t\t\t<div class=\"elementor-column elementor-col-25 elementor-top-column elementor-element elementor-element-a8c489f\" data-id=\"a8c489f\" data-element_type=\"column\">\n\t\t\t<div class=\"elementor-widget-wrap elementor-element-populated\">\n\t\t\t\t\t\t\t\t<div class=\"elementor-element elementor-element-2b70d2e elementor-position-top elementor-widget elementor-widget-martfury-image-box\" data-id=\"2b70d2e\" data-element_type=\"widget\" data-widget_type=\"martfury-image-box.default\">\n\t\t\t\t<div class=\"elementor-widget-container\">\n\t\t\t        <div class=\"mf-elementor-image-box\">\r\n\t\t\t<a class=\"thumbnail\" href=\"#\"><img decoding=\"async\" src=\"https:\/\/job.amd-veille.com\/wp-content\/uploads\/elementor\/thumbs\/m11-scaled-q9cxqfm3rmkc9fgbtljh51um65lxtil6kvumz269t0.jpg\" title=\"m11\" alt=\"m11\" loading=\"lazy\" \/><\/a>            <div class=\"image-content\">\r\n\t\t\t\t<h2 class=\"box-title\"><a class=\"\" href=\"#\">Choisissez votre domaine<\/a><\/h2>                <ul class=\"extra-links\">\r\n\r\n\t\t\t\t\t\r\n\t\t\t\t\t                <\/ul>\r\n            <\/div>\r\n        <\/div>\r\n\t\t\t\t<\/div>\n\t\t\t\t<\/div>\n\t\t\t\t\t<\/div>\n\t\t<\/div>\n\t\t\t\t<div class=\"elementor-column elementor-col-25 elementor-top-column elementor-element elementor-element-bc4e8ea\" data-id=\"bc4e8ea\" data-element_type=\"column\">\n\t\t\t<div class=\"elementor-widget-wrap elementor-element-populated\">\n\t\t\t\t\t\t\t\t<div class=\"elementor-element elementor-element-10ef30e elementor-position-top elementor-widget elementor-widget-martfury-image-box\" data-id=\"10ef30e\" data-element_type=\"widget\" data-widget_type=\"martfury-image-box.default\">\n\t\t\t\t<div class=\"elementor-widget-container\">\n\t\t\t        <div class=\"mf-elementor-image-box\">\r\n\t\t\t<a class=\"thumbnail\" href=\"#\"><img decoding=\"async\" src=\"https:\/\/job.amd-veille.com\/wp-content\/uploads\/elementor\/thumbs\/m40-scaled-q9elqcz0afcavu1fd8l4q01v8vltexci7j1iwzmntw.jpg\" title=\"m40.jpg\" alt=\"m40.jpg\" loading=\"lazy\" \/><\/a>            <div class=\"image-content\">\r\n\t\t\t\t<h2 class=\"box-title\"><a class=\"\" href=\"#\">Ins\u00e9rez votre CV<\/a><\/h2>                <ul class=\"extra-links\">\r\n\r\n\t\t\t\t\t\r\n\t\t\t\t\t                <\/ul>\r\n            <\/div>\r\n        <\/div>\r\n\t\t\t\t<\/div>\n\t\t\t\t<\/div>\n\t\t\t\t\t<\/div>\n\t\t<\/div>\n\t\t\t\t<div class=\"elementor-column elementor-col-25 elementor-top-column elementor-element elementor-element-cf931fb\" data-id=\"cf931fb\" data-element_type=\"column\">\n\t\t\t<div class=\"elementor-widget-wrap elementor-element-populated\">\n\t\t\t\t\t\t\t\t<div class=\"elementor-element elementor-element-99c2123 elementor-position-top elementor-widget elementor-widget-martfury-image-box\" data-id=\"99c2123\" data-element_type=\"widget\" data-widget_type=\"martfury-image-box.default\">\n\t\t\t\t<div class=\"elementor-widget-container\">\n\t\t\t        <div class=\"mf-elementor-image-box\">\r\n\t\t\t<a class=\"thumbnail\" href=\"#\"><img decoding=\"async\" src=\"https:\/\/job.amd-veille.com\/wp-content\/uploads\/elementor\/thumbs\/m38-scaled-q9eboeaei5ua1lt7za031uas49oeaxdlfz5ay2bdwk.jpg\" title=\"m38.jpg\" alt=\"m38.jpg\" loading=\"lazy\" \/><\/a>            <div class=\"image-content\">\r\n\t\t\t\t<h2 class=\"box-title\"><a class=\"\" href=\"#\">R\u00e9diger votre demande<\/a><\/h2>                <ul class=\"extra-links\">\r\n\r\n\t\t\t\t\t\r\n\t\t\t\t\t                <\/ul>\r\n            <\/div>\r\n        <\/div>\r\n\t\t\t\t<\/div>\n\t\t\t\t<\/div>\n\t\t\t\t\t<\/div>\n\t\t<\/div>\n\t\t\t\t<div class=\"elementor-column elementor-col-25 elementor-top-column elementor-element elementor-element-2da208b\" data-id=\"2da208b\" data-element_type=\"column\">\n\t\t\t<div class=\"elementor-widget-wrap elementor-element-populated\">\n\t\t\t\t\t\t\t\t<div class=\"elementor-element elementor-element-dcc64ea elementor-position-top elementor-widget elementor-widget-martfury-image-box\" data-id=\"dcc64ea\" data-element_type=\"widget\" data-widget_type=\"martfury-image-box.default\">\n\t\t\t\t<div class=\"elementor-widget-container\">\n\t\t\t        <div class=\"mf-elementor-image-box\">\r\n\t\t\t<a class=\"thumbnail\" href=\"#\"><img decoding=\"async\" src=\"https:\/\/job.amd-veille.com\/wp-content\/uploads\/elementor\/thumbs\/m42-scaled-q9em1qsn26xbhti4w5qgx4mu8vhumyjh3vh85mr0h0.jpg\" title=\"m42.jpg\" alt=\"m42.jpg\" loading=\"lazy\" \/><\/a>            <div class=\"image-content\">\r\n\t\t\t\t<h2 class=\"box-title\"><a class=\"\" href=\"#\">Transf\u00e9rez l\u00e0!<\/a><\/h2>                <ul class=\"extra-links\">\r\n\r\n\t\t\t\t\t\r\n\t\t\t\t\t                <\/ul>\r\n            <\/div>\r\n        <\/div>\r\n\t\t\t\t<\/div>\n\t\t\t\t<\/div>\n\t\t\t\t\t<\/div>\n\t\t<\/div>\n\t\t\t\t\t\t\t<\/div>\n\t\t<\/section>\n\t\t\t\t\t\t\t<\/div>\n\t\t","protected":false},"excerpt":{"rendered":"<p>sp\u00e9cial job Trouver rapidement un emploi Inscrivez-vous maintenant!Premier promoteur de stage Avoir un stage quelques soit votre niveau d&#8217;\u00e9tude Inscrivez-vous maintenant Acqu\u00e9rir une exp\u00e9rience professionnelle sans embuche Connectez-Vous maintenant! Comp\u00e9tences professionnelles des milliers d&#8217;entreprises vous recherche Trouvez rapidement des formations Des milliers de formateurs a votre \u00e9coute Mode de paiement 100% gratuit Echangez facilement avec&hellip;<\/p>\n","protected":false},"author":1,"featured_media":0,"parent":0,"menu_order":0,"comment_status":"closed","ping_status":"closed","template":"template-homepage.php","meta":[],"_links":{"self":[{"href":"https:\/\/job.amd-veille.com\/index.php\/wp-json\/wp\/v2\/pages\/324"}],"collection":[{"href":"https:\/\/job.amd-veille.com\/index.php\/wp-json\/wp\/v2\/pages"}],"about":[{"href":"https:\/\/job.amd-veille.com\/index.php\/wp-json\/wp\/v2\/types\/page"}],"author":[{"embeddable":true,"href":"https:\/\/job.amd-veille.com\/index.php\/wp-json\/wp\/v2\/users\/1"}],"replies":[{"embeddable":true,"href":"https:\/\/job.amd-veille.com\/index.php\/wp-json\/wp\/v2\/comments?post=324"}],"version-history":[{"count":6,"href":"https:\/\/job.amd-veille.com\/index.php\/wp-json\/wp\/v2\/pages\/324\/revisions"}],"predecessor-version":[{"id":4251,"href":"https:\/\/job.amd-veille.com\/index.php\/wp-json\/wp\/v2\/pages\/324\/revisions\/4251"}],"wp:attachment":[{"href":"https:\/\/job.amd-veille.com\/index.php\/wp-json\/wp\/v2\/media?parent=324"}],"curies":[{"name":"wp","href":"https:\/\/api.w.org\/{rel}","templated":true}]}}