{"id":4272,"date":"2023-09-05T10:30:07","date_gmt":"2023-09-05T10:30:07","guid":{"rendered":"https:\/\/job.amd-veille.com\/?page_id=4272"},"modified":"2023-09-05T10:31:33","modified_gmt":"2023-09-05T10:31:33","slug":"elementor-4272","status":"publish","type":"page","link":"https:\/\/job.amd-veille.com\/index.php\/elementor-4272\/","title":{"rendered":"Recrutement de 01 LIVELIHOODS AND FOOD SECURITY TECHINICAL ASSISTANT \/DORI"},"content":{"rendered":"\t\t<div data-elementor-type=\"wp-page\" data-elementor-id=\"4272\" class=\"elementor elementor-4272\">\n\t\t\t\t\t\t\t\t\t<section class=\"elementor-section elementor-top-section elementor-element elementor-element-1e42ec2 elementor-section-boxed elementor-section-height-default elementor-section-height-default\" data-id=\"1e42ec2\" data-element_type=\"section\">\n\t\t\t\t\t\t<div class=\"elementor-container elementor-column-gap-default\">\n\t\t\t\t\t<div class=\"elementor-column elementor-col-100 elementor-top-column elementor-element elementor-element-5474a98\" data-id=\"5474a98\" data-element_type=\"column\">\n\t\t\t<div class=\"elementor-widget-wrap elementor-element-populated\">\n\t\t\t\t\t\t\t\t<div class=\"elementor-element elementor-element-d0d768a elementor-widget elementor-widget-heading\" data-id=\"d0d768a\" data-element_type=\"widget\" data-widget_type=\"heading.default\">\n\t\t\t\t<div class=\"elementor-widget-container\">\n\t\t\t<style>\/*! elementor - v3.14.0 - 26-06-2023 *\/\n.elementor-heading-title{padding:0;margin:0;line-height:1}.elementor-widget-heading .elementor-heading-title[class*=elementor-size-]>a{color:inherit;font-size:inherit;line-height:inherit}.elementor-widget-heading .elementor-heading-title.elementor-size-small{font-size:15px}.elementor-widget-heading .elementor-heading-title.elementor-size-medium{font-size:19px}.elementor-widget-heading .elementor-heading-title.elementor-size-large{font-size:29px}.elementor-widget-heading .elementor-heading-title.elementor-size-xl{font-size:39px}.elementor-widget-heading .elementor-heading-title.elementor-size-xxl{font-size:59px}<\/style><h3 class=\"elementor-heading-title elementor-size-default\">Recrutement de 01 LIVELIHOODS AND FOOD SECURITY TECHINICAL ASSISTANT \/DORI<\/h3>\t\t<\/div>\n\t\t\t\t<\/div>\n\t\t\t\t\t<\/div>\n\t\t<\/div>\n\t\t\t\t\t\t\t<\/div>\n\t\t<\/section>\n\t\t\t\t<section class=\"elementor-section elementor-top-section elementor-element elementor-element-d82684a elementor-section-boxed elementor-section-height-default elementor-section-height-default\" data-id=\"d82684a\" data-element_type=\"section\">\n\t\t\t\t\t\t<div class=\"elementor-container elementor-column-gap-default\">\n\t\t\t\t\t<div class=\"elementor-column elementor-col-100 elementor-top-column elementor-element elementor-element-4465f21\" data-id=\"4465f21\" data-element_type=\"column\">\n\t\t\t<div class=\"elementor-widget-wrap elementor-element-populated\">\n\t\t\t\t\t\t\t\t<div class=\"elementor-element elementor-element-20cc2b0 elementor-widget elementor-widget-text-editor\" data-id=\"20cc2b0\" data-element_type=\"widget\" data-widget_type=\"text-editor.default\">\n\t\t\t\t<div class=\"elementor-widget-container\">\n\t\t\t<style>\/*! elementor - v3.14.0 - 26-06-2023 *\/\n.elementor-widget-text-editor.elementor-drop-cap-view-stacked .elementor-drop-cap{background-color:#69727d;color:#fff}.elementor-widget-text-editor.elementor-drop-cap-view-framed .elementor-drop-cap{color:#69727d;border:3px solid;background-color:transparent}.elementor-widget-text-editor:not(.elementor-drop-cap-view-default) .elementor-drop-cap{margin-top:8px}.elementor-widget-text-editor:not(.elementor-drop-cap-view-default) .elementor-drop-cap-letter{width:1em;height:1em}.elementor-widget-text-editor .elementor-drop-cap{float:left;text-align:center;line-height:1;font-size:50px}.elementor-widget-text-editor .elementor-drop-cap-letter{display:inline-block}<\/style>\t\t\t\t<div class=\"latest-tweets-head\">\n<h4><i>Offre expirant le 08-09-2023<\/i><\/h4>\n<\/div>\n<div class=\"accordionb\">\n<div class=\"paneh\">\n<div class=\"col-md-12\"><p><b>Localit\u00e9 : Burkina Faso \/ Dori<br>Domaine :&nbsp;Sociologie<br>Niveau :&nbsp;BAC + 3<br>Entreprise recruteur :&nbsp;CONSEIL NORVEGIEN POUR LES REFUGIES<\/b><\/p>\n<h4>Poste \u00e0 pourvoir LIVELIHOODS AND FOOD SECURITY TECHINICAL ASSISTANT \/DORI<br>Nombre de poste 01<br>Lieu d&#8217;affectation Dori<br>Structure recruteur CONSEIL NORVEGIEN POUR LES REFUGIES (NRC)<br>Structure B\u00e9n\u00e9ficiaire CONSEIL NORVEGIEN POUR LES REFUGIES (NRC)<br>Secteur activit\u00e9 Activit\u00e9s de sant\u00e9 et d\u2019action sociale<br>Dipl\u00f4me ou niveau Dipl\u00f4me de technicien agricole (\u00e9quivalent BAC +2)<br>Option du dipl\u00f4me G\u00e9ographie, Socio-\u00e9conomie, Environnement, Economie agricole<br>Exp\u00e9riences 02 ans<br>Capacit\u00e9s li\u00e9es \u00e0 l&#8217;emploi<br>Livelihoods and Food Security Techinical Assistant Burkina Faso Dori (National Position)<p><\/p>\n<p>JOB DESCRIPTION<br>1. Travaille en conformit\u00e9 avec les politiques, outils, manuels et directives du NRC ;<br>2. Implemente le projet conform\u00e9ment au plan d&#8217;action ;<br>3. R\u00e9dige les rapports sur l&#8217;avanc\u00e9e des activit\u00e9s terrain sur demande du superviseur ou de la direction ;<br>4. S&#8217;assure de l&#8217;archivage correct des documents ;<br>5. Participe activement dans le renforcement des capacit\u00e9s des b\u00e9n\u00e9ficiaires ;<br>6. Participe activement dans la collecte des donn\u00e9es de diff\u00e9rentes \u00e9tudes de faisabilit\u00e9, analyse des march\u00e9s, de post distribution monitoring, etc.<\/p>\n<p>RESPONSIBILITIES<br>\u2022 Assiste l\u2019Officier Moyen d\u2019existence et s\u00e9curit\u00e9 alimentaire dans la pr\u00e9paration et organisation des diff\u00e9rents ateliers de formation et de sensibilisation ;<br>\u2022 Participe \u00e0 l\u2019analyse participative de la vuln\u00e9rabilit\u00e9 avec les leaders communautaires ;<br>\u2022 Contrev\u00e9rifie les listes des b\u00e9n\u00e9ficiaires propos\u00e9es par les leaders communautaires\/enqu\u00eateurs ;<br>\u2022 Organise des suivis de proximit\u00e9 (coaching) des b\u00e9n\u00e9ficiaires dans leurs activit\u00e9s ;<br>\u2022 R\u00e9quisitionne les mat\u00e9riels n\u00e9cessaires pour les activit\u00e9s de distribution, de formation et des enqu\u00eates ;<br>\u2022 Travailles-en \u00e9troite collaboration avec les staffs des partenaires de NRC et les traite avec respect ;<br>\u2022 S\u2019assure de l\u2019int\u00e9gration de la protection s\u00fbre et inclusive (SIP) dans les activit\u00e9s de moyens d\u2019existence et de s\u00e9curit\u00e9 alimentaire ;<br>\u2022 Organise et fait le suivi post distribution des activit\u00e9s aupr\u00e8s des personnes assist\u00e9es ;<\/p>\n<p>QUALIFICATIONS<br>\u2022 Poss\u00e8de un dipl\u00f4me de technicien agricole (\u00e9quivalent baccalaur\u00e9at +2) ou en g\u00e9ographie, socio-\u00e9conomie, environnement, \u00e9conomie agricole, etc ;<br>\u2022 Exp\u00e9rience professionnelle de 2 ans minimum en tant que Assistant Projet dans un contexte humanitaire\/de rel\u00e8vement ;<br>\u2022 Exp\u00e9rience professionnelle ant\u00e9rieure de 2 ans minimum dans l\u2019appui aux communaut\u00e9s .<br>Connaissance en informatique NP<br>Condition d&#8217;\u00e2ge NP<\/p>\n<p>Date limite de dep\u00f4t des dossiers 08\/09\/2023<br>Procedure de recrutement NP<br>Dur\u00e9e du contrat NP<\/p><\/h4>\n<\/div>\n<\/div>\n<\/div>\t\t\t\t\t\t<\/div>\n\t\t\t\t<\/div>\n\t\t\t\t\t<\/div>\n\t\t<\/div>\n\t\t\t\t\t\t\t<\/div>\n\t\t<\/section>\n\t\t\t\t\t\t\t<\/div>\n\t\t","protected":false},"excerpt":{"rendered":"<p>Recrutement de 01 LIVELIHOODS AND FOOD SECURITY TECHINICAL ASSISTANT \/DORI Offre expirant le 08-09-2023 Localit\u00e9 : Burkina Faso \/ DoriDomaine :&nbsp;SociologieNiveau :&nbsp;BAC + 3Entreprise recruteur :&nbsp;CONSEIL NORVEGIEN POUR LES REFUGIES Poste \u00e0 pourvoir LIVELIHOODS AND FOOD SECURITY TECHINICAL ASSISTANT \/DORINombre de poste 01Lieu d&#8217;affectation DoriStructure recruteur CONSEIL NORVEGIEN POUR LES REFUGIES (NRC)Structure B\u00e9n\u00e9ficiaire CONSEIL NORVEGIEN&hellip;<\/p>\n","protected":false},"author":1,"featured_media":0,"parent":0,"menu_order":0,"comment_status":"closed","ping_status":"closed","template":"","meta":[],"_links":{"self":[{"href":"https:\/\/job.amd-veille.com\/index.php\/wp-json\/wp\/v2\/pages\/4272"}],"collection":[{"href":"https:\/\/job.amd-veille.com\/index.php\/wp-json\/wp\/v2\/pages"}],"about":[{"href":"https:\/\/job.amd-veille.com\/index.php\/wp-json\/wp\/v2\/types\/page"}],"author":[{"embeddable":true,"href":"https:\/\/job.amd-veille.com\/index.php\/wp-json\/wp\/v2\/users\/1"}],"replies":[{"embeddable":true,"href":"https:\/\/job.amd-veille.com\/index.php\/wp-json\/wp\/v2\/comments?post=4272"}],"version-history":[{"count":5,"href":"https:\/\/job.amd-veille.com\/index.php\/wp-json\/wp\/v2\/pages\/4272\/revisions"}],"predecessor-version":[{"id":4278,"href":"https:\/\/job.amd-veille.com\/index.php\/wp-json\/wp\/v2\/pages\/4272\/revisions\/4278"}],"wp:attachment":[{"href":"https:\/\/job.amd-veille.com\/index.php\/wp-json\/wp\/v2\/media?parent=4272"}],"curies":[{"name":"wp","href":"https:\/\/api.w.org\/{rel}","templated":true}]}}