{"id":4333,"date":"2023-09-11T08:37:45","date_gmt":"2023-09-11T08:37:45","guid":{"rendered":"https:\/\/job.amd-veille.com\/?page_id=4333"},"modified":"2023-09-11T08:42:03","modified_gmt":"2023-09-11T08:42:03","slug":"elementor-4333","status":"publish","type":"page","link":"https:\/\/job.amd-veille.com\/index.php\/elementor-4333\/","title":{"rendered":"Recrutement de 30 Agents commerciaux"},"content":{"rendered":"\t\t<div data-elementor-type=\"wp-page\" data-elementor-id=\"4333\" class=\"elementor elementor-4333\">\n\t\t\t\t\t\t\t\t\t<section class=\"elementor-section elementor-top-section elementor-element elementor-element-65f362a elementor-section-boxed elementor-section-height-default elementor-section-height-default\" data-id=\"65f362a\" data-element_type=\"section\">\n\t\t\t\t\t\t<div class=\"elementor-container elementor-column-gap-default\">\n\t\t\t\t\t<div class=\"elementor-column elementor-col-100 elementor-top-column elementor-element elementor-element-33e0285\" data-id=\"33e0285\" data-element_type=\"column\">\n\t\t\t<div class=\"elementor-widget-wrap elementor-element-populated\">\n\t\t\t\t\t\t\t\t<div class=\"elementor-element elementor-element-e2699e8 elementor-widget elementor-widget-heading\" data-id=\"e2699e8\" data-element_type=\"widget\" data-widget_type=\"heading.default\">\n\t\t\t\t<div class=\"elementor-widget-container\">\n\t\t\t<style>\/*! elementor - v3.14.0 - 26-06-2023 *\/\n.elementor-heading-title{padding:0;margin:0;line-height:1}.elementor-widget-heading .elementor-heading-title[class*=elementor-size-]>a{color:inherit;font-size:inherit;line-height:inherit}.elementor-widget-heading .elementor-heading-title.elementor-size-small{font-size:15px}.elementor-widget-heading .elementor-heading-title.elementor-size-medium{font-size:19px}.elementor-widget-heading .elementor-heading-title.elementor-size-large{font-size:29px}.elementor-widget-heading .elementor-heading-title.elementor-size-xl{font-size:39px}.elementor-widget-heading .elementor-heading-title.elementor-size-xxl{font-size:59px}<\/style><h2 class=\"elementor-heading-title elementor-size-default\">Recrutement de 30 Agents commerciaux<\/h2>\t\t<\/div>\n\t\t\t\t<\/div>\n\t\t\t\t\t<\/div>\n\t\t<\/div>\n\t\t\t\t\t\t\t<\/div>\n\t\t<\/section>\n\t\t\t\t<section class=\"elementor-section elementor-top-section elementor-element elementor-element-b231347 elementor-section-boxed elementor-section-height-default elementor-section-height-default\" data-id=\"b231347\" data-element_type=\"section\">\n\t\t\t\t\t\t<div class=\"elementor-container elementor-column-gap-default\">\n\t\t\t\t\t<div class=\"elementor-column elementor-col-100 elementor-top-column elementor-element elementor-element-ebe8f66\" data-id=\"ebe8f66\" data-element_type=\"column\">\n\t\t\t<div class=\"elementor-widget-wrap elementor-element-populated\">\n\t\t\t\t\t\t\t\t<div class=\"elementor-element elementor-element-8ba779c elementor-widget elementor-widget-text-editor\" data-id=\"8ba779c\" data-element_type=\"widget\" data-widget_type=\"text-editor.default\">\n\t\t\t\t<div class=\"elementor-widget-container\">\n\t\t\t<style>\/*! elementor - v3.14.0 - 26-06-2023 *\/\n.elementor-widget-text-editor.elementor-drop-cap-view-stacked .elementor-drop-cap{background-color:#69727d;color:#fff}.elementor-widget-text-editor.elementor-drop-cap-view-framed .elementor-drop-cap{color:#69727d;border:3px solid;background-color:transparent}.elementor-widget-text-editor:not(.elementor-drop-cap-view-default) .elementor-drop-cap{margin-top:8px}.elementor-widget-text-editor:not(.elementor-drop-cap-view-default) .elementor-drop-cap-letter{width:1em;height:1em}.elementor-widget-text-editor .elementor-drop-cap{float:left;text-align:center;line-height:1;font-size:50px}.elementor-widget-text-editor .elementor-drop-cap-letter{display:inline-block}<\/style>\t\t\t\t<h4><i>Offre expirant le 18-09-2023<\/i><\/h4><p>Localit\u00e9 : Burkina Faso \/ Ouagadougou<br \/>Domaine :\u00a0Marketing \/ commercial<br \/>Niveau :\u00a0BEPC<br \/>Entreprise recruteur :\u00a0Cabinet Leader Presta International<\/p><h4>Poste \u00e0 pourvoir Agents commerciaux<br \/>Nombre de poste 30<br \/>Lieu d&#8217;affectation Ouagadougou<br \/>Structure recruteur Le Cabinet Leader Presta International<br \/>Structure B\u00e9n\u00e9ficiaire Le Cabinet Leader Presta International<br \/>Secteur activit\u00e9 Immobilier, location et services aux entreprises<br \/>Dipl\u00f4me ou niveau BEPC<br \/>Option du dipl\u00f4me<br \/>Exp\u00e9riences NP<br \/>Capacit\u00e9s li\u00e9es \u00e0 l&#8217;emploi voir la suite des conditions dans le journal l&#8217;Observateur Paalga du 08\/09\/2023<br \/>Connaissance en informatique NP<br \/>Condition d&#8217;\u00e2ge 18-35 ans<br \/>Composition du dossier Une demande manuscrite adress\u00e9e au Directeur G\u00e9n\u00e9ral du Cabinet Leader Presta International\/une lettre de motivation\/un CV \u00e0 jour dat\u00e9 et sign\u00e9\/une photocopie l\u00e9galis\u00e9e de la CNIB\/les copies des dipl\u00f4mes,attestations et certificats de travail<br \/>Date limite de dep\u00f4t des dossiers 18\/09\/2023<br \/>Procedure de recrutement Pr\u00e9s\u00e9lection sur dossier\/autres<br \/>Dur\u00e9e du contrat NP<br \/>Source de l&#8217;offre Journal l&#8217;Observateur Paalga du 08\/09\/2023<\/h4>\t\t\t\t\t\t<\/div>\n\t\t\t\t<\/div>\n\t\t\t\t\t<\/div>\n\t\t<\/div>\n\t\t\t\t\t\t\t<\/div>\n\t\t<\/section>\n\t\t\t\t\t\t\t<\/div>\n\t\t","protected":false},"excerpt":{"rendered":"<p>Recrutement de 30 Agents commerciaux Offre expirant le 18-09-2023 Localit\u00e9 : Burkina Faso \/ OuagadougouDomaine :\u00a0Marketing \/ commercialNiveau :\u00a0BEPCEntreprise recruteur :\u00a0Cabinet Leader Presta International Poste \u00e0 pourvoir Agents commerciauxNombre de poste 30Lieu d&#8217;affectation OuagadougouStructure recruteur Le Cabinet Leader Presta InternationalStructure B\u00e9n\u00e9ficiaire Le Cabinet Leader Presta InternationalSecteur activit\u00e9 Immobilier, location et services aux entreprisesDipl\u00f4me ou niveau&hellip;<\/p>\n","protected":false},"author":1,"featured_media":0,"parent":0,"menu_order":0,"comment_status":"closed","ping_status":"closed","template":"","meta":[],"_links":{"self":[{"href":"https:\/\/job.amd-veille.com\/index.php\/wp-json\/wp\/v2\/pages\/4333"}],"collection":[{"href":"https:\/\/job.amd-veille.com\/index.php\/wp-json\/wp\/v2\/pages"}],"about":[{"href":"https:\/\/job.amd-veille.com\/index.php\/wp-json\/wp\/v2\/types\/page"}],"author":[{"embeddable":true,"href":"https:\/\/job.amd-veille.com\/index.php\/wp-json\/wp\/v2\/users\/1"}],"replies":[{"embeddable":true,"href":"https:\/\/job.amd-veille.com\/index.php\/wp-json\/wp\/v2\/comments?post=4333"}],"version-history":[{"count":5,"href":"https:\/\/job.amd-veille.com\/index.php\/wp-json\/wp\/v2\/pages\/4333\/revisions"}],"predecessor-version":[{"id":4338,"href":"https:\/\/job.amd-veille.com\/index.php\/wp-json\/wp\/v2\/pages\/4333\/revisions\/4338"}],"wp:attachment":[{"href":"https:\/\/job.amd-veille.com\/index.php\/wp-json\/wp\/v2\/media?parent=4333"}],"curies":[{"name":"wp","href":"https:\/\/api.w.org\/{rel}","templated":true}]}}