{"id":4369,"date":"2023-09-15T09:20:54","date_gmt":"2023-09-15T09:20:54","guid":{"rendered":"https:\/\/job.amd-veille.com\/?page_id=4369"},"modified":"2023-09-15T09:24:37","modified_gmt":"2023-09-15T09:24:37","slug":"elementor-4369","status":"publish","type":"page","link":"https:\/\/job.amd-veille.com\/index.php\/elementor-4369\/","title":{"rendered":"Recrutement de 15 Agents de collecte"},"content":{"rendered":"\t\t<div data-elementor-type=\"wp-page\" data-elementor-id=\"4369\" class=\"elementor elementor-4369\">\n\t\t\t\t\t\t\t\t\t<section class=\"elementor-section elementor-top-section elementor-element elementor-element-4cccd80 elementor-section-boxed elementor-section-height-default elementor-section-height-default\" data-id=\"4cccd80\" data-element_type=\"section\">\n\t\t\t\t\t\t<div class=\"elementor-container elementor-column-gap-default\">\n\t\t\t\t\t<div class=\"elementor-column elementor-col-100 elementor-top-column elementor-element elementor-element-fc03b39\" data-id=\"fc03b39\" data-element_type=\"column\">\n\t\t\t<div class=\"elementor-widget-wrap elementor-element-populated\">\n\t\t\t\t\t\t\t\t<div class=\"elementor-element elementor-element-f45cd45 elementor-widget elementor-widget-heading\" data-id=\"f45cd45\" data-element_type=\"widget\" data-widget_type=\"heading.default\">\n\t\t\t\t<div class=\"elementor-widget-container\">\n\t\t\t<style>\/*! elementor - v3.14.0 - 26-06-2023 *\/\n.elementor-heading-title{padding:0;margin:0;line-height:1}.elementor-widget-heading .elementor-heading-title[class*=elementor-size-]>a{color:inherit;font-size:inherit;line-height:inherit}.elementor-widget-heading .elementor-heading-title.elementor-size-small{font-size:15px}.elementor-widget-heading .elementor-heading-title.elementor-size-medium{font-size:19px}.elementor-widget-heading .elementor-heading-title.elementor-size-large{font-size:29px}.elementor-widget-heading .elementor-heading-title.elementor-size-xl{font-size:39px}.elementor-widget-heading .elementor-heading-title.elementor-size-xxl{font-size:59px}<\/style><h2 class=\"elementor-heading-title elementor-size-default\">Recrutement de 15 Agents de collecte<\/h2>\t\t<\/div>\n\t\t\t\t<\/div>\n\t\t\t\t\t<\/div>\n\t\t<\/div>\n\t\t\t\t\t\t\t<\/div>\n\t\t<\/section>\n\t\t\t\t<section class=\"elementor-section elementor-top-section elementor-element elementor-element-1dfd9e9 elementor-section-boxed elementor-section-height-default elementor-section-height-default\" data-id=\"1dfd9e9\" data-element_type=\"section\">\n\t\t\t\t\t\t<div class=\"elementor-container elementor-column-gap-default\">\n\t\t\t\t\t<div class=\"elementor-column elementor-col-100 elementor-top-column elementor-element elementor-element-e7955cb\" data-id=\"e7955cb\" data-element_type=\"column\">\n\t\t\t<div class=\"elementor-widget-wrap elementor-element-populated\">\n\t\t\t\t\t\t\t\t<div class=\"elementor-element elementor-element-bcbf4b6 elementor-widget elementor-widget-text-editor\" data-id=\"bcbf4b6\" data-element_type=\"widget\" data-widget_type=\"text-editor.default\">\n\t\t\t\t<div class=\"elementor-widget-container\">\n\t\t\t<style>\/*! elementor - v3.14.0 - 26-06-2023 *\/\n.elementor-widget-text-editor.elementor-drop-cap-view-stacked .elementor-drop-cap{background-color:#69727d;color:#fff}.elementor-widget-text-editor.elementor-drop-cap-view-framed .elementor-drop-cap{color:#69727d;border:3px solid;background-color:transparent}.elementor-widget-text-editor:not(.elementor-drop-cap-view-default) .elementor-drop-cap{margin-top:8px}.elementor-widget-text-editor:not(.elementor-drop-cap-view-default) .elementor-drop-cap-letter{width:1em;height:1em}.elementor-widget-text-editor .elementor-drop-cap{float:left;text-align:center;line-height:1;font-size:50px}.elementor-widget-text-editor .elementor-drop-cap-letter{display:inline-block}<\/style>\t\t\t\t<h4><i>Offre expirant le 18-09-2023<\/i><\/h4><p>Localit\u00e9 : Burkina Faso \/ Ouagadougou<br \/>Domaine :\u00a0Statistique<br \/>Niveau :\u00a0BAC<br \/>Entreprise recruteur :\u00a0TREE AID<\/p><h4>Poste \u00e0 pourvoir Agents de collecte<br \/>Nombre de poste 15<br \/>Lieu d&#8217;affectation R\u00e9gions du Nord, de l&#8217;Est, du Centre Sud et du Ce<br \/>Structure recruteur TREE AID<br \/>Structure B\u00e9n\u00e9ficiaire Une Enqu\u00eate RHoMis<br \/>Secteur activit\u00e9 Activit\u00e9s services collectifs ou personnels<br \/>Dipl\u00f4me ou niveau BAC<br \/>Option du dipl\u00f4me<br \/>Exp\u00e9riences 3 ans<br \/>Capacit\u00e9s li\u00e9es \u00e0 l&#8217;emploi Voir la suite des conditions dans le journal SIDWAYA du 14\/09\/2023<br \/>Connaissance en informatique NP<br \/>Condition d&#8217;\u00e2ge NP<br \/><br \/>Date limite de dep\u00f4t des dossiers 18\/09\/2023<br \/>Procedure de recrutement Pr\u00e9s\u00e9lection sur dossier\/autres<br \/>Dur\u00e9e du contrat CDD<br \/><br \/>Source de l&#8217;offre Journal SIDWAYA du 14\/09\/2023<\/h4>\t\t\t\t\t\t<\/div>\n\t\t\t\t<\/div>\n\t\t\t\t\t<\/div>\n\t\t<\/div>\n\t\t\t\t\t\t\t<\/div>\n\t\t<\/section>\n\t\t\t\t\t\t\t<\/div>\n\t\t","protected":false},"excerpt":{"rendered":"<p>Recrutement de 15 Agents de collecte Offre expirant le 18-09-2023 Localit\u00e9 : Burkina Faso \/ OuagadougouDomaine :\u00a0StatistiqueNiveau :\u00a0BACEntreprise recruteur :\u00a0TREE AID Poste \u00e0 pourvoir Agents de collecteNombre de poste 15Lieu d&#8217;affectation R\u00e9gions du Nord, de l&#8217;Est, du Centre Sud et du CeStructure recruteur TREE AIDStructure B\u00e9n\u00e9ficiaire Une Enqu\u00eate RHoMisSecteur activit\u00e9 Activit\u00e9s services collectifs ou personnelsDipl\u00f4me&hellip;<\/p>\n","protected":false},"author":1,"featured_media":0,"parent":0,"menu_order":0,"comment_status":"closed","ping_status":"closed","template":"","meta":[],"_links":{"self":[{"href":"https:\/\/job.amd-veille.com\/index.php\/wp-json\/wp\/v2\/pages\/4369"}],"collection":[{"href":"https:\/\/job.amd-veille.com\/index.php\/wp-json\/wp\/v2\/pages"}],"about":[{"href":"https:\/\/job.amd-veille.com\/index.php\/wp-json\/wp\/v2\/types\/page"}],"author":[{"embeddable":true,"href":"https:\/\/job.amd-veille.com\/index.php\/wp-json\/wp\/v2\/users\/1"}],"replies":[{"embeddable":true,"href":"https:\/\/job.amd-veille.com\/index.php\/wp-json\/wp\/v2\/comments?post=4369"}],"version-history":[{"count":5,"href":"https:\/\/job.amd-veille.com\/index.php\/wp-json\/wp\/v2\/pages\/4369\/revisions"}],"predecessor-version":[{"id":4374,"href":"https:\/\/job.amd-veille.com\/index.php\/wp-json\/wp\/v2\/pages\/4369\/revisions\/4374"}],"wp:attachment":[{"href":"https:\/\/job.amd-veille.com\/index.php\/wp-json\/wp\/v2\/media?parent=4369"}],"curies":[{"name":"wp","href":"https:\/\/api.w.org\/{rel}","templated":true}]}}