{"id":4385,"date":"2023-09-18T09:24:05","date_gmt":"2023-09-18T09:24:05","guid":{"rendered":"https:\/\/job.amd-veille.com\/?page_id=4385"},"modified":"2023-09-18T09:27:17","modified_gmt":"2023-09-18T09:27:17","slug":"elementor-4385","status":"publish","type":"page","link":"https:\/\/job.amd-veille.com\/index.php\/elementor-4385\/","title":{"rendered":"Recrutement de 01 Responsable des Ressources Humaines"},"content":{"rendered":"\t\t<div data-elementor-type=\"wp-page\" data-elementor-id=\"4385\" class=\"elementor elementor-4385\">\n\t\t\t\t\t\t\t\t\t<section class=\"elementor-section elementor-top-section elementor-element elementor-element-ed41ad6 elementor-section-boxed elementor-section-height-default elementor-section-height-default\" data-id=\"ed41ad6\" data-element_type=\"section\">\n\t\t\t\t\t\t<div class=\"elementor-container elementor-column-gap-default\">\n\t\t\t\t\t<div class=\"elementor-column elementor-col-100 elementor-top-column elementor-element elementor-element-796060e\" data-id=\"796060e\" data-element_type=\"column\">\n\t\t\t<div class=\"elementor-widget-wrap elementor-element-populated\">\n\t\t\t\t\t\t\t\t<div class=\"elementor-element elementor-element-c80195f elementor-widget elementor-widget-heading\" data-id=\"c80195f\" data-element_type=\"widget\" data-widget_type=\"heading.default\">\n\t\t\t\t<div class=\"elementor-widget-container\">\n\t\t\t<style>\/*! elementor - v3.14.0 - 26-06-2023 *\/\n.elementor-heading-title{padding:0;margin:0;line-height:1}.elementor-widget-heading .elementor-heading-title[class*=elementor-size-]>a{color:inherit;font-size:inherit;line-height:inherit}.elementor-widget-heading .elementor-heading-title.elementor-size-small{font-size:15px}.elementor-widget-heading .elementor-heading-title.elementor-size-medium{font-size:19px}.elementor-widget-heading .elementor-heading-title.elementor-size-large{font-size:29px}.elementor-widget-heading .elementor-heading-title.elementor-size-xl{font-size:39px}.elementor-widget-heading .elementor-heading-title.elementor-size-xxl{font-size:59px}<\/style><h2 class=\"elementor-heading-title elementor-size-default\">Recrutement de 01 Responsable des Ressources Humaines<\/h2>\t\t<\/div>\n\t\t\t\t<\/div>\n\t\t\t\t\t<\/div>\n\t\t<\/div>\n\t\t\t\t\t\t\t<\/div>\n\t\t<\/section>\n\t\t\t\t<section class=\"elementor-section elementor-top-section elementor-element elementor-element-fd0f67e elementor-section-boxed elementor-section-height-default elementor-section-height-default\" data-id=\"fd0f67e\" data-element_type=\"section\">\n\t\t\t\t\t\t<div class=\"elementor-container elementor-column-gap-default\">\n\t\t\t\t\t<div class=\"elementor-column elementor-col-100 elementor-top-column elementor-element elementor-element-2554ea3\" data-id=\"2554ea3\" data-element_type=\"column\">\n\t\t\t<div class=\"elementor-widget-wrap elementor-element-populated\">\n\t\t\t\t\t\t\t\t<div class=\"elementor-element elementor-element-0276a38 elementor-widget elementor-widget-text-editor\" data-id=\"0276a38\" data-element_type=\"widget\" data-widget_type=\"text-editor.default\">\n\t\t\t\t<div class=\"elementor-widget-container\">\n\t\t\t<style>\/*! elementor - v3.14.0 - 26-06-2023 *\/\n.elementor-widget-text-editor.elementor-drop-cap-view-stacked .elementor-drop-cap{background-color:#69727d;color:#fff}.elementor-widget-text-editor.elementor-drop-cap-view-framed .elementor-drop-cap{color:#69727d;border:3px solid;background-color:transparent}.elementor-widget-text-editor:not(.elementor-drop-cap-view-default) .elementor-drop-cap{margin-top:8px}.elementor-widget-text-editor:not(.elementor-drop-cap-view-default) .elementor-drop-cap-letter{width:1em;height:1em}.elementor-widget-text-editor .elementor-drop-cap{float:left;text-align:center;line-height:1;font-size:50px}.elementor-widget-text-editor .elementor-drop-cap-letter{display:inline-block}<\/style>\t\t\t\t<h4><i>Offre expirant le 22-09-2023<\/i><\/h4><p>Localit\u00e9 : Burkina Faso \/ Ouagadougou<br \/>Domaine :\u00a0Ressource humaine<br \/>Niveau :\u00a0BAC + 4<br \/>Entreprise recruteur :\u00a0Atlantic Microfinance for Africa BF<\/p><h4>Poste \u00e0 pourvoir Responsable des Ressources Humaines<br \/>Nombre de poste 01<br \/>Lieu d&#8217;affectation Ouagadougou<br \/>Structure recruteur ATLANTIQUE MICROFINANCE FOR AFRICA<br \/>Structure B\u00e9n\u00e9ficiaire Atlantique Microfinance For Afirca Burkina Faso<br \/>Secteur activit\u00e9 Activit\u00e9s financi\u00e8res<br \/>Dipl\u00f4me ou niveau BAC+4\/5<br \/>Option du dipl\u00f4me Gestion des ressources humaines,administration<br \/>Exp\u00e9riences 4 ans<br \/>Capacit\u00e9s li\u00e9es \u00e0 l&#8217;emploi voir la suite des conditions dans le journal l&#8217;Observateur Paalga du 15\/09\/2023<br \/>Connaissance en informatique Ma\u00eetrise des outils informatiques et logiciel RH<br \/>Condition d&#8217;\u00e2ge NP<br \/>Procedure de recrutement Pr\u00e9s\u00e9lection sur dossier\/suivi d&#8217;entretien<br \/>Dur\u00e9e du contrat NP<br \/>Autres conditions Email :\u00a0Recrutement.burkinafaso@amifa.co.ma<br \/>Source de l&#8217;offre Journal l&#8217;Observateur Paalga du 15\/09\/2023<\/h4>\t\t\t\t\t\t<\/div>\n\t\t\t\t<\/div>\n\t\t\t\t\t<\/div>\n\t\t<\/div>\n\t\t\t\t\t\t\t<\/div>\n\t\t<\/section>\n\t\t\t\t\t\t\t<\/div>\n\t\t","protected":false},"excerpt":{"rendered":"<p>Recrutement de 01 Responsable des Ressources Humaines Offre expirant le 22-09-2023 Localit\u00e9 : Burkina Faso \/ OuagadougouDomaine :\u00a0Ressource humaineNiveau :\u00a0BAC + 4Entreprise recruteur :\u00a0Atlantic Microfinance for Africa BF Poste \u00e0 pourvoir Responsable des Ressources HumainesNombre de poste 01Lieu d&#8217;affectation OuagadougouStructure recruteur ATLANTIQUE MICROFINANCE FOR AFRICAStructure B\u00e9n\u00e9ficiaire Atlantique Microfinance For Afirca Burkina FasoSecteur activit\u00e9 Activit\u00e9s financi\u00e8resDipl\u00f4me&hellip;<\/p>\n","protected":false},"author":1,"featured_media":0,"parent":0,"menu_order":0,"comment_status":"closed","ping_status":"closed","template":"","meta":[],"_links":{"self":[{"href":"https:\/\/job.amd-veille.com\/index.php\/wp-json\/wp\/v2\/pages\/4385"}],"collection":[{"href":"https:\/\/job.amd-veille.com\/index.php\/wp-json\/wp\/v2\/pages"}],"about":[{"href":"https:\/\/job.amd-veille.com\/index.php\/wp-json\/wp\/v2\/types\/page"}],"author":[{"embeddable":true,"href":"https:\/\/job.amd-veille.com\/index.php\/wp-json\/wp\/v2\/users\/1"}],"replies":[{"embeddable":true,"href":"https:\/\/job.amd-veille.com\/index.php\/wp-json\/wp\/v2\/comments?post=4385"}],"version-history":[{"count":5,"href":"https:\/\/job.amd-veille.com\/index.php\/wp-json\/wp\/v2\/pages\/4385\/revisions"}],"predecessor-version":[{"id":4390,"href":"https:\/\/job.amd-veille.com\/index.php\/wp-json\/wp\/v2\/pages\/4385\/revisions\/4390"}],"wp:attachment":[{"href":"https:\/\/job.amd-veille.com\/index.php\/wp-json\/wp\/v2\/media?parent=4385"}],"curies":[{"name":"wp","href":"https:\/\/api.w.org\/{rel}","templated":true}]}}