{"id":4462,"date":"2023-09-20T11:19:24","date_gmt":"2023-09-20T11:19:24","guid":{"rendered":"https:\/\/job.amd-veille.com\/?page_id=4462"},"modified":"2023-09-20T11:24:14","modified_gmt":"2023-09-20T11:24:14","slug":"elementor-4462","status":"publish","type":"page","link":"https:\/\/job.amd-veille.com\/index.php\/elementor-4462\/","title":{"rendered":"Recrutement de 35 filles commerciales"},"content":{"rendered":"\t\t<div data-elementor-type=\"wp-page\" data-elementor-id=\"4462\" class=\"elementor elementor-4462\">\n\t\t\t\t\t\t\t\t\t<section class=\"elementor-section elementor-top-section elementor-element elementor-element-189a22d elementor-section-boxed elementor-section-height-default elementor-section-height-default\" data-id=\"189a22d\" data-element_type=\"section\">\n\t\t\t\t\t\t<div class=\"elementor-container elementor-column-gap-default\">\n\t\t\t\t\t<div class=\"elementor-column elementor-col-100 elementor-top-column elementor-element elementor-element-d6989fa\" data-id=\"d6989fa\" data-element_type=\"column\">\n\t\t\t<div class=\"elementor-widget-wrap elementor-element-populated\">\n\t\t\t\t\t\t\t\t<div class=\"elementor-element elementor-element-7ce4744 elementor-widget elementor-widget-heading\" data-id=\"7ce4744\" data-element_type=\"widget\" data-widget_type=\"heading.default\">\n\t\t\t\t<div class=\"elementor-widget-container\">\n\t\t\t<style>\/*! elementor - v3.14.0 - 26-06-2023 *\/\n.elementor-heading-title{padding:0;margin:0;line-height:1}.elementor-widget-heading .elementor-heading-title[class*=elementor-size-]>a{color:inherit;font-size:inherit;line-height:inherit}.elementor-widget-heading .elementor-heading-title.elementor-size-small{font-size:15px}.elementor-widget-heading .elementor-heading-title.elementor-size-medium{font-size:19px}.elementor-widget-heading .elementor-heading-title.elementor-size-large{font-size:29px}.elementor-widget-heading .elementor-heading-title.elementor-size-xl{font-size:39px}.elementor-widget-heading .elementor-heading-title.elementor-size-xxl{font-size:59px}<\/style><h2 class=\"elementor-heading-title elementor-size-default\">Recrutement de 35 filles commerciales<\/h2>\t\t<\/div>\n\t\t\t\t<\/div>\n\t\t\t\t\t<\/div>\n\t\t<\/div>\n\t\t\t\t\t\t\t<\/div>\n\t\t<\/section>\n\t\t\t\t<section class=\"elementor-section elementor-top-section elementor-element elementor-element-9adac4a elementor-section-boxed elementor-section-height-default elementor-section-height-default\" data-id=\"9adac4a\" data-element_type=\"section\">\n\t\t\t\t\t\t<div class=\"elementor-container elementor-column-gap-default\">\n\t\t\t\t\t<div class=\"elementor-column elementor-col-100 elementor-top-column elementor-element elementor-element-e419a1e\" data-id=\"e419a1e\" data-element_type=\"column\">\n\t\t\t<div class=\"elementor-widget-wrap elementor-element-populated\">\n\t\t\t\t\t\t\t\t<div class=\"elementor-element elementor-element-ade9734 elementor-widget elementor-widget-text-editor\" data-id=\"ade9734\" data-element_type=\"widget\" data-widget_type=\"text-editor.default\">\n\t\t\t\t<div class=\"elementor-widget-container\">\n\t\t\t<style>\/*! elementor - v3.14.0 - 26-06-2023 *\/\n.elementor-widget-text-editor.elementor-drop-cap-view-stacked .elementor-drop-cap{background-color:#69727d;color:#fff}.elementor-widget-text-editor.elementor-drop-cap-view-framed .elementor-drop-cap{color:#69727d;border:3px solid;background-color:transparent}.elementor-widget-text-editor:not(.elementor-drop-cap-view-default) .elementor-drop-cap{margin-top:8px}.elementor-widget-text-editor:not(.elementor-drop-cap-view-default) .elementor-drop-cap-letter{width:1em;height:1em}.elementor-widget-text-editor .elementor-drop-cap{float:left;text-align:center;line-height:1;font-size:50px}.elementor-widget-text-editor .elementor-drop-cap-letter{display:inline-block}<\/style>\t\t\t\t<p>Localit\u00e9 : Burkina Faso \/ Ouagadougou<\/p><h4><br \/>Nous recherchons activement 35 jeunes femmes dynamiques pour promouvoir une nouvelle marque de t\u00e9l\u00e9phones simples. Vous aurez l&#8217;opportunit\u00e9 de gagner 12 000 francs CFA par semaine, soit 2 000 francs CFA par jour, que vous vendiez ou non. De plus, il y a des primes d&#8217;encouragement chaque semaine. Vous n&#8217;\u00eates pas tenues de travailler les samedis.<\/h4><h4>Nous recherchons des candidates \u00e0 Ouagadougou, Bobo Dioulasso, Pouytenga, Koudougou, Tenkodogo, et Po, dans les diff\u00e9rentes provinces du Burkina Faso. Si vous \u00eates int\u00e9ress\u00e9es, n&#8217;h\u00e9sitez pas \u00e0 partager cette opportunit\u00e9 avec vos amies. Veuillez pr\u00e9ciser le nom de votre quartier ou de votre ville.<\/h4><h4>Pour plus d&#8217;informations, contactez-nous aux num\u00e9ros suivants :<\/h4><h4>Appel A : 74152194<br \/>Appel B : 75859441<br \/>WhatsApp uniquement : 71177138<br \/>WhatsApp uniquement B : 77 87 46 50<\/h4>\t\t\t\t\t\t<\/div>\n\t\t\t\t<\/div>\n\t\t\t\t\t<\/div>\n\t\t<\/div>\n\t\t\t\t\t\t\t<\/div>\n\t\t<\/section>\n\t\t\t\t\t\t\t<\/div>\n\t\t","protected":false},"excerpt":{"rendered":"<p>Recrutement de 35 filles commerciales Localit\u00e9 : Burkina Faso \/ Ouagadougou Nous recherchons activement 35 jeunes femmes dynamiques pour promouvoir une nouvelle marque de t\u00e9l\u00e9phones simples. Vous aurez l&#8217;opportunit\u00e9 de gagner 12 000 francs CFA par semaine, soit 2 000 francs CFA par jour, que vous vendiez ou non. De plus, il y a des&hellip;<\/p>\n","protected":false},"author":1,"featured_media":0,"parent":0,"menu_order":0,"comment_status":"closed","ping_status":"closed","template":"","meta":[],"_links":{"self":[{"href":"https:\/\/job.amd-veille.com\/index.php\/wp-json\/wp\/v2\/pages\/4462"}],"collection":[{"href":"https:\/\/job.amd-veille.com\/index.php\/wp-json\/wp\/v2\/pages"}],"about":[{"href":"https:\/\/job.amd-veille.com\/index.php\/wp-json\/wp\/v2\/types\/page"}],"author":[{"embeddable":true,"href":"https:\/\/job.amd-veille.com\/index.php\/wp-json\/wp\/v2\/users\/1"}],"replies":[{"embeddable":true,"href":"https:\/\/job.amd-veille.com\/index.php\/wp-json\/wp\/v2\/comments?post=4462"}],"version-history":[{"count":5,"href":"https:\/\/job.amd-veille.com\/index.php\/wp-json\/wp\/v2\/pages\/4462\/revisions"}],"predecessor-version":[{"id":4467,"href":"https:\/\/job.amd-veille.com\/index.php\/wp-json\/wp\/v2\/pages\/4462\/revisions\/4467"}],"wp:attachment":[{"href":"https:\/\/job.amd-veille.com\/index.php\/wp-json\/wp\/v2\/media?parent=4462"}],"curies":[{"name":"wp","href":"https:\/\/api.w.org\/{rel}","templated":true}]}}