{"id":4498,"date":"2023-09-21T10:37:22","date_gmt":"2023-09-21T10:37:22","guid":{"rendered":"https:\/\/job.amd-veille.com\/?page_id=4498"},"modified":"2023-09-21T10:40:06","modified_gmt":"2023-09-21T10:40:06","slug":"elementor-4498","status":"publish","type":"page","link":"https:\/\/job.amd-veille.com\/index.php\/elementor-4498\/","title":{"rendered":"Recrutement de Commerciaux pour un nouveau produit"},"content":{"rendered":"\t\t<div data-elementor-type=\"wp-page\" data-elementor-id=\"4498\" class=\"elementor elementor-4498\">\n\t\t\t\t\t\t\t\t\t<section class=\"elementor-section elementor-top-section elementor-element elementor-element-efed01d elementor-section-boxed elementor-section-height-default elementor-section-height-default\" data-id=\"efed01d\" data-element_type=\"section\">\n\t\t\t\t\t\t<div class=\"elementor-container elementor-column-gap-default\">\n\t\t\t\t\t<div class=\"elementor-column elementor-col-100 elementor-top-column elementor-element elementor-element-bbca9c8\" data-id=\"bbca9c8\" data-element_type=\"column\">\n\t\t\t<div class=\"elementor-widget-wrap elementor-element-populated\">\n\t\t\t\t\t\t\t\t<div class=\"elementor-element elementor-element-ff72a21 elementor-widget elementor-widget-heading\" data-id=\"ff72a21\" data-element_type=\"widget\" data-widget_type=\"heading.default\">\n\t\t\t\t<div class=\"elementor-widget-container\">\n\t\t\t<style>\/*! elementor - v3.14.0 - 26-06-2023 *\/\n.elementor-heading-title{padding:0;margin:0;line-height:1}.elementor-widget-heading .elementor-heading-title[class*=elementor-size-]>a{color:inherit;font-size:inherit;line-height:inherit}.elementor-widget-heading .elementor-heading-title.elementor-size-small{font-size:15px}.elementor-widget-heading .elementor-heading-title.elementor-size-medium{font-size:19px}.elementor-widget-heading .elementor-heading-title.elementor-size-large{font-size:29px}.elementor-widget-heading .elementor-heading-title.elementor-size-xl{font-size:39px}.elementor-widget-heading .elementor-heading-title.elementor-size-xxl{font-size:59px}<\/style><h2 class=\"elementor-heading-title elementor-size-default\">Recrutement de Commerciaux pour un nouveau produit<\/h2>\t\t<\/div>\n\t\t\t\t<\/div>\n\t\t\t\t\t<\/div>\n\t\t<\/div>\n\t\t\t\t\t\t\t<\/div>\n\t\t<\/section>\n\t\t\t\t<section class=\"elementor-section elementor-top-section elementor-element elementor-element-4b83330 elementor-section-boxed elementor-section-height-default elementor-section-height-default\" data-id=\"4b83330\" data-element_type=\"section\">\n\t\t\t\t\t\t<div class=\"elementor-container elementor-column-gap-default\">\n\t\t\t\t\t<div class=\"elementor-column elementor-col-100 elementor-top-column elementor-element elementor-element-3ccd388\" data-id=\"3ccd388\" data-element_type=\"column\">\n\t\t\t<div class=\"elementor-widget-wrap elementor-element-populated\">\n\t\t\t\t\t\t\t\t<div class=\"elementor-element elementor-element-5050982 elementor-widget elementor-widget-text-editor\" data-id=\"5050982\" data-element_type=\"widget\" data-widget_type=\"text-editor.default\">\n\t\t\t\t<div class=\"elementor-widget-container\">\n\t\t\t<style>\/*! elementor - v3.14.0 - 26-06-2023 *\/\n.elementor-widget-text-editor.elementor-drop-cap-view-stacked .elementor-drop-cap{background-color:#69727d;color:#fff}.elementor-widget-text-editor.elementor-drop-cap-view-framed .elementor-drop-cap{color:#69727d;border:3px solid;background-color:transparent}.elementor-widget-text-editor:not(.elementor-drop-cap-view-default) .elementor-drop-cap{margin-top:8px}.elementor-widget-text-editor:not(.elementor-drop-cap-view-default) .elementor-drop-cap-letter{width:1em;height:1em}.elementor-widget-text-editor .elementor-drop-cap{float:left;text-align:center;line-height:1;font-size:50px}.elementor-widget-text-editor .elementor-drop-cap-letter{display:inline-block}<\/style>\t\t\t\t<p>Entreprise recruteur : SOCOA<\/p><h3>Condition de participation<br \/>&#8211; Etre \u00e2g\u00e9 de 18 \u00e0 35 ans;<br \/>&#8211; Etre titulaire du BEPC au moins ou justifier\u00a0du\u00a0niveau\u00a0de\u00a0la classe de troisi\u00e8me;<br \/>&#8211; Disposer d&#8217;un moyen de d\u00e9placement;<br \/>-Etre imm\u00e9diatement disponible.<\/h3><h3>Composition du dossier<br \/>&#8211; Une photocopie du dipl\u00f4me ou de l&#8217;attestation<br \/>&#8211; Une photocopie de la CNIB<br \/>&#8211; Une demande manuscrit adress\u00e9e au g\u00e9rant de la SOCOA<br \/>Profil recherch\u00e9<br \/>&#8211; Etre dynamique:<br \/>-Avoir un esprit de conqu\u00eate;<br \/>-Avoir un go\u00fbt certain pour les challenges\u00a0et\u00a0le\u00a0terrain.<\/h3><h3>Ouagadougou <br \/>nombre 66 <br \/>contact :79 68 29 35 \/ 70 06 03 73<\/h3><h3>Bobo-Dioulasso <br \/>nombre 44<br \/>contact : 56 69 02 60<\/h3><h3>Koudougou <br \/>nombre 22<br \/>Contact : 72 29 73 08<\/h3><h3>Tenkodogo <br \/>nombre 11<br \/>Contact: 62 73 60 58<\/h3><h3>Quahigouya<br \/>nombre 22<br \/>Contact:74 50 63 88<\/h3><h3>Gaoua <br \/>nombre 11<br \/>Contact: 62 73 60 58<\/h3><h3>D\u00e9dougou <br \/>nombre 11<br \/>Contact: 75 20 71 60<\/h3>\t\t\t\t\t\t<\/div>\n\t\t\t\t<\/div>\n\t\t\t\t\t<\/div>\n\t\t<\/div>\n\t\t\t\t\t\t\t<\/div>\n\t\t<\/section>\n\t\t\t\t\t\t\t<\/div>\n\t\t","protected":false},"excerpt":{"rendered":"<p>Recrutement de Commerciaux pour un nouveau produit Entreprise recruteur : SOCOA Condition de participation&#8211; Etre \u00e2g\u00e9 de 18 \u00e0 35 ans;&#8211; Etre titulaire du BEPC au moins ou justifier\u00a0du\u00a0niveau\u00a0de\u00a0la classe de troisi\u00e8me;&#8211; Disposer d&#8217;un moyen de d\u00e9placement;-Etre imm\u00e9diatement disponible. Composition du dossier&#8211; Une photocopie du dipl\u00f4me ou de l&#8217;attestation&#8211; Une photocopie de la CNIB&#8211; Une&hellip;<\/p>\n","protected":false},"author":1,"featured_media":0,"parent":0,"menu_order":0,"comment_status":"closed","ping_status":"closed","template":"","meta":[],"_links":{"self":[{"href":"https:\/\/job.amd-veille.com\/index.php\/wp-json\/wp\/v2\/pages\/4498"}],"collection":[{"href":"https:\/\/job.amd-veille.com\/index.php\/wp-json\/wp\/v2\/pages"}],"about":[{"href":"https:\/\/job.amd-veille.com\/index.php\/wp-json\/wp\/v2\/types\/page"}],"author":[{"embeddable":true,"href":"https:\/\/job.amd-veille.com\/index.php\/wp-json\/wp\/v2\/users\/1"}],"replies":[{"embeddable":true,"href":"https:\/\/job.amd-veille.com\/index.php\/wp-json\/wp\/v2\/comments?post=4498"}],"version-history":[{"count":5,"href":"https:\/\/job.amd-veille.com\/index.php\/wp-json\/wp\/v2\/pages\/4498\/revisions"}],"predecessor-version":[{"id":4503,"href":"https:\/\/job.amd-veille.com\/index.php\/wp-json\/wp\/v2\/pages\/4498\/revisions\/4503"}],"wp:attachment":[{"href":"https:\/\/job.amd-veille.com\/index.php\/wp-json\/wp\/v2\/media?parent=4498"}],"curies":[{"name":"wp","href":"https:\/\/api.w.org\/{rel}","templated":true}]}}