{"id":4504,"date":"2023-09-21T13:46:35","date_gmt":"2023-09-21T13:46:35","guid":{"rendered":"https:\/\/job.amd-veille.com\/?page_id=4504"},"modified":"2023-09-21T13:48:13","modified_gmt":"2023-09-21T13:48:13","slug":"elementor-4504","status":"publish","type":"page","link":"https:\/\/job.amd-veille.com\/index.php\/elementor-4504\/","title":{"rendered":"Recrutement de 01 Agent de liaison"},"content":{"rendered":"\t\t<div data-elementor-type=\"wp-page\" data-elementor-id=\"4504\" class=\"elementor elementor-4504\">\n\t\t\t\t\t\t\t\t\t<section class=\"elementor-section elementor-top-section elementor-element elementor-element-12e0e3e elementor-section-boxed elementor-section-height-default elementor-section-height-default\" data-id=\"12e0e3e\" data-element_type=\"section\">\n\t\t\t\t\t\t<div class=\"elementor-container elementor-column-gap-default\">\n\t\t\t\t\t<div class=\"elementor-column elementor-col-100 elementor-top-column elementor-element elementor-element-d20a785\" data-id=\"d20a785\" data-element_type=\"column\">\n\t\t\t<div class=\"elementor-widget-wrap elementor-element-populated\">\n\t\t\t\t\t\t\t\t<div class=\"elementor-element elementor-element-63518d3 elementor-widget elementor-widget-heading\" data-id=\"63518d3\" data-element_type=\"widget\" data-widget_type=\"heading.default\">\n\t\t\t\t<div class=\"elementor-widget-container\">\n\t\t\t<style>\/*! elementor - v3.14.0 - 26-06-2023 *\/\n.elementor-heading-title{padding:0;margin:0;line-height:1}.elementor-widget-heading .elementor-heading-title[class*=elementor-size-]>a{color:inherit;font-size:inherit;line-height:inherit}.elementor-widget-heading .elementor-heading-title.elementor-size-small{font-size:15px}.elementor-widget-heading .elementor-heading-title.elementor-size-medium{font-size:19px}.elementor-widget-heading .elementor-heading-title.elementor-size-large{font-size:29px}.elementor-widget-heading .elementor-heading-title.elementor-size-xl{font-size:39px}.elementor-widget-heading .elementor-heading-title.elementor-size-xxl{font-size:59px}<\/style><h2 class=\"elementor-heading-title elementor-size-default\">Recrutement de 01 Agent de liaison<\/h2>\t\t<\/div>\n\t\t\t\t<\/div>\n\t\t\t\t\t<\/div>\n\t\t<\/div>\n\t\t\t\t\t\t\t<\/div>\n\t\t<\/section>\n\t\t\t\t<section class=\"elementor-section elementor-top-section elementor-element elementor-element-9b0fea6 elementor-section-boxed elementor-section-height-default elementor-section-height-default\" data-id=\"9b0fea6\" data-element_type=\"section\">\n\t\t\t\t\t\t<div class=\"elementor-container elementor-column-gap-default\">\n\t\t\t\t\t<div class=\"elementor-column elementor-col-100 elementor-top-column elementor-element elementor-element-fe72315\" data-id=\"fe72315\" data-element_type=\"column\">\n\t\t\t<div class=\"elementor-widget-wrap elementor-element-populated\">\n\t\t\t\t\t\t\t\t<div class=\"elementor-element elementor-element-dc774d8 elementor-widget elementor-widget-text-editor\" data-id=\"dc774d8\" data-element_type=\"widget\" data-widget_type=\"text-editor.default\">\n\t\t\t\t<div class=\"elementor-widget-container\">\n\t\t\t<style>\/*! elementor - v3.14.0 - 26-06-2023 *\/\n.elementor-widget-text-editor.elementor-drop-cap-view-stacked .elementor-drop-cap{background-color:#69727d;color:#fff}.elementor-widget-text-editor.elementor-drop-cap-view-framed .elementor-drop-cap{color:#69727d;border:3px solid;background-color:transparent}.elementor-widget-text-editor:not(.elementor-drop-cap-view-default) .elementor-drop-cap{margin-top:8px}.elementor-widget-text-editor:not(.elementor-drop-cap-view-default) .elementor-drop-cap-letter{width:1em;height:1em}.elementor-widget-text-editor .elementor-drop-cap{float:left;text-align:center;line-height:1;font-size:50px}.elementor-widget-text-editor .elementor-drop-cap-letter{display:inline-block}<\/style>\t\t\t\t<h4><i>Offre expirant le 03-10-2023<\/i><\/h4><p>Localit\u00e9 : Burkina Faso \/ Ouagadougou<br \/>Domaine :\u00a0Agent de liaison<br \/>Niveau :\u00a0BEPC<br \/>Entreprise recruteur :\u00a0Cabinet FIDECI-Sarl<\/p><p>Adresse : 9G6F+2R8, Zone I,<br \/>T\u00e9l\u00e9phone : 25 37 04 69<\/p><h4>Poste \u00e0 pourvoir Agent de liaison<br \/>Nombre de poste 01<br \/>Lieu d\u2019affectation Ouagadougou<br \/>Structure recruteur Le Cabinet FIDECI-Sarl<br \/>Structure B\u00e9n\u00e9ficiaire Un Programme de d\u00e9veloppement du personnel<br \/>Secteur activit\u00e9 D\u00e9veloppement du personnel<br \/>Dipl\u00f4me ou niveau BEPC\/CAP<br \/>Option du dipl\u00f4me<br \/>Exp\u00e9riences 2 ans<br \/>Capacit\u00e9s li\u00e9es \u00e0 l\u2019emploi Voir la suite des conditions dans le journal SIDWAYA du 18\/09\/2023<br \/>Connaissance en informatique NP<br \/>Condition d\u2019\u00e2ge NP<br \/>Composition du dossier une demande manuscrite timbr\u00e9e \u00e0 200f cfa(timbre fiscal)adress\u00e9e \u00e0 Monsieur le Coordonnateur du Programme\/un CV d\u00e9taill\u00e9,dat\u00e9 et sign\u00e9\/une lettre de motivation de 2 pages maximum\/une photocopie l\u00e9galis\u00e9e des dipl\u00f4mes demand\u00e9s\/une photocopie l\u00e9galis\u00e9e des attestations ou certificats de travail \u00e0 un poste similaire\/une photocopie l\u00e9galis\u00e9e de l\u2019acte de naissance\/une photocopie l\u00e9galis\u00e9e de la CNIB\/autres<br \/>Date limite de dep\u00f4t des dossiers 03\/10\/2023<br \/>Procedure de recrutement Pr\u00e9s\u00e9lection sur dossier\/test \u00e9crit\/entretien avec un jury<br \/>Dur\u00e9e du contrat CDD 1 an renouvelable<br \/><br \/>Source de l\u2019offre Journal SIDWAYA du 18\/09\/2023<\/h4>\t\t\t\t\t\t<\/div>\n\t\t\t\t<\/div>\n\t\t\t\t\t<\/div>\n\t\t<\/div>\n\t\t\t\t\t\t\t<\/div>\n\t\t<\/section>\n\t\t\t\t\t\t\t<\/div>\n\t\t","protected":false},"excerpt":{"rendered":"<p>Recrutement de 01 Agent de liaison Offre expirant le 03-10-2023 Localit\u00e9 : Burkina Faso \/ OuagadougouDomaine :\u00a0Agent de liaisonNiveau :\u00a0BEPCEntreprise recruteur :\u00a0Cabinet FIDECI-Sarl Adresse : 9G6F+2R8, Zone I,T\u00e9l\u00e9phone : 25 37 04 69 Poste \u00e0 pourvoir Agent de liaisonNombre de poste 01Lieu d\u2019affectation OuagadougouStructure recruteur Le Cabinet FIDECI-SarlStructure B\u00e9n\u00e9ficiaire Un Programme de d\u00e9veloppement du personnelSecteur&hellip;<\/p>\n","protected":false},"author":1,"featured_media":0,"parent":0,"menu_order":0,"comment_status":"closed","ping_status":"closed","template":"","meta":[],"_links":{"self":[{"href":"https:\/\/job.amd-veille.com\/index.php\/wp-json\/wp\/v2\/pages\/4504"}],"collection":[{"href":"https:\/\/job.amd-veille.com\/index.php\/wp-json\/wp\/v2\/pages"}],"about":[{"href":"https:\/\/job.amd-veille.com\/index.php\/wp-json\/wp\/v2\/types\/page"}],"author":[{"embeddable":true,"href":"https:\/\/job.amd-veille.com\/index.php\/wp-json\/wp\/v2\/users\/1"}],"replies":[{"embeddable":true,"href":"https:\/\/job.amd-veille.com\/index.php\/wp-json\/wp\/v2\/comments?post=4504"}],"version-history":[{"count":5,"href":"https:\/\/job.amd-veille.com\/index.php\/wp-json\/wp\/v2\/pages\/4504\/revisions"}],"predecessor-version":[{"id":4509,"href":"https:\/\/job.amd-veille.com\/index.php\/wp-json\/wp\/v2\/pages\/4504\/revisions\/4509"}],"wp:attachment":[{"href":"https:\/\/job.amd-veille.com\/index.php\/wp-json\/wp\/v2\/media?parent=4504"}],"curies":[{"name":"wp","href":"https:\/\/api.w.org\/{rel}","templated":true}]}}