{"id":4556,"date":"2023-09-26T09:01:46","date_gmt":"2023-09-26T09:01:46","guid":{"rendered":"https:\/\/job.amd-veille.com\/?page_id=4556"},"modified":"2023-09-26T09:06:37","modified_gmt":"2023-09-26T09:06:37","slug":"elementor-4556","status":"publish","type":"page","link":"https:\/\/job.amd-veille.com\/index.php\/elementor-4556\/","title":{"rendered":"Recrutement De 03 Secr\u00e9taire Telia"},"content":{"rendered":"\t\t<div data-elementor-type=\"wp-page\" data-elementor-id=\"4556\" class=\"elementor elementor-4556\">\n\t\t\t\t\t\t\t\t\t<section class=\"elementor-section elementor-top-section elementor-element elementor-element-baa065d elementor-section-boxed elementor-section-height-default elementor-section-height-default\" data-id=\"baa065d\" data-element_type=\"section\">\n\t\t\t\t\t\t<div class=\"elementor-container elementor-column-gap-default\">\n\t\t\t\t\t<div class=\"elementor-column elementor-col-100 elementor-top-column elementor-element elementor-element-0714a39\" data-id=\"0714a39\" data-element_type=\"column\">\n\t\t\t<div class=\"elementor-widget-wrap elementor-element-populated\">\n\t\t\t\t\t\t\t\t<div class=\"elementor-element elementor-element-998690c elementor-widget elementor-widget-heading\" data-id=\"998690c\" data-element_type=\"widget\" data-widget_type=\"heading.default\">\n\t\t\t\t<div class=\"elementor-widget-container\">\n\t\t\t<style>\/*! elementor - v3.14.0 - 26-06-2023 *\/\n.elementor-heading-title{padding:0;margin:0;line-height:1}.elementor-widget-heading .elementor-heading-title[class*=elementor-size-]>a{color:inherit;font-size:inherit;line-height:inherit}.elementor-widget-heading .elementor-heading-title.elementor-size-small{font-size:15px}.elementor-widget-heading .elementor-heading-title.elementor-size-medium{font-size:19px}.elementor-widget-heading .elementor-heading-title.elementor-size-large{font-size:29px}.elementor-widget-heading .elementor-heading-title.elementor-size-xl{font-size:39px}.elementor-widget-heading .elementor-heading-title.elementor-size-xxl{font-size:59px}<\/style><h2 class=\"elementor-heading-title elementor-size-default\">Recrutement De 03 Secr\u00e9taires<\/h2>\t\t<\/div>\n\t\t\t\t<\/div>\n\t\t\t\t\t<\/div>\n\t\t<\/div>\n\t\t\t\t\t\t\t<\/div>\n\t\t<\/section>\n\t\t\t\t<section class=\"elementor-section elementor-top-section elementor-element elementor-element-e987645 elementor-section-boxed elementor-section-height-default elementor-section-height-default\" data-id=\"e987645\" data-element_type=\"section\">\n\t\t\t\t\t\t<div class=\"elementor-container elementor-column-gap-default\">\n\t\t\t\t\t<div class=\"elementor-column elementor-col-100 elementor-top-column elementor-element elementor-element-3f38637\" data-id=\"3f38637\" data-element_type=\"column\">\n\t\t\t<div class=\"elementor-widget-wrap elementor-element-populated\">\n\t\t\t\t\t\t\t\t<div class=\"elementor-element elementor-element-815134d elementor-widget elementor-widget-text-editor\" data-id=\"815134d\" data-element_type=\"widget\" data-widget_type=\"text-editor.default\">\n\t\t\t\t<div class=\"elementor-widget-container\">\n\t\t\t<style>\/*! elementor - v3.14.0 - 26-06-2023 *\/\n.elementor-widget-text-editor.elementor-drop-cap-view-stacked .elementor-drop-cap{background-color:#69727d;color:#fff}.elementor-widget-text-editor.elementor-drop-cap-view-framed .elementor-drop-cap{color:#69727d;border:3px solid;background-color:transparent}.elementor-widget-text-editor:not(.elementor-drop-cap-view-default) .elementor-drop-cap{margin-top:8px}.elementor-widget-text-editor:not(.elementor-drop-cap-view-default) .elementor-drop-cap-letter{width:1em;height:1em}.elementor-widget-text-editor .elementor-drop-cap{float:left;text-align:center;line-height:1;font-size:50px}.elementor-widget-text-editor .elementor-drop-cap-letter{display:inline-block}<\/style>\t\t\t\t<h4>Poste \u00e0 pourvoir Secr\u00e9taires<br \/>Nombre de poste 03<br \/>Lieu d&#8217;affectation Ouagadougou<br \/>Structure recruteur TELIA CONSULTING<br \/>Structure B\u00e9n\u00e9ficiaire Un Etablissement Public de l&#8217;Etat au Burkina Faso<br \/>Secteur activit\u00e9 Pr\u00e9rogative publique<br \/>Dipl\u00f4me ou niveau BEP<br \/>Option du dipl\u00f4me Secr\u00e9tariat<br \/>Exp\u00e9riences 1 an<br \/>Capacit\u00e9s li\u00e9es \u00e0 l&#8217;emploi voir la suite des conditions dans le journal SIDWAYA du 22\/09\/2023<br \/>Connaissance en informatique avoir une bonne ma\u00eetrise de l&#8217;outil informatique<br \/>Condition d&#8217;\u00e2ge 18-40 ans<br \/>Composition du dossier Une demande manuscrite rev\u00eatue d&#8217;un timbre fiscal de 200f cfa adress\u00e9e \u00e0 l&#8217;Associ\u00e9-G\u00e9rante du cabinet Telia Consulting\/un extrait d&#8217;acte de naissance ou de jugement suppl\u00e9tif en tenant lieu\/une photocopie l\u00e9galis\u00e9e de la carte d&#8217;identit\u00e9 nationale\/une copie l\u00e9galis\u00e9e du dipl\u00f4me requis\/une copie l\u00e9galis\u00e9e du permis de conduire (pour les chauffeurs)\/une copie de tout document attestant de l&#8217;exp\u00e9rience du candidat\/un CV d\u00e9taill\u00e9, dat\u00e9 et sign\u00e9\/une lettre de motivation\/un certificat de visite et contre visite timbr\u00e9 \u00e0 300f(timbre fiscal) autres<br \/>Date limite de dep\u00f4t des dossiers 29\/09\/2023<br \/>Procedure de recrutement Pr\u00e9s\u00e9lection sur dossier\/une \u00e9preuve \u00e9crite\/entretien oral avec un jury<br \/>Dur\u00e9e du contrat CDI<br \/>Autres conditions T\u00e9l : 25 65 60 62 \/ 79 14 36 36<br \/>Source de l&#8217;offre Journal SIDWAYA\u00a0du\u00a022\/09<\/h4>\t\t\t\t\t\t<\/div>\n\t\t\t\t<\/div>\n\t\t\t\t\t<\/div>\n\t\t<\/div>\n\t\t\t\t\t\t\t<\/div>\n\t\t<\/section>\n\t\t\t\t\t\t\t<\/div>\n\t\t","protected":false},"excerpt":{"rendered":"<p>Recrutement De 03 Secr\u00e9taires Poste \u00e0 pourvoir Secr\u00e9tairesNombre de poste 03Lieu d&#8217;affectation OuagadougouStructure recruteur TELIA CONSULTINGStructure B\u00e9n\u00e9ficiaire Un Etablissement Public de l&#8217;Etat au Burkina FasoSecteur activit\u00e9 Pr\u00e9rogative publiqueDipl\u00f4me ou niveau BEPOption du dipl\u00f4me Secr\u00e9tariatExp\u00e9riences 1 anCapacit\u00e9s li\u00e9es \u00e0 l&#8217;emploi voir la suite des conditions dans le journal SIDWAYA du 22\/09\/2023Connaissance en informatique avoir une bonne&hellip;<\/p>\n","protected":false},"author":1,"featured_media":0,"parent":0,"menu_order":0,"comment_status":"closed","ping_status":"closed","template":"","meta":[],"_links":{"self":[{"href":"https:\/\/job.amd-veille.com\/index.php\/wp-json\/wp\/v2\/pages\/4556"}],"collection":[{"href":"https:\/\/job.amd-veille.com\/index.php\/wp-json\/wp\/v2\/pages"}],"about":[{"href":"https:\/\/job.amd-veille.com\/index.php\/wp-json\/wp\/v2\/types\/page"}],"author":[{"embeddable":true,"href":"https:\/\/job.amd-veille.com\/index.php\/wp-json\/wp\/v2\/users\/1"}],"replies":[{"embeddable":true,"href":"https:\/\/job.amd-veille.com\/index.php\/wp-json\/wp\/v2\/comments?post=4556"}],"version-history":[{"count":5,"href":"https:\/\/job.amd-veille.com\/index.php\/wp-json\/wp\/v2\/pages\/4556\/revisions"}],"predecessor-version":[{"id":4561,"href":"https:\/\/job.amd-veille.com\/index.php\/wp-json\/wp\/v2\/pages\/4556\/revisions\/4561"}],"wp:attachment":[{"href":"https:\/\/job.amd-veille.com\/index.php\/wp-json\/wp\/v2\/media?parent=4556"}],"curies":[{"name":"wp","href":"https:\/\/api.w.org\/{rel}","templated":true}]}}