{"id":4618,"date":"2023-10-02T08:26:37","date_gmt":"2023-10-02T08:26:37","guid":{"rendered":"https:\/\/job.amd-veille.com\/?page_id=4618"},"modified":"2023-10-02T08:31:48","modified_gmt":"2023-10-02T08:31:48","slug":"elementor-4618","status":"publish","type":"page","link":"https:\/\/job.amd-veille.com\/index.php\/elementor-4618\/","title":{"rendered":"Recrutement de 01 Technicien en \u00e9lectricit\u00e9"},"content":{"rendered":"\t\t<div data-elementor-type=\"wp-page\" data-elementor-id=\"4618\" class=\"elementor elementor-4618\">\n\t\t\t\t\t\t\t\t\t<section class=\"elementor-section elementor-top-section elementor-element elementor-element-0155ed8 elementor-section-boxed elementor-section-height-default elementor-section-height-default\" data-id=\"0155ed8\" data-element_type=\"section\">\n\t\t\t\t\t\t<div class=\"elementor-container elementor-column-gap-default\">\n\t\t\t\t\t<div class=\"elementor-column elementor-col-100 elementor-top-column elementor-element elementor-element-6f48b79\" data-id=\"6f48b79\" data-element_type=\"column\">\n\t\t\t<div class=\"elementor-widget-wrap elementor-element-populated\">\n\t\t\t\t\t\t\t\t<div class=\"elementor-element elementor-element-dc296db elementor-widget elementor-widget-heading\" data-id=\"dc296db\" data-element_type=\"widget\" data-widget_type=\"heading.default\">\n\t\t\t\t<div class=\"elementor-widget-container\">\n\t\t\t<style>\/*! elementor - v3.14.0 - 26-06-2023 *\/\n.elementor-heading-title{padding:0;margin:0;line-height:1}.elementor-widget-heading .elementor-heading-title[class*=elementor-size-]>a{color:inherit;font-size:inherit;line-height:inherit}.elementor-widget-heading .elementor-heading-title.elementor-size-small{font-size:15px}.elementor-widget-heading .elementor-heading-title.elementor-size-medium{font-size:19px}.elementor-widget-heading .elementor-heading-title.elementor-size-large{font-size:29px}.elementor-widget-heading .elementor-heading-title.elementor-size-xl{font-size:39px}.elementor-widget-heading .elementor-heading-title.elementor-size-xxl{font-size:59px}<\/style><h2 class=\"elementor-heading-title elementor-size-default\">Recrutement de 01 Technicien en \u00e9lectricit\u00e9<\/h2>\t\t<\/div>\n\t\t\t\t<\/div>\n\t\t\t\t\t<\/div>\n\t\t<\/div>\n\t\t\t\t\t\t\t<\/div>\n\t\t<\/section>\n\t\t\t\t<section class=\"elementor-section elementor-top-section elementor-element elementor-element-696217b elementor-section-boxed elementor-section-height-default elementor-section-height-default\" data-id=\"696217b\" data-element_type=\"section\">\n\t\t\t\t\t\t<div class=\"elementor-container elementor-column-gap-default\">\n\t\t\t\t\t<div class=\"elementor-column elementor-col-100 elementor-top-column elementor-element elementor-element-e30607c\" data-id=\"e30607c\" data-element_type=\"column\">\n\t\t\t<div class=\"elementor-widget-wrap elementor-element-populated\">\n\t\t\t\t\t\t\t\t<div class=\"elementor-element elementor-element-28726af elementor-widget elementor-widget-text-editor\" data-id=\"28726af\" data-element_type=\"widget\" data-widget_type=\"text-editor.default\">\n\t\t\t\t<div class=\"elementor-widget-container\">\n\t\t\t<style>\/*! elementor - v3.14.0 - 26-06-2023 *\/\n.elementor-widget-text-editor.elementor-drop-cap-view-stacked .elementor-drop-cap{background-color:#69727d;color:#fff}.elementor-widget-text-editor.elementor-drop-cap-view-framed .elementor-drop-cap{color:#69727d;border:3px solid;background-color:transparent}.elementor-widget-text-editor:not(.elementor-drop-cap-view-default) .elementor-drop-cap{margin-top:8px}.elementor-widget-text-editor:not(.elementor-drop-cap-view-default) .elementor-drop-cap-letter{width:1em;height:1em}.elementor-widget-text-editor .elementor-drop-cap{float:left;text-align:center;line-height:1;font-size:50px}.elementor-widget-text-editor .elementor-drop-cap-letter{display:inline-block}<\/style>\t\t\t\t<h4><i>Offre expirant le 20-10-2023<\/i><\/h4><p><strong>Localit\u00e9 : Burkina Faso \/ Banfora<\/strong><br \/><strong>Domaine : Electricit\u00e9<\/strong><br \/><strong>Niveau : CAP<\/strong><br \/><strong>Entreprise recruteur : CILSS<\/strong><br \/><strong>Adresse : 8F5W+GFW, Ouaga 2000, Ouagadougou<\/strong><\/p><h2>Poste \u00e0 pourvoir Technicien en \u00e9lectricit\u00e9<br \/>Nombre de poste 01<br \/>Lieu d&#8217;affectation Ouagadougou<br \/>Structure recruteur CILSS<br \/>Structure B\u00e9n\u00e9ficiaire CILSS<br \/>Secteur activit\u00e9 Activit\u00e9s organisme extra territoriales<br \/>Dipl\u00f4me ou niveau CAP\/BEP<br \/>Option du dipl\u00f4me \u00e9lectricit\u00e9<br \/>Exp\u00e9riences 5 ans<br \/>Capacit\u00e9s li\u00e9es \u00e0 l&#8217;emploi Voir la suite des conditions dans le journal SIDWAYA du 29\/09\/2023<br \/>Connaissance en informatique NP<br \/>Condition d&#8217;\u00e2ge NP<br \/>Composition du dossier Une lettre de motivation de manifestation d&#8217;int\u00e9r\u00eat adress\u00e9e \u00e0 Monsieur le Secr\u00e9taire Ex\u00e9cutif du CILSS\/un CV d\u00e9taill\u00e9\/une copie du dipl\u00f4me exig\u00e9\/autres<br \/>Date limite de dep\u00f4t des dossiers 20\/10\/2023<br \/>Procedure de recrutement Pr\u00e9s\u00e9lection sur dossier\/autres<br \/>Dur\u00e9e du contrat NP<\/h2>\t\t\t\t\t\t<\/div>\n\t\t\t\t<\/div>\n\t\t\t\t\t<\/div>\n\t\t<\/div>\n\t\t\t\t\t\t\t<\/div>\n\t\t<\/section>\n\t\t\t\t\t\t\t<\/div>\n\t\t","protected":false},"excerpt":{"rendered":"<p>Recrutement de 01 Technicien en \u00e9lectricit\u00e9 Offre expirant le 20-10-2023 Localit\u00e9 : Burkina Faso \/ BanforaDomaine : Electricit\u00e9Niveau : CAPEntreprise recruteur : CILSSAdresse : 8F5W+GFW, Ouaga 2000, Ouagadougou Poste \u00e0 pourvoir Technicien en \u00e9lectricit\u00e9Nombre de poste 01Lieu d&#8217;affectation OuagadougouStructure recruteur CILSSStructure B\u00e9n\u00e9ficiaire CILSSSecteur activit\u00e9 Activit\u00e9s organisme extra territorialesDipl\u00f4me ou niveau CAP\/BEPOption du dipl\u00f4me \u00e9lectricit\u00e9Exp\u00e9riences 5&hellip;<\/p>\n","protected":false},"author":1,"featured_media":0,"parent":0,"menu_order":0,"comment_status":"closed","ping_status":"closed","template":"","meta":[],"_links":{"self":[{"href":"https:\/\/job.amd-veille.com\/index.php\/wp-json\/wp\/v2\/pages\/4618"}],"collection":[{"href":"https:\/\/job.amd-veille.com\/index.php\/wp-json\/wp\/v2\/pages"}],"about":[{"href":"https:\/\/job.amd-veille.com\/index.php\/wp-json\/wp\/v2\/types\/page"}],"author":[{"embeddable":true,"href":"https:\/\/job.amd-veille.com\/index.php\/wp-json\/wp\/v2\/users\/1"}],"replies":[{"embeddable":true,"href":"https:\/\/job.amd-veille.com\/index.php\/wp-json\/wp\/v2\/comments?post=4618"}],"version-history":[{"count":5,"href":"https:\/\/job.amd-veille.com\/index.php\/wp-json\/wp\/v2\/pages\/4618\/revisions"}],"predecessor-version":[{"id":4623,"href":"https:\/\/job.amd-veille.com\/index.php\/wp-json\/wp\/v2\/pages\/4618\/revisions\/4623"}],"wp:attachment":[{"href":"https:\/\/job.amd-veille.com\/index.php\/wp-json\/wp\/v2\/media?parent=4618"}],"curies":[{"name":"wp","href":"https:\/\/api.w.org\/{rel}","templated":true}]}}