{"id":4657,"date":"2023-10-03T09:18:11","date_gmt":"2023-10-03T09:18:11","guid":{"rendered":"https:\/\/job.amd-veille.com\/?page_id=4657"},"modified":"2023-10-03T09:20:33","modified_gmt":"2023-10-03T09:20:33","slug":"elementor-4657","status":"publish","type":"page","link":"https:\/\/job.amd-veille.com\/index.php\/elementor-4657\/","title":{"rendered":"Recrutement d&#8217;agents de s\u00e9curit\u00e9"},"content":{"rendered":"\t\t<div data-elementor-type=\"wp-page\" data-elementor-id=\"4657\" class=\"elementor elementor-4657\">\n\t\t\t\t\t\t\t\t\t<section class=\"elementor-section elementor-top-section elementor-element elementor-element-f3cec98 elementor-section-boxed elementor-section-height-default elementor-section-height-default\" data-id=\"f3cec98\" data-element_type=\"section\">\n\t\t\t\t\t\t<div class=\"elementor-container elementor-column-gap-default\">\n\t\t\t\t\t<div class=\"elementor-column elementor-col-100 elementor-top-column elementor-element elementor-element-e702d70\" data-id=\"e702d70\" data-element_type=\"column\">\n\t\t\t<div class=\"elementor-widget-wrap elementor-element-populated\">\n\t\t\t\t\t\t\t\t<div class=\"elementor-element elementor-element-83140e6 elementor-widget elementor-widget-heading\" data-id=\"83140e6\" data-element_type=\"widget\" data-widget_type=\"heading.default\">\n\t\t\t\t<div class=\"elementor-widget-container\">\n\t\t\t<style>\/*! elementor - v3.14.0 - 26-06-2023 *\/\n.elementor-heading-title{padding:0;margin:0;line-height:1}.elementor-widget-heading .elementor-heading-title[class*=elementor-size-]>a{color:inherit;font-size:inherit;line-height:inherit}.elementor-widget-heading .elementor-heading-title.elementor-size-small{font-size:15px}.elementor-widget-heading .elementor-heading-title.elementor-size-medium{font-size:19px}.elementor-widget-heading .elementor-heading-title.elementor-size-large{font-size:29px}.elementor-widget-heading .elementor-heading-title.elementor-size-xl{font-size:39px}.elementor-widget-heading .elementor-heading-title.elementor-size-xxl{font-size:59px}<\/style><h2 class=\"elementor-heading-title elementor-size-default\">Recrutement d'Agents de S\u00e9curit\u00e9<\/h2>\t\t<\/div>\n\t\t\t\t<\/div>\n\t\t\t\t\t<\/div>\n\t\t<\/div>\n\t\t\t\t\t\t\t<\/div>\n\t\t<\/section>\n\t\t\t\t<section class=\"elementor-section elementor-top-section elementor-element elementor-element-7de1693 elementor-section-boxed elementor-section-height-default elementor-section-height-default\" data-id=\"7de1693\" data-element_type=\"section\">\n\t\t\t\t\t\t<div class=\"elementor-container elementor-column-gap-default\">\n\t\t\t\t\t<div class=\"elementor-column elementor-col-100 elementor-top-column elementor-element elementor-element-16396f8\" data-id=\"16396f8\" data-element_type=\"column\">\n\t\t\t<div class=\"elementor-widget-wrap elementor-element-populated\">\n\t\t\t\t\t\t\t\t<div class=\"elementor-element elementor-element-d21aab3 elementor-widget elementor-widget-text-editor\" data-id=\"d21aab3\" data-element_type=\"widget\" data-widget_type=\"text-editor.default\">\n\t\t\t\t<div class=\"elementor-widget-container\">\n\t\t\t<style>\/*! elementor - v3.14.0 - 26-06-2023 *\/\n.elementor-widget-text-editor.elementor-drop-cap-view-stacked .elementor-drop-cap{background-color:#69727d;color:#fff}.elementor-widget-text-editor.elementor-drop-cap-view-framed .elementor-drop-cap{color:#69727d;border:3px solid;background-color:transparent}.elementor-widget-text-editor:not(.elementor-drop-cap-view-default) .elementor-drop-cap{margin-top:8px}.elementor-widget-text-editor:not(.elementor-drop-cap-view-default) .elementor-drop-cap-letter{width:1em;height:1em}.elementor-widget-text-editor .elementor-drop-cap{float:left;text-align:center;line-height:1;font-size:50px}.elementor-widget-text-editor .elementor-drop-cap-letter{display:inline-block}<\/style>\t\t\t\t<h3>Dans le but de renforcer son personnel, la soci\u00e9t\u00e9 de gardiennage IPSS SARL recherche des candidatures pour le recrutement de 20 agents de s\u00e9curit\u00e9. <br \/>Dossiers \u00e0 fournir :<br \/>&#8211; une demande adress\u00e9e \u00e0 Madame l&#8217;administratrice de la soci\u00e9t\u00e9,<br \/>&#8211; une copie l\u00e9galis\u00e9e de la CNIB,<br \/>&#8211; une copie du dernier dipl\u00f4me (s&#8217;il y&#8217;a) et des attestations et\/ou certificats de travail.<br \/>Un casier judiciaire sera r\u00e9clam\u00e9 en cas d&#8217;admission.<br \/>Les dossiers sont recevables par mails \u00e0 l&#8217;adresse <br \/>Ou d\u00e9poser physiquement \u00e0 la soci\u00e9t\u00e9, du 04 au 13 Octobre de 10h \u00e0 15h. <br \/>Pour tout autre renseignement : 56513009\/01949455<\/h3>\t\t\t\t\t\t<\/div>\n\t\t\t\t<\/div>\n\t\t\t\t\t<\/div>\n\t\t<\/div>\n\t\t\t\t\t\t\t<\/div>\n\t\t<\/section>\n\t\t\t\t\t\t\t<\/div>\n\t\t","protected":false},"excerpt":{"rendered":"<p>Recrutement d&#8217;Agents de S\u00e9curit\u00e9 Dans le but de renforcer son personnel, la soci\u00e9t\u00e9 de gardiennage IPSS SARL recherche des candidatures pour le recrutement de 20 agents de s\u00e9curit\u00e9. Dossiers \u00e0 fournir :&#8211; une demande adress\u00e9e \u00e0 Madame l&#8217;administratrice de la soci\u00e9t\u00e9,&#8211; une copie l\u00e9galis\u00e9e de la CNIB,&#8211; une copie du dernier dipl\u00f4me (s&#8217;il y&#8217;a) et&hellip;<\/p>\n","protected":false},"author":1,"featured_media":0,"parent":0,"menu_order":0,"comment_status":"closed","ping_status":"closed","template":"","meta":[],"_links":{"self":[{"href":"https:\/\/job.amd-veille.com\/index.php\/wp-json\/wp\/v2\/pages\/4657"}],"collection":[{"href":"https:\/\/job.amd-veille.com\/index.php\/wp-json\/wp\/v2\/pages"}],"about":[{"href":"https:\/\/job.amd-veille.com\/index.php\/wp-json\/wp\/v2\/types\/page"}],"author":[{"embeddable":true,"href":"https:\/\/job.amd-veille.com\/index.php\/wp-json\/wp\/v2\/users\/1"}],"replies":[{"embeddable":true,"href":"https:\/\/job.amd-veille.com\/index.php\/wp-json\/wp\/v2\/comments?post=4657"}],"version-history":[{"count":5,"href":"https:\/\/job.amd-veille.com\/index.php\/wp-json\/wp\/v2\/pages\/4657\/revisions"}],"predecessor-version":[{"id":4662,"href":"https:\/\/job.amd-veille.com\/index.php\/wp-json\/wp\/v2\/pages\/4657\/revisions\/4662"}],"wp:attachment":[{"href":"https:\/\/job.amd-veille.com\/index.php\/wp-json\/wp\/v2\/media?parent=4657"}],"curies":[{"name":"wp","href":"https:\/\/api.w.org\/{rel}","templated":true}]}}