{"id":4671,"date":"2023-10-03T10:08:38","date_gmt":"2023-10-03T10:08:38","guid":{"rendered":"https:\/\/job.amd-veille.com\/?page_id=4671"},"modified":"2023-10-03T10:11:34","modified_gmt":"2023-10-03T10:11:34","slug":"elementor-4671","status":"publish","type":"page","link":"https:\/\/job.amd-veille.com\/index.php\/elementor-4671\/","title":{"rendered":"Recrutement de Stagiaires Web Designer , Community Manager, D\u00e9veloppeur Mobile"},"content":{"rendered":"\t\t<div data-elementor-type=\"wp-page\" data-elementor-id=\"4671\" class=\"elementor elementor-4671\">\n\t\t\t\t\t\t\t\t\t<section class=\"elementor-section elementor-top-section elementor-element elementor-element-cd97602 elementor-section-boxed elementor-section-height-default elementor-section-height-default\" data-id=\"cd97602\" data-element_type=\"section\">\n\t\t\t\t\t\t<div class=\"elementor-container elementor-column-gap-default\">\n\t\t\t\t\t<div class=\"elementor-column elementor-col-100 elementor-top-column elementor-element elementor-element-db25894\" data-id=\"db25894\" data-element_type=\"column\">\n\t\t\t<div class=\"elementor-widget-wrap elementor-element-populated\">\n\t\t\t\t\t\t\t\t<div class=\"elementor-element elementor-element-626bc67 elementor-widget elementor-widget-heading\" data-id=\"626bc67\" data-element_type=\"widget\" data-widget_type=\"heading.default\">\n\t\t\t\t<div class=\"elementor-widget-container\">\n\t\t\t<style>\/*! elementor - v3.14.0 - 26-06-2023 *\/\n.elementor-heading-title{padding:0;margin:0;line-height:1}.elementor-widget-heading .elementor-heading-title[class*=elementor-size-]>a{color:inherit;font-size:inherit;line-height:inherit}.elementor-widget-heading .elementor-heading-title.elementor-size-small{font-size:15px}.elementor-widget-heading .elementor-heading-title.elementor-size-medium{font-size:19px}.elementor-widget-heading .elementor-heading-title.elementor-size-large{font-size:29px}.elementor-widget-heading .elementor-heading-title.elementor-size-xl{font-size:39px}.elementor-widget-heading .elementor-heading-title.elementor-size-xxl{font-size:59px}<\/style><h2 class=\"elementor-heading-title elementor-size-default\">Recrutement de Stagiaires Web Designer ,Community Manager, D\u00e9veloppeur Mobile<\/h2>\t\t<\/div>\n\t\t\t\t<\/div>\n\t\t\t\t\t<\/div>\n\t\t<\/div>\n\t\t\t\t\t\t\t<\/div>\n\t\t<\/section>\n\t\t\t\t<section class=\"elementor-section elementor-top-section elementor-element elementor-element-f8a3f64 elementor-section-boxed elementor-section-height-default elementor-section-height-default\" data-id=\"f8a3f64\" data-element_type=\"section\">\n\t\t\t\t\t\t<div class=\"elementor-container elementor-column-gap-default\">\n\t\t\t\t\t<div class=\"elementor-column elementor-col-100 elementor-top-column elementor-element elementor-element-994d2db\" data-id=\"994d2db\" data-element_type=\"column\">\n\t\t\t<div class=\"elementor-widget-wrap elementor-element-populated\">\n\t\t\t\t\t\t\t\t<div class=\"elementor-element elementor-element-e6b151c elementor-widget elementor-widget-text-editor\" data-id=\"e6b151c\" data-element_type=\"widget\" data-widget_type=\"text-editor.default\">\n\t\t\t\t<div class=\"elementor-widget-container\">\n\t\t\t<style>\/*! elementor - v3.14.0 - 26-06-2023 *\/\n.elementor-widget-text-editor.elementor-drop-cap-view-stacked .elementor-drop-cap{background-color:#69727d;color:#fff}.elementor-widget-text-editor.elementor-drop-cap-view-framed .elementor-drop-cap{color:#69727d;border:3px solid;background-color:transparent}.elementor-widget-text-editor:not(.elementor-drop-cap-view-default) .elementor-drop-cap{margin-top:8px}.elementor-widget-text-editor:not(.elementor-drop-cap-view-default) .elementor-drop-cap-letter{width:1em;height:1em}.elementor-widget-text-editor .elementor-drop-cap{float:left;text-align:center;line-height:1;font-size:50px}.elementor-widget-text-editor .elementor-drop-cap-letter{display:inline-block}<\/style>\t\t\t\t<h4>STAGE WEB DESIGNER<br \/><span style=\"font-weight: normal;\">Niveau minimum:<br \/>BAC + 2 dans une fili\u00e8re informatique ou tout autre dipl\u00f4me \u00e9quivalent.<br \/>Missions:<br \/>Participer \u00e0 la mise en place d&#8217;interfaces utilisateurs et \u00e0 la conception des diff\u00e9rentes maquettes et designs des solutions logiciels.<br \/>Comp\u00e9tences:<br \/>\u2022 Maitrise d&#8217;un outil de conception graphique (Adobe XD,Figma, Adobe Photoshop, Sketch&#8230;)<br \/>\u2022 Connaissances en programmation (html, css javascript,boostrap&#8230;)<br \/>\u2022 Compr\u00e9hension des concepts de UI\/UX Design<br \/>\u2022 Avoir un esprit cr\u00e9atif et une pens\u00e9e critique<\/span><\/h4><h4>STAGE COMMUNITY MANAGER<br \/><span style=\"font-weight: normal;\">Niveau minimum:<br \/>BAC + 2 en marketing digital, gestion commerciale ou tout autre dipl\u00f4me ou document (attestation) \u00e9quivalent.<br \/>Missions:<\/span><br \/><span style=\"font-weight: normal;\">Participer \u00e0 la gestion des diff\u00e9rentes plateformes des m\u00e9diaux sociaux de l&#8217;entreprise et \u00e0 la cr\u00e9ation de contenus (affiches, vid\u00e9os,.) captivant et pertinent.<br \/>Comp\u00e9tences<br \/>\u2022 Maitriser un outil de conception graphique (Canva, Photoshop,Corel&#8230;)<br \/>\u2022 Bonne qualit\u00e9 r\u00e9dactionnelle<br \/>\u2022 Maitrise des outils bureautiques<br \/>\u2022 Forte connaissance en marketing digital<\/span><\/h4><h4>STAGE DEVELOPPEUR MOBILE<br \/><span style=\"font-weight: normal;\">Niveau minimum:<br \/>BAC + 2 dans une fili\u00e8re informatique ou tout autre dipl\u00f4me \u00e9quivalent.<br \/>Missions:<br \/>Participer au d\u00e9veloppement des applications android &amp; ios et collaborer avec l&#8217;\u00e9quipe de d\u00e9veloppement pour optimiser les performances des diff\u00e9rentes applications<br \/>Comp\u00e9tences<br \/>\u2022 Connaissances en programmation (java, kotlin,html, css,javascript&#8230;)<br \/>\u2022 Maitrise du framework Flutter ou React Native<br \/>\u2022 Compr\u00e9hension des notions de Base de donn\u00e9es (SQLite, Firebase&#8230;)<br \/>\u2022 Connaissance de Git et le contr\u00f4le de version<\/span><\/h4><h4>Dur\u00e9e : 03 mois<\/h4><h4>CONTACT<br \/>CV + lettre de motivation \u00e0 envoyer \u00e0 jobs@vbs-solutions.com<br \/>Date limite de r\u00e9ception des dossiers le 15\/10\/2023<br \/>+ 226 54 89 50 50 \/ +226 70 20 36 92<br \/>www.vbs-solutions.com<\/h4>\t\t\t\t\t\t<\/div>\n\t\t\t\t<\/div>\n\t\t\t\t\t<\/div>\n\t\t<\/div>\n\t\t\t\t\t\t\t<\/div>\n\t\t<\/section>\n\t\t\t\t\t\t\t<\/div>\n\t\t","protected":false},"excerpt":{"rendered":"<p>Recrutement de Stagiaires Web Designer ,Community Manager, D\u00e9veloppeur Mobile STAGE WEB DESIGNERNiveau minimum:BAC + 2 dans une fili\u00e8re informatique ou tout autre dipl\u00f4me \u00e9quivalent.Missions:Participer \u00e0 la mise en place d&#8217;interfaces utilisateurs et \u00e0 la conception des diff\u00e9rentes maquettes et designs des solutions logiciels.Comp\u00e9tences:\u2022 Maitrise d&#8217;un outil de conception graphique (Adobe XD,Figma, Adobe Photoshop, Sketch&#8230;)\u2022 Connaissances&hellip;<\/p>\n","protected":false},"author":1,"featured_media":0,"parent":0,"menu_order":0,"comment_status":"closed","ping_status":"closed","template":"","meta":[],"_links":{"self":[{"href":"https:\/\/job.amd-veille.com\/index.php\/wp-json\/wp\/v2\/pages\/4671"}],"collection":[{"href":"https:\/\/job.amd-veille.com\/index.php\/wp-json\/wp\/v2\/pages"}],"about":[{"href":"https:\/\/job.amd-veille.com\/index.php\/wp-json\/wp\/v2\/types\/page"}],"author":[{"embeddable":true,"href":"https:\/\/job.amd-veille.com\/index.php\/wp-json\/wp\/v2\/users\/1"}],"replies":[{"embeddable":true,"href":"https:\/\/job.amd-veille.com\/index.php\/wp-json\/wp\/v2\/comments?post=4671"}],"version-history":[{"count":5,"href":"https:\/\/job.amd-veille.com\/index.php\/wp-json\/wp\/v2\/pages\/4671\/revisions"}],"predecessor-version":[{"id":4676,"href":"https:\/\/job.amd-veille.com\/index.php\/wp-json\/wp\/v2\/pages\/4671\/revisions\/4676"}],"wp:attachment":[{"href":"https:\/\/job.amd-veille.com\/index.php\/wp-json\/wp\/v2\/media?parent=4671"}],"curies":[{"name":"wp","href":"https:\/\/api.w.org\/{rel}","templated":true}]}}