{"id":4683,"date":"2023-10-04T09:36:21","date_gmt":"2023-10-04T09:36:21","guid":{"rendered":"https:\/\/job.amd-veille.com\/?page_id=4683"},"modified":"2023-10-04T09:40:10","modified_gmt":"2023-10-04T09:40:10","slug":"elementor-4683","status":"publish","type":"page","link":"https:\/\/job.amd-veille.com\/index.php\/elementor-4683\/","title":{"rendered":"Recrutement de 01 Gestionnaire du patrimoine"},"content":{"rendered":"\t\t<div data-elementor-type=\"wp-page\" data-elementor-id=\"4683\" class=\"elementor elementor-4683\">\n\t\t\t\t\t\t\t\t\t<section class=\"elementor-section elementor-top-section elementor-element elementor-element-91eaf82 elementor-section-boxed elementor-section-height-default elementor-section-height-default\" data-id=\"91eaf82\" data-element_type=\"section\">\n\t\t\t\t\t\t<div class=\"elementor-container elementor-column-gap-default\">\n\t\t\t\t\t<div class=\"elementor-column elementor-col-100 elementor-top-column elementor-element elementor-element-aad50aa\" data-id=\"aad50aa\" data-element_type=\"column\">\n\t\t\t<div class=\"elementor-widget-wrap elementor-element-populated\">\n\t\t\t\t\t\t\t\t<div class=\"elementor-element elementor-element-9b3e44d elementor-widget elementor-widget-heading\" data-id=\"9b3e44d\" data-element_type=\"widget\" data-widget_type=\"heading.default\">\n\t\t\t\t<div class=\"elementor-widget-container\">\n\t\t\t<style>\/*! elementor - v3.14.0 - 26-06-2023 *\/\n.elementor-heading-title{padding:0;margin:0;line-height:1}.elementor-widget-heading .elementor-heading-title[class*=elementor-size-]>a{color:inherit;font-size:inherit;line-height:inherit}.elementor-widget-heading .elementor-heading-title.elementor-size-small{font-size:15px}.elementor-widget-heading .elementor-heading-title.elementor-size-medium{font-size:19px}.elementor-widget-heading .elementor-heading-title.elementor-size-large{font-size:29px}.elementor-widget-heading .elementor-heading-title.elementor-size-xl{font-size:39px}.elementor-widget-heading .elementor-heading-title.elementor-size-xxl{font-size:59px}<\/style><h2 class=\"elementor-heading-title elementor-size-default\">Recrutement de 01 Gestionnaire du patrimoine<\/h2>\t\t<\/div>\n\t\t\t\t<\/div>\n\t\t\t\t\t<\/div>\n\t\t<\/div>\n\t\t\t\t\t\t\t<\/div>\n\t\t<\/section>\n\t\t\t\t<section class=\"elementor-section elementor-top-section elementor-element elementor-element-c79634e elementor-section-boxed elementor-section-height-default elementor-section-height-default\" data-id=\"c79634e\" data-element_type=\"section\">\n\t\t\t\t\t\t<div class=\"elementor-container elementor-column-gap-default\">\n\t\t\t\t\t<div class=\"elementor-column elementor-col-100 elementor-top-column elementor-element elementor-element-e61c570\" data-id=\"e61c570\" data-element_type=\"column\">\n\t\t\t<div class=\"elementor-widget-wrap elementor-element-populated\">\n\t\t\t\t\t\t\t\t<div class=\"elementor-element elementor-element-90a3daa elementor-widget elementor-widget-text-editor\" data-id=\"90a3daa\" data-element_type=\"widget\" data-widget_type=\"text-editor.default\">\n\t\t\t\t<div class=\"elementor-widget-container\">\n\t\t\t<style>\/*! elementor - v3.14.0 - 26-06-2023 *\/\n.elementor-widget-text-editor.elementor-drop-cap-view-stacked .elementor-drop-cap{background-color:#69727d;color:#fff}.elementor-widget-text-editor.elementor-drop-cap-view-framed .elementor-drop-cap{color:#69727d;border:3px solid;background-color:transparent}.elementor-widget-text-editor:not(.elementor-drop-cap-view-default) .elementor-drop-cap{margin-top:8px}.elementor-widget-text-editor:not(.elementor-drop-cap-view-default) .elementor-drop-cap-letter{width:1em;height:1em}.elementor-widget-text-editor .elementor-drop-cap{float:left;text-align:center;line-height:1;font-size:50px}.elementor-widget-text-editor .elementor-drop-cap-letter{display:inline-block}<\/style>\t\t\t\t<div class=\"latest-tweets-head\"><h4><i>Offre expirant le 07-10-2023<\/i><\/h4><\/div><div class=\"accordionb\"><div class=\"paneh\"><div class=\"col-md-12\">Localit\u00e9 : Burkina Faso \/ Ouagadougou<br \/>Domaine :\u00a0Transport et Logistique<br \/>Niveau :\u00a0BAC + 4<br \/>Entreprise recruteur :\u00a0WHAT YOU NEED<br \/>Contact : wyn2win@gmail.com<br \/><h2>Poste \u00e0 pourvoir Gestionnaire du patrimoine<br \/>Nombre de poste 01<br \/>Lieu d&#8217;affectation Ouagadougou<br \/>Structure recruteur WHAT YOU NEED<br \/>Structure B\u00e9n\u00e9ficiaire Une Importante Structure de la place<br \/>Secteur activit\u00e9 Non pr\u00e9cise<br \/>Dipl\u00f4me ou niveau BAC+4<br \/>Option du dipl\u00f4me Informatique,gestion des stocks,logisitque<br \/>Exp\u00e9riences 3 ans<br \/>Capacit\u00e9s li\u00e9es \u00e0 l&#8217;emploi voir la suite des conditions dans le journal LE PAYS du 03\/10\/2023<br \/>Connaissance en informatique NP<br \/>Condition d&#8217;\u00e2ge 18-45 ans<br \/>Composition du dossier Une demande adress\u00e9e \u00e0 Monsieur l&#8217;Administrateur G\u00e9n\u00e9ral de WHAT YOU NEED pr\u00e9cisant le poste \u00e0 pourvoir\/une lettre de motivation adress\u00e9e \u00e0 Monsieur l&#8217;Administrateur G\u00e9n\u00e9ral de WHAT YOU NEED\/un CV d\u00e9taill\u00e9,sinc\u00e8re,dat\u00e9 et sign\u00e9 assorti de 3 noms de personnes de r\u00e9f\u00e9rence\/une copie l\u00e9galis\u00e9e du dipl\u00f4me exig\u00e9\/une copie de la CNIB ou du passeport\/une copie non l\u00e9galis\u00e9e des attestations de formation et des documents justifiant l&#8217;exp\u00e9rience professionnelle\/autres<br \/>Date limite de dep\u00f4t des dossiers 07\/10\/2023<br \/>Procedure de recrutement Pr\u00e9s\u00e9lection sur dossier\/entretien oral et \u00e9valuation des habilit\u00e9s professionnelles\/autres<br \/>Dur\u00e9e du contrat NP<\/h2><\/div><\/div><\/div>\t\t\t\t\t\t<\/div>\n\t\t\t\t<\/div>\n\t\t\t\t\t<\/div>\n\t\t<\/div>\n\t\t\t\t\t\t\t<\/div>\n\t\t<\/section>\n\t\t\t\t\t\t\t<\/div>\n\t\t","protected":false},"excerpt":{"rendered":"<p>Recrutement de 01 Gestionnaire du patrimoine Offre expirant le 07-10-2023 Localit\u00e9 : Burkina Faso \/ OuagadougouDomaine :\u00a0Transport et LogistiqueNiveau :\u00a0BAC + 4Entreprise recruteur :\u00a0WHAT YOU NEEDContact : wyn2win@gmail.com Poste \u00e0 pourvoir Gestionnaire du patrimoineNombre de poste 01Lieu d&#8217;affectation OuagadougouStructure recruteur WHAT YOU NEEDStructure B\u00e9n\u00e9ficiaire Une Importante Structure de la placeSecteur activit\u00e9 Non pr\u00e9ciseDipl\u00f4me ou niveau&hellip;<\/p>\n","protected":false},"author":1,"featured_media":0,"parent":0,"menu_order":0,"comment_status":"closed","ping_status":"closed","template":"","meta":[],"_links":{"self":[{"href":"https:\/\/job.amd-veille.com\/index.php\/wp-json\/wp\/v2\/pages\/4683"}],"collection":[{"href":"https:\/\/job.amd-veille.com\/index.php\/wp-json\/wp\/v2\/pages"}],"about":[{"href":"https:\/\/job.amd-veille.com\/index.php\/wp-json\/wp\/v2\/types\/page"}],"author":[{"embeddable":true,"href":"https:\/\/job.amd-veille.com\/index.php\/wp-json\/wp\/v2\/users\/1"}],"replies":[{"embeddable":true,"href":"https:\/\/job.amd-veille.com\/index.php\/wp-json\/wp\/v2\/comments?post=4683"}],"version-history":[{"count":5,"href":"https:\/\/job.amd-veille.com\/index.php\/wp-json\/wp\/v2\/pages\/4683\/revisions"}],"predecessor-version":[{"id":4688,"href":"https:\/\/job.amd-veille.com\/index.php\/wp-json\/wp\/v2\/pages\/4683\/revisions\/4688"}],"wp:attachment":[{"href":"https:\/\/job.amd-veille.com\/index.php\/wp-json\/wp\/v2\/media?parent=4683"}],"curies":[{"name":"wp","href":"https:\/\/api.w.org\/{rel}","templated":true}]}}