{"id":4799,"date":"2023-10-10T09:10:39","date_gmt":"2023-10-10T09:10:39","guid":{"rendered":"https:\/\/job.amd-veille.com\/?page_id=4799"},"modified":"2023-10-10T09:13:02","modified_gmt":"2023-10-10T09:13:02","slug":"elementor-4799","status":"publish","type":"page","link":"https:\/\/job.amd-veille.com\/index.php\/elementor-4799\/","title":{"rendered":"Recrutement de  un(e) Adjoint Coordinateur Achat &#038; approvisionnement"},"content":{"rendered":"\t\t<div data-elementor-type=\"wp-page\" data-elementor-id=\"4799\" class=\"elementor elementor-4799\">\n\t\t\t\t\t\t\t\t\t<section class=\"elementor-section elementor-top-section elementor-element elementor-element-f8fd28d elementor-section-boxed elementor-section-height-default elementor-section-height-default\" data-id=\"f8fd28d\" data-element_type=\"section\">\n\t\t\t\t\t\t<div class=\"elementor-container elementor-column-gap-default\">\n\t\t\t\t\t<div class=\"elementor-column elementor-col-100 elementor-top-column elementor-element elementor-element-8566948\" data-id=\"8566948\" data-element_type=\"column\">\n\t\t\t<div class=\"elementor-widget-wrap elementor-element-populated\">\n\t\t\t\t\t\t\t\t<div class=\"elementor-element elementor-element-525cb9d elementor-widget elementor-widget-heading\" data-id=\"525cb9d\" data-element_type=\"widget\" data-widget_type=\"heading.default\">\n\t\t\t\t<div class=\"elementor-widget-container\">\n\t\t\t<style>\/*! elementor - v3.14.0 - 26-06-2023 *\/\n.elementor-heading-title{padding:0;margin:0;line-height:1}.elementor-widget-heading .elementor-heading-title[class*=elementor-size-]>a{color:inherit;font-size:inherit;line-height:inherit}.elementor-widget-heading .elementor-heading-title.elementor-size-small{font-size:15px}.elementor-widget-heading .elementor-heading-title.elementor-size-medium{font-size:19px}.elementor-widget-heading .elementor-heading-title.elementor-size-large{font-size:29px}.elementor-widget-heading .elementor-heading-title.elementor-size-xl{font-size:39px}.elementor-widget-heading .elementor-heading-title.elementor-size-xxl{font-size:59px}<\/style><h2 class=\"elementor-heading-title elementor-size-default\">\nRecrutement un(e) Adjoint Coordinateur Achat et Approvisionnement<\/h2>\t\t<\/div>\n\t\t\t\t<\/div>\n\t\t\t\t\t<\/div>\n\t\t<\/div>\n\t\t\t\t\t\t\t<\/div>\n\t\t<\/section>\n\t\t\t\t<section class=\"elementor-section elementor-top-section elementor-element elementor-element-77a1647 elementor-section-boxed elementor-section-height-default elementor-section-height-default\" data-id=\"77a1647\" data-element_type=\"section\">\n\t\t\t\t\t\t<div class=\"elementor-container elementor-column-gap-default\">\n\t\t\t\t\t<div class=\"elementor-column elementor-col-100 elementor-top-column elementor-element elementor-element-459e2d3\" data-id=\"459e2d3\" data-element_type=\"column\">\n\t\t\t<div class=\"elementor-widget-wrap elementor-element-populated\">\n\t\t\t\t\t\t\t\t<div class=\"elementor-element elementor-element-e557504 elementor-widget elementor-widget-text-editor\" data-id=\"e557504\" data-element_type=\"widget\" data-widget_type=\"text-editor.default\">\n\t\t\t\t<div class=\"elementor-widget-container\">\n\t\t\t<style>\/*! elementor - v3.14.0 - 26-06-2023 *\/\n.elementor-widget-text-editor.elementor-drop-cap-view-stacked .elementor-drop-cap{background-color:#69727d;color:#fff}.elementor-widget-text-editor.elementor-drop-cap-view-framed .elementor-drop-cap{color:#69727d;border:3px solid;background-color:transparent}.elementor-widget-text-editor:not(.elementor-drop-cap-view-default) .elementor-drop-cap{margin-top:8px}.elementor-widget-text-editor:not(.elementor-drop-cap-view-default) .elementor-drop-cap-letter{width:1em;height:1em}.elementor-widget-text-editor .elementor-drop-cap{float:left;text-align:center;line-height:1;font-size:50px}.elementor-widget-text-editor .elementor-drop-cap-letter{display:inline-block}<\/style>\t\t\t\t<h5>Localit\u00e9 : Burkina Faso \/ Ouagadougou<br \/>Domaine : Logistique<br \/>Niveau : BAC + 4\/5<br \/>Entreprise recruteur : Terre des hommes<\/h5><h4>Terre des hommes (Tdh) recrute un(e) Adjoint Coordinateur Achat &amp; approvisionnement &#8211; Burkina Faso<br \/>Objet de l&#8217;annonce:<br \/>Terre des hommes (Tdh) est la plus grande organisation suisse d\u2019aide \u00e0 l\u2019enfance. Depuis 1960, Tdh contribue \u00e0 b\u00e2tir un avenir meilleur pour les enfants d\u00e9munis et leurs communaut\u00e9s gr\u00e2ce \u00e0 des solutions innovantes et durables. Active dans pr\u00e8s de 40 pays, Tdh travaille avec des partenaires locaux et internationaux pour d\u00e9velopper et mettre en place des projets sur le terrain qui permettent d&#8217;am\u00e9liorer la vie quotidienne de plus de quatre millions d\u2019enfants et membres de leurs communaut\u00e9s, dans les domaines de la sant\u00e9 maternelle et infantile, des enfants et jeunes en situation de migration et de l\u2019acc\u00e8s \u00e0 la justice. Cet engagement est financ\u00e9 par des soutiens individuels et institutionnels, avec des co\u00fbts administratifs maintenus au minimum.<br \/>Plus d\u2019informations disponibles sur le site http:\/\/www.tdh.ch\/.<br \/>Situation g\u00e9ographique du bureau TDH-L \u00e0 Ouagadougou : sur l\u2019Avenue Charles de Gaulle en face de<br \/>l\u2019h\u00f4tel des finances (service des imp\u00f4ts), T\u00e9l\u00e9phone : 25 36 91 82.<br \/>Tdh-L RECHERCHE DES DOSSIERS DE CANDIDATURE POUR LE RECRUTEMENT DE :<br \/>Un (01) Adjoint Coordinateur Logistique\/Achats &amp; Approvisionnement\/Logistique (H\/F)<br \/>1. CONDITIONS de travail et de r\u00e9mun\u00e9ration Lieu d\u2019ex\u00e9cution du contrat<br \/>\u2022 Ouagadougou<br \/>Date de prise de service souhait\u00e9e<br \/>\u2022 D\u00e8s que possible Type de contrat<br \/>\u2022 CDD de droit burkinab\u00e8 de 12 mois, incluant trois (03) mois de p\u00e9riode d\u2019essai. R\u00e9mun\u00e9ration Globale<br \/>\u2022 R\u00e9mun\u00e9ration motivante selon l\u2019exp\u00e9rience ;<br \/>\u2022 Prise en charge d\u2019assurance maladie \u00e0 90% couvrant l\u2019employ\u00e9 (e), son conjoint et ses<br \/>enfants mineurs dans la limite de 21 ans.<br \/>2. DESCRIPTIF DU POSTE<br \/>Sous la responsabilit\u00e9 du Coordinateur Logistique, l\u2019Adjoint Coordinateur ble Logistique\/Achats et Approvisionnement est en charge d\u2019assister<br \/>le coordinateur logistique dans son mandat, afin d\u2019assurer la mise en \u0153uvre d\u2019une chaine d\u2019approvisionnement efficace et efficiente du respect <br \/>du Cadre Logistique Tdh sur la partie Achat\/approvisionnement sur l\u2019ensemble des bases du pays.<\/h4><h4>\u00a0<\/h4><h4>\u2022 Principales missions et responsabilit\u00e9s exerc\u00e9es<br \/>Mission 1 : Assister le Coordinateur logistique sur les activit\u00e9s achats\/approvisionnement<br \/>\u2022 Assurer l\u2019int\u00e9rim du coordinateur logistique en cas d\u2019absence dans son domaine de comp\u00e9tences ;<br \/>\u2022 Assurer un support continu aux logisticiens sur les dossiers approvisionnement en cours ;<br \/>\u2022 Assurer un suivi continu des activit\u00e9s de la capitale en optimisant l\u2019organisation ;<br \/>\u2022 Animer des ateliers de formation sur des th\u00e9matiques approvisionnement en capitale<br \/>et sur les bases en cas de besoin ;<br \/>\u2022 Compiler les rapports logistiques achat \/ approvisionnement mensuel et les analyser.<br \/>Mission 2 : Contribuer \u00e0 la d\u00e9finition de la strat\u00e9gie du d\u00e9partement logistique<br \/>\u2022 Contribuer \u00e0 la d\u00e9finition de la strat\u00e9gie d\u2019Achat et approvisionnement de la d\u00e9l\u00e9gation ;<br \/>\u2022 Participer \u00e0 l\u2019\u00e9laboration des budgets pour la prise en compte des enjeux li\u00e9s \u00e0 son d\u00e9partement.<br \/>Mission 3 : Coordination g\u00e9n\u00e9rale<br \/>\u2022 Superviser et optimiser l\u2019organisation des activit\u00e9s achat\/approvisionnement depuis la capitale ;<br \/>\u2022 Mettre en \u0153uvre et faire respecter les r\u00e8gles et proc\u00e9dures achats\/approvisionnement Tdh, et les proc\u00e9dures bailleurs, en collaboration avec le coordinateur logistique ;<br \/>\u2022 Assurer le suivi des \u00e9quipes logistiques sur les activit\u00e9s li\u00e9es \u00e0 son domaine pour l\u2019ensemble de la d\u00e9l\u00e9gation (r\u00e9unions r\u00e9guli\u00e8res, rapports, etc.) en veillant \u00e0 la coh\u00e9rence des actions du d\u00e9partement tel que d\u00e9finies par le coordinateur logistique ;<br \/>\u2022 Mettre en \u0153uvre des outils de monitoring des bases avec des indicateurs SMART ;<br \/>\u2022 Assurer la collaboration avec les projets pour tous les besoins li\u00e9s \u00e0 l\u2019activit\u00e9 de son<br \/>d\u00e9partement ;<br \/>\u2022 Garantir le bon d\u00e9roulement des audits, pr\u00e9-audits, rapports bailleurs (mise en place<br \/>des dossiers d\u2019achats, suivi des dossiers et supervision de l\u2019archivage).<br \/>\u2022 Participer \u00e0 l\u2019\u00e9laboration du plan d\u2019achat global annuel ;<br \/>\u2022 Participer \u00e0 la cr\u00e9ation des plans d\u2019achat avant le commencement des d\u00e9penses sur les<br \/>nouveaux budgets ;<br \/>\u2022 Respecter l&#8217;approvisionnement en mat\u00e9riel en fonction de planning pr\u00e9\u00e9tablis (Plan<br \/>d\u2019achat) ;<br \/>Mission 4 : Gestion des approvisionnements<br \/>\u2022 G\u00e9rer et superviser l\u2019ensemble des activit\u00e9s d\u2019achat et d\u2019approvisionnement effectu\u00e9s en capitale ;<br \/>\u2022 Supporter techniquement et superviser les activit\u00e9s achats effectu\u00e9s sur les bases ;<br \/>\u2022 Garantir le respect des proc\u00e9dures logistiques et administratives Tdh (et bailleurs si<br \/>n\u00e9cessaire) lors des achats au niveau capitale et pour les bases ;<br \/>\u2022 Piloter et coordonner l\u2019ensemble des activit\u00e9s d\u2019achat et approvisionnement de la<br \/>D\u00e9l\u00e9gation dans le respect des proc\u00e9dures TDH et Bailleurs ;<br \/>\u2022 Identifier et planifier les achats des bases en collaboration avec le reste de l\u2019\u00e9quipe<br \/>(Coordinateurs et Adjoint de programmes, chefs de projets, Coordinateur Admin\/Fin, Chefs de base(s)) ;<\/h4><h4>\u2022 G\u00e9rer en collaboration avec ses \u00e9quipes les dossiers d\u2019appel d\u2019offre et analyse des offres techniques.<br \/>\u2022 Assurer le suivi r\u00e9gulier des achats de la capitale et pour les bases (tableau r\u00e9capitulatif) en \u00e9troite collaboration avec le service administratif pour le paiement des acomptes et des soldes dus aux fournisseurs ;<br \/>\u2022 Achats internationaux : choisir le transitaire et g\u00e9rer le contrat, r\u00e9ceptionner et d\u00e9douaner les marchandises.<br \/>\u2022 Coordonner avec l\u2019Adjoint Coordinateur Logistique l\u2019organisation des commandes de marchandises, de leur transport et de leur stockage vers les diff\u00e9rents projets, afin de r\u00e9pondre aux besoins des projets en termes de qualit\u00e9 et de respect des d\u00e9lais ;<br \/>\u2022 Assister l\u2019Adjoint Coordinateur Logistique pour l\u2019\u00e9laboration des dossiers administratifs avec les partenaires de stockage et transport (Atlas logistiques, cluster logistique&#8230;) ;<br \/>Mission 5 : Gestion des stocks et des \u00e9quipements<br \/>\u2022 Informer l\u2019Adjoint Coordinateur logistique de la livraison des commandes sur sites pour planifier et organiser le stockage des mat\u00e9riaux ;<br \/>\u2022 Collaborer avec l\u2019Adjoint Coordinateur logistique pour fournir l\u2019ensemble des informations li\u00e9es \u00e0 son d\u00e9partement dans la gestion et le suivi des \u00e9quipements.<br \/>Mission 6 : Reporting<br \/>\u2022 Centraliser toutes les informations li\u00e9es aux activit\u00e9s de son d\u00e9partement utile de la capitale et des bases ;<br \/>\u2022 Rassembler, compiler et analyser les suivis des achats de l\u2019ensemble de la d\u00e9l\u00e9gation ;<br \/>\u2022 Contribuer au rapport mensuel (Sitrep) en fournissant les donn\u00e9es appropri\u00e9es li\u00e9es \u00e0 la<br \/>logistique des bases ;<br \/>\u2022 Assurer des rapports r\u00e9guliers de ses activit\u00e9s aupr\u00e8s du Coordinateur Logistique et \u00e0 sa<br \/>demande (r\u00e9unions d\u2019\u00e9quipe logistique, r\u00e9unions de travail).<br \/>Profil requis pour le poste<br \/>Niveau et domaine de formation, et d\u2019exp\u00e9riences<br \/>\u2022 Avoir un minimum BAC+4\/5 (minimum requis) en logistique id\u00e9alement sp\u00e9cialis\u00e9 en Achat et supply chain ;<br \/>\u2022 Et\/ou Formation logistique Type BIOFORCE (Responsable Logistique Humanitaire) serait un atout<br \/>\u2022 Exp\u00e9rience av\u00e9r\u00e9e en achat dans une ONG internationale (minimum 3 ans) ;<br \/>\u2022 Exp\u00e9rience en contexte d\u2019urgence ou dans un contexte s\u00e9curitaire instable ;<br \/>\u2022 Exp\u00e9rience en management d\u2019\u00e9quipe et exp\u00e9rience en formation\/renforcement de<br \/>comp\u00e9tences souhait\u00e9.<br \/>Comp\u00e9tences techniques<br \/>\u2022 Maitriser les proc\u00e9dures logistiques ;<br \/>\u2022 Avoir d\u2019excellentes capacit\u00e9s d\u2019organisation, de synth\u00e8se et de communication ;<br \/>\u2022 Ma\u00eetriser les proc\u00e9dures logistiques achats ;<br \/>\u2022 Avoir connaissance des proc\u00e9dures des bailleurs de fonds (ECHO, DEVCO, UNICEF, etc) ;<br \/>\u2022 Avoir de solides connaissances pratiques en informatique (MS Word, Excel, Access et Power Point).<br \/>Qualit\u00e9s personnelles<br \/>\u2022 \u00eatre pro-actif avec force de proposition ;<br \/>\u2022 \u00catre organis\u00e9, rigoureux ;<br \/>\u2022 \u00catre \u00e0 mesure de travailler sous pression et en situation difficile, g\u00e9rer la confrontation<br \/>\u00e0 la diff\u00e9rence interculturelle ;<br \/>\u2022 Savoir \u00e9tablir des liens de confiance, entretenir les relations et faire les deuils<br \/>relationnels qui permettent d\u2019avancer ;<br \/>\u2022 Faire preuve d\u2019autonomie et d\u2019anticipation et d\u2019initiative ;<br \/>\u2022 Savoir communiquer de mani\u00e8re claire, concise et responsable ;<br \/>\u2022 \u00catre en mesure de prendre des d\u00e9cisions qui lui incombent et les assumer pleinement ;<br \/>\u2022 Ma\u00eetrise de soi : self control.<br \/>PROMOTION DES VALEURS ET POLITIQUES SPECIFIQUES DE TDH-L :<br \/>Les candidats aux diff\u00e9rents postes \u00e0 pouvoir au sein de Tdh-L s\u2019engageront \u00e0 promouvoir les valeurs organisationnelles de,Participation et Autonomisation, Partenariat et Collaboration, Innovation et Apprentissage, Diversit\u00e9 et Inclusion, Leadership et Excellence, et socioculturelles propres \u00e0 l\u2019organisation, Donner du sens, \u00catre au service, \u00catre bienveillant, \u00catre int\u00e8gre, Agir avec \u00e9quit\u00e9.<br \/>Aussi, le candidat s\u2019engagera \u00e0 respecter le Code Global de Conduite (CGC) et toutes les politiques institutionnelles notamment :<br \/>\u2022 La Politique de Sauvegarde de l\u2019Enfant (PSE) ;<br \/>\u2022 La Politique Antifraude\/Corruption ;<br \/>\u2022 La Politique de S\u00fbret\u00e9 et de S\u00e9curit\u00e9 ;<br \/>\u2022 La Politique contre l\u2019Exploitation et les Abus Sexuels (PEAS) ;<br \/>\u2022 Les Directives sur les comportements abusifs au travail.<br \/>IV- PROCEDURE DU RECRUTEMENT<br \/>\u2022 (1) Pr\u00e9s\u00e9lection sur dossier &#8211; (2) Test \u00e9crit &#8211; (3) Entretien individuel COMPOSITION DU DOSSIER<br \/>\u2022 Une lettre de motivation adress\u00e9e au Chef de D\u00e9l\u00e9gation ; le candidat devra indiquer sa pr\u00e9tention salariale nette pour le poste.<br \/>\u2022 Un CV actualis\u00e9, dat\u00e9 et sign\u00e9 comprenant une liste d&#8217;au moins trois (03) r\u00e9f\u00e9rences correspondant aux derniers superviseurs directs (leurs num\u00e9ros de t\u00e9l\u00e9phone et adresses mails sont \u00e0 pr\u00e9ciser). Aussi, les dates (le d\u00e9but et la fin) relatives aux diff\u00e9rents postes occup\u00e9s doivent \u00eatre pr\u00e9cis\u00e9es.<br \/>\u2022 Une copie du dipl\u00f4me demand\u00e9.<\/h4><h4>R\u00e9ception des candidatures : uniquement par mail \u00e0 bfa.recrutement@tdh.ch en mentionnant l&#8217;intitul\u00e9 du poste. Les candidatures r\u00e9pondant au profil seront contact\u00e9es au fur et \u00e0 mesure, et le processus sera clos d\u00e8s que le poste sera pourvu.<br \/>NB : &#8211; Tdh se r\u00e9serve le droit de ne donner suite \u00e0 cette annonce.<br \/>\u2022 Seules les candidatures retenues seront contact\u00e9es.<br \/>\u2022 Les recrutements se d\u00e9rouleront au lieu d\u2019ex\u00e9cution du contrat de travail.<br \/>\u2022 Les candidatures f\u00e9minines sont vivement encourag\u00e9es.<br \/>\u2022 Le candidat admis veillera \u00e0 compl\u00e9ter son dossier de candidature par les documents<br \/>suivants : une copie l\u00e9galis\u00e9e de ses pi\u00e8ces d\u2019\u00e9tat civil et d\u2019identification, une copie l\u00e9galis\u00e9e de chaque dipl\u00f4me, attestation et, ou certificat, un casier judiciaire dat\u00e9 de moins de trois (03) mois, etc.<br \/>Cat\u00e9gorie:<br \/>\u2022 Services Emploi Date limite de validit\u00e9:<br \/>Date limite de soumission: 20 Oct 2023<br \/>Source de l&#8217;annonce: Terre des hommes (Tdh)<br \/>https:\/\/ayeler.com\/fr\/burkina-faso\/petites-annonces\/ouagadougou\/services- emploi\/1696435331-terre-des-hommes-tdh-recrute<\/h4>\t\t\t\t\t\t<\/div>\n\t\t\t\t<\/div>\n\t\t\t\t\t<\/div>\n\t\t<\/div>\n\t\t\t\t\t\t\t<\/div>\n\t\t<\/section>\n\t\t\t\t\t\t\t<\/div>\n\t\t","protected":false},"excerpt":{"rendered":"<p>Recrutement un(e) Adjoint Coordinateur Achat et Approvisionnement Localit\u00e9 : Burkina Faso \/ OuagadougouDomaine : LogistiqueNiveau : BAC + 4\/5Entreprise recruteur : Terre des hommes Terre des hommes (Tdh) recrute un(e) Adjoint Coordinateur Achat &amp; approvisionnement &#8211; Burkina FasoObjet de l&#8217;annonce:Terre des hommes (Tdh) est la plus grande organisation suisse d\u2019aide \u00e0 l\u2019enfance. Depuis 1960, Tdh&hellip;<\/p>\n","protected":false},"author":1,"featured_media":0,"parent":0,"menu_order":0,"comment_status":"closed","ping_status":"closed","template":"","meta":[],"_links":{"self":[{"href":"https:\/\/job.amd-veille.com\/index.php\/wp-json\/wp\/v2\/pages\/4799"}],"collection":[{"href":"https:\/\/job.amd-veille.com\/index.php\/wp-json\/wp\/v2\/pages"}],"about":[{"href":"https:\/\/job.amd-veille.com\/index.php\/wp-json\/wp\/v2\/types\/page"}],"author":[{"embeddable":true,"href":"https:\/\/job.amd-veille.com\/index.php\/wp-json\/wp\/v2\/users\/1"}],"replies":[{"embeddable":true,"href":"https:\/\/job.amd-veille.com\/index.php\/wp-json\/wp\/v2\/comments?post=4799"}],"version-history":[{"count":5,"href":"https:\/\/job.amd-veille.com\/index.php\/wp-json\/wp\/v2\/pages\/4799\/revisions"}],"predecessor-version":[{"id":4804,"href":"https:\/\/job.amd-veille.com\/index.php\/wp-json\/wp\/v2\/pages\/4799\/revisions\/4804"}],"wp:attachment":[{"href":"https:\/\/job.amd-veille.com\/index.php\/wp-json\/wp\/v2\/media?parent=4799"}],"curies":[{"name":"wp","href":"https:\/\/api.w.org\/{rel}","templated":true}]}}