{"id":4868,"date":"2023-10-12T10:27:24","date_gmt":"2023-10-12T10:27:24","guid":{"rendered":"https:\/\/job.amd-veille.com\/?page_id=4868"},"modified":"2023-10-12T10:29:54","modified_gmt":"2023-10-12T10:29:54","slug":"elementor-4868","status":"publish","type":"page","link":"https:\/\/job.amd-veille.com\/index.php\/elementor-4868\/","title":{"rendered":"Recrutement de Technicien Syst\u00e8me d&#8217;information"},"content":{"rendered":"\t\t<div data-elementor-type=\"wp-page\" data-elementor-id=\"4868\" class=\"elementor elementor-4868\">\n\t\t\t\t\t\t\t\t\t<section class=\"elementor-section elementor-top-section elementor-element elementor-element-380c28b elementor-section-boxed elementor-section-height-default elementor-section-height-default\" data-id=\"380c28b\" data-element_type=\"section\">\n\t\t\t\t\t\t<div class=\"elementor-container elementor-column-gap-default\">\n\t\t\t\t\t<div class=\"elementor-column elementor-col-100 elementor-top-column elementor-element elementor-element-bc800ea\" data-id=\"bc800ea\" data-element_type=\"column\">\n\t\t\t<div class=\"elementor-widget-wrap elementor-element-populated\">\n\t\t\t\t\t\t\t\t<div class=\"elementor-element elementor-element-84c6064 elementor-widget elementor-widget-heading\" data-id=\"84c6064\" data-element_type=\"widget\" data-widget_type=\"heading.default\">\n\t\t\t\t<div class=\"elementor-widget-container\">\n\t\t\t<style>\/*! elementor - v3.14.0 - 26-06-2023 *\/\n.elementor-heading-title{padding:0;margin:0;line-height:1}.elementor-widget-heading .elementor-heading-title[class*=elementor-size-]>a{color:inherit;font-size:inherit;line-height:inherit}.elementor-widget-heading .elementor-heading-title.elementor-size-small{font-size:15px}.elementor-widget-heading .elementor-heading-title.elementor-size-medium{font-size:19px}.elementor-widget-heading .elementor-heading-title.elementor-size-large{font-size:29px}.elementor-widget-heading .elementor-heading-title.elementor-size-xl{font-size:39px}.elementor-widget-heading .elementor-heading-title.elementor-size-xxl{font-size:59px}<\/style><h2 class=\"elementor-heading-title elementor-size-default\">Recrutement de Technicien Syst\u00e8me d'Information<\/h2>\t\t<\/div>\n\t\t\t\t<\/div>\n\t\t\t\t\t<\/div>\n\t\t<\/div>\n\t\t\t\t\t\t\t<\/div>\n\t\t<\/section>\n\t\t\t\t<section class=\"elementor-section elementor-top-section elementor-element elementor-element-4d9379d elementor-section-boxed elementor-section-height-default elementor-section-height-default\" data-id=\"4d9379d\" data-element_type=\"section\">\n\t\t\t\t\t\t<div class=\"elementor-container elementor-column-gap-default\">\n\t\t\t\t\t<div class=\"elementor-column elementor-col-100 elementor-top-column elementor-element elementor-element-73b10e3\" data-id=\"73b10e3\" data-element_type=\"column\">\n\t\t\t<div class=\"elementor-widget-wrap elementor-element-populated\">\n\t\t\t\t\t\t\t\t<div class=\"elementor-element elementor-element-47ec9b3 elementor-widget elementor-widget-text-editor\" data-id=\"47ec9b3\" data-element_type=\"widget\" data-widget_type=\"text-editor.default\">\n\t\t\t\t<div class=\"elementor-widget-container\">\n\t\t\t<style>\/*! elementor - v3.14.0 - 26-06-2023 *\/\n.elementor-widget-text-editor.elementor-drop-cap-view-stacked .elementor-drop-cap{background-color:#69727d;color:#fff}.elementor-widget-text-editor.elementor-drop-cap-view-framed .elementor-drop-cap{color:#69727d;border:3px solid;background-color:transparent}.elementor-widget-text-editor:not(.elementor-drop-cap-view-default) .elementor-drop-cap{margin-top:8px}.elementor-widget-text-editor:not(.elementor-drop-cap-view-default) .elementor-drop-cap-letter{width:1em;height:1em}.elementor-widget-text-editor .elementor-drop-cap{float:left;text-align:center;line-height:1;font-size:50px}.elementor-widget-text-editor .elementor-drop-cap-letter{display:inline-block}<\/style>\t\t\t\t<h4>\ud835\udc04\ud835\udc26\ud835\udc1b\ud835\udc1a\ud835\udc2e\ud835\udc1c\ud835\udc21\ud835\udc1e,<br \/>La Soci\u00e9t\u00e9 Bissa Gold SA, qui \u00e9volue dans l\u2019exploitation aurif\u00e8re industrielle depuis 2010, est situ\u00e9e \u00e0 Bissa dans la R\u00e9gion du Centre Nord, province du Bam, \u00e0 85 km de Ouagadougou, capitale du Burkina Faso. Le site de Bissa est accessible par une voie enti\u00e8rement bitum\u00e9e. Bissa Gold offre un v\u00e9ritable cadre d\u2019\u00e9panouissement professionnel alliant un parfait \u00e9quilibre entre la vie priv\u00e9e et professionnelle de ses collaborateurs. Nous vous invitons \u00e0 travers le poste de \ud835\udc13\ud835\udc04\ud835\udc02\ud835\udc07\ud835\udc0d\ud835\udc08\ud835\udc02\ud835\udc08\ud835\udc04\ud835\udc0d \ud835\udc12\ud835\udc18\ud835\udc12\ud835\udc13\ud835\udc04\ud835\udc0c\ud835\udc04\ud835\udc12 \ud835\udc08\ud835\udc0d\ud835\udc05\ud835\udc0e\ud835\udc11\ud835\udc0c\ud835\udc00\ud835\udc13\ud835\udc08\ud835\udc0e\ud835\udc0d \u00e0 saisir l\u2019opportunit\u00e9 de d\u00e9velopper rapidement votre potentiel et propulser votre carri\u00e8re.<\/h4><h4>En tant que technicien sup\u00e9rieur en support informatique, vous ferez partie int\u00e9grante de notre \u00e9quipe de support informatique et serez charg\u00e9 de fournir une assistance technique aux utilisateurs. Ce poste offre une opportunit\u00e9 unique de d\u00e9veloppement professionnel, d&#8217;apprentissage de nouvelles technologies et d&#8217;exposition \u00e0 divers projets informatiques.<\/h4><h4>TACHES ET RESPONSABILIT\u00c9S<br \/>\u2022 V\u00e9rifier l&#8217;\u00e9quipement de refroidissement et l&#8217;alimentation \u00e9lectrique sans coupure UPS), l&#8217;entretien de routine, l&#8217;\u00e9tiquetage de l&#8217;\u00e9quipement et la commutation, capture les indicateurs critiques dans un journal de bord, participe \u00e0 l&#8217;\u00e9limination des accidents dans les salles serveurs ;<br \/>\u2022 Effectuer des v\u00e9rifications r\u00e9guli\u00e8res de la disponibilit\u00e9 et de la fonctionnalit\u00e9 des \u00e9quipements sur les canaux de communication, effectue l&#8217;entretien courant, les r\u00e9parations et le remplacement des \u00e9quipements et des lignes de communication, la construction de nouvelles lignes et l&#8217;installation des \u00e9quipements ;<br \/>\u2022 Effectuer la maintenance quotidienne sur demande des utilisateurs, la maintenance planifi\u00e9e, la r\u00e9paration, le remplacement, la configuration initiale et la connexion r\u00e9seau ;<br \/>\u2022 Effectuer r\u00e9guli\u00e8rement la maintenance planifi\u00e9e des \u00e9quipements p\u00e9riph\u00e9riques, les r\u00e9parations, le remplacement des consommables, la connexion et le r\u00e9glage ;<br \/>\u2022 Effectuer une surveillance quotidienne de la conformit\u00e9 des politiques du logiciel utilis\u00e9, installe et configure le logiciel autoris\u00e9 sur les ordinateurs des utilisateurs conform\u00e9ment aux applications, met \u00e0 jour le mat\u00e9riel et les logiciels sur l&#8217;\u00e9quipement, effectue la configuration initiale lors de la mise en service ;<br \/>\u2022 D\u00e9terminer de la longueur, de la qualit\u00e9 et des coupures des lignes de communication \u00e0 l&#8217;aide d&#8217;un testeur de c\u00e2bles ;<br \/>\u2022 D\u00e9terminer l&#8217;endroit des dommages aux lignes de communication en pr\u00e9sence de noyaux en \u00e9tat de service, ainsi qu&#8217;en l&#8217;absence d&#8217;un fil en \u00e9tat de service ;<br \/>\u2022 Effectuer des mesures des param\u00e8tres des lignes de communication ;<br \/>\u2022 Diagnostiquer l&#8217;\u00e9quipement de commutation et de transmission du signal dans les lignes de communication ;<br \/>\u2022 D\u00e9panner les lignes de communication conform\u00e9ment aux normes de qualit\u00e9 ;<br \/>\u2022 Satisfaire et surveiller la mise en \u0153uvre par les utilisateurs des syst\u00e8mes d&#8217;information des exigences de l&#8217;instruction de s\u00e9curit\u00e9 de l&#8217;information ;<br \/>\u2022 Former les syst\u00e8mes de protection antivirus et teste les syst\u00e8mes d&#8217;information pour identifier les objets infect\u00e9s ;<br \/>\u2022 Compiler en temps opportun et fournit des rapports sous la forme prescrite ;<br \/>\u2022 Compiler des rapports sur les r\u00e9sultats du fonctionnement des logiciels et du mat\u00e9riel ;<br \/>\u2022 Etre capable d&#8217;utiliser des logiciels et du mat\u00e9riel pour la collecte et le traitement des donn\u00e9es, mettre \u00e0 jour le logiciel de base de donn\u00e9es, identifier et d\u00e9panner les syst\u00e8mes de gestion de base de donn\u00e9es ;<br \/>\u2022 R\u00e9aliser un autocontr\u00f4le de la qualit\u00e9 du travail effectu\u00e9, prend la responsabilit\u00e9 des d\u00e9cisions prises dans le cadre de la comp\u00e9tence professionnelle ;<br \/>\u2022 Recevoir, trier, analyser et enregistrer les appels des utilisateurs ;<br \/>\u2022 Mener des consultations, d\u00e9couvrir les besoins et envoyer au domaine d&#8217;application souhait\u00e9 pour la bonne institution de la demande ;<br \/>\u2022 Montrer les techniques de base pour travailler avec des syst\u00e8mes d&#8217;information, cr\u00e9er des applications dans le catalogue de services, poss\u00e9der un portail libre-service.<\/h4><h4>QUALIFICATION, APTITUDES ET EXPERIENCES PROFESSIONNELLES<br \/>\u2022 Bac+2 IT ou \u00e9quivalent ;<br \/>\u2022 Capacit\u00e9 \u00e0 communiquer efficacement en fran\u00e7ais et en anglais ;<br \/>\u2022 Disposer du Permis de conduire en cours de validit\u00e9 ;<br \/>\u2022 Conna\u00eet des syst\u00e8mes d&#8217;exploitation serveur et client dans le cadre des cours Microsoft 20740, 20697<br \/>\u2022 Conna\u00eet les fabricants d&#8217;\u00e9quipements serveur et client, de composants d&#8217;\u00e9quipement, de n\u0153uds typiques et de connexions. Capable de diagnostiquer les dysfonctionnements et de r\u00e9parer en utilisant des \u00e9l\u00e9ments de remplacement standard ;<br \/>\u2022 Conna\u00eet les types et les finalit\u00e9s des r\u00e9seaux informatiques, de l&#8217;architecture r\u00e9seau, des composants r\u00e9seau LAN et Wifi. Capable de configurer un syst\u00e8me d&#8217;exploitation r\u00e9seau pour l&#8217;organisation des topologies Ethernet en topologie en \u00e9toile, en bus, en anneau et maill\u00e9e. Conna\u00eet l&#8217;adressage IPv4 ;<br \/>\u2022 Conna\u00eet le routage et la commutation r\u00e9seau dans le cadre du cours Cisco CCNA ;<br \/>\u2022 Conna\u00eet diff\u00e9rents types d&#8217;\u00e9quipements, leurs performances comparatives, les derni\u00e8res tendances et d\u00e9veloppements modernes dans le domaine des installations techniques et de protection technique ;<br \/>\u2022 Conna\u00eet les syst\u00e8mes d&#8217;exploitation et les \u00e9quipements, les donn\u00e9es techniques et les caract\u00e9ristiques des \u00e9quipements utilis\u00e9s, \u00e0 l&#8217;exception des syst\u00e8mes d&#8217;exploitation. A une id\u00e9e des nouveaux d\u00e9veloppements et de leurs avantages ;<br \/>\u2022 Conna\u00eet les \u00e9tapes de d\u00e9pannage ;<br \/>\u2022 Conna\u00eet le principe de fonctionnement des appareils de d\u00e9pannage dans les lignes de communication ;<br \/>\u2022 Conna\u00eet les principales marques de c\u00e2bles et leur d\u00e9codage ;<br \/>\u2022 Conna\u00eet les caract\u00e9ristiques de base des c\u00e2bles et fils ;<br \/>\u2022 Conna\u00eet les r\u00e8gles de pose des chemins de c\u00e2bles, des fils ;<br \/>\u2022 Conna\u00eet les principaux types de mat\u00e9riaux d&#8217;isolation \u00e9lectrique ;<br \/>\u2022 Conna\u00eet les types et les m\u00e9thodes de construction de r\u00e9seaux de t\u00e9l\u00e9communications, sait pr\u00e9parer des sch\u00e9mas ;<br \/>\u2022 Conna\u00eet 7 niveaux d&#8217;un mod\u00e8le de r\u00e9f\u00e9rence pour l&#8217;engagement du r\u00e9seau ;<br \/>\u2022 Conna\u00eet les bases de la commutation et du routage IP ;<br \/>\u2022 Conna\u00eet et peut configurer l&#8217;\u00e9quipement Ubiquity ;<br \/>\u2022 Conna\u00eet et peut configurer l\u2019\u00e9quipement Hytera ;<br \/>\u2022 Conna\u00eet et sait comment faire la connexion initiale des \u00e9quipements Cisco ;<br \/>\u2022 Conna\u00eet la disponibilit\u00e9 et les sp\u00e9cifications techniques des \u00e9quipements et mat\u00e9riaux utilis\u00e9s ;<br \/>\u2022 Conna\u00eet et applique la documentation r\u00e9glementaire et technique dans le domaine des technologies de l\u2019information.<\/h4><h4>Ce qui pr\u00e9c\u00e8de constitue les exigences minimales pour mener \u00e0 bien le travail selon les normes minimales. D\u2019autres t\u00e2ches non mentionn\u00e9es ci-dessus pourraient etre d\u00e9termin\u00e9es en fonction des conditions op\u00e9rationnelles .<\/h4><h4>Le candidat devra avoir la capacit\u00e9 \u00e0 s\u2019adapter \u00e0 un syst\u00e8me \u00e9tabli, mais \u00e9galement s\u2019imposer en tant que force de proposition.<\/h4><h4>CONDITIONS DE DEPOT DES DOSSIERS DE CANDIDATURE<br \/>Les dossiers de candidature, scann\u00e9s au format PDF, sont re\u00e7us uniquement par courrier \u00e9lectronique \u00e0 l\u2019adresse suivante :<\/h4><h4>BissaGold_recrutement@nordgold.com<\/h4><h4>En pr\u00e9cisant en objet \u00abTechnicien syst\u00e8mes information\u00bb.<\/h4><h4>Date limite : Samedi 14 octobre 2023.<\/h4><h4>Candidatures f\u00e9minines fortement encourag\u00e9es<br \/>R\u00e9serves<br \/>Les candidats pr\u00e9s\u00e9lectionn\u00e9s seront invit\u00e9s \u00e0 un entretien.<br \/>En cas de non satisfaction, la soci\u00e9t\u00e9 se r\u00e9serve le droit de ne donner aucune suite au pr\u00e9sent avis de recrutement.<\/h4><h4>\ud835\udc0d\ud835\udc01 : Notez qu\u2019en aucun cas, vous ne devez faire aucun paiement \u00e0 qui que ce soit dans le cadre des avis et processus de recrutements de\u00a0Bissa\u00a0Gold\u00a0SA.<\/h4>\t\t\t\t\t\t<\/div>\n\t\t\t\t<\/div>\n\t\t\t\t\t<\/div>\n\t\t<\/div>\n\t\t\t\t\t\t\t<\/div>\n\t\t<\/section>\n\t\t\t\t\t\t\t<\/div>\n\t\t","protected":false},"excerpt":{"rendered":"<p>Recrutement de Technicien Syst\u00e8me d&#8217;Information \ud835\udc04\ud835\udc26\ud835\udc1b\ud835\udc1a\ud835\udc2e\ud835\udc1c\ud835\udc21\ud835\udc1e,La Soci\u00e9t\u00e9 Bissa Gold SA, qui \u00e9volue dans l\u2019exploitation aurif\u00e8re industrielle depuis 2010, est situ\u00e9e \u00e0 Bissa dans la R\u00e9gion du Centre Nord, province du Bam, \u00e0 85 km de Ouagadougou, capitale du Burkina Faso. Le site de Bissa est accessible par une voie enti\u00e8rement bitum\u00e9e. Bissa Gold offre un&hellip;<\/p>\n","protected":false},"author":1,"featured_media":0,"parent":0,"menu_order":0,"comment_status":"closed","ping_status":"closed","template":"","meta":[],"_links":{"self":[{"href":"https:\/\/job.amd-veille.com\/index.php\/wp-json\/wp\/v2\/pages\/4868"}],"collection":[{"href":"https:\/\/job.amd-veille.com\/index.php\/wp-json\/wp\/v2\/pages"}],"about":[{"href":"https:\/\/job.amd-veille.com\/index.php\/wp-json\/wp\/v2\/types\/page"}],"author":[{"embeddable":true,"href":"https:\/\/job.amd-veille.com\/index.php\/wp-json\/wp\/v2\/users\/1"}],"replies":[{"embeddable":true,"href":"https:\/\/job.amd-veille.com\/index.php\/wp-json\/wp\/v2\/comments?post=4868"}],"version-history":[{"count":5,"href":"https:\/\/job.amd-veille.com\/index.php\/wp-json\/wp\/v2\/pages\/4868\/revisions"}],"predecessor-version":[{"id":4873,"href":"https:\/\/job.amd-veille.com\/index.php\/wp-json\/wp\/v2\/pages\/4868\/revisions\/4873"}],"wp:attachment":[{"href":"https:\/\/job.amd-veille.com\/index.php\/wp-json\/wp\/v2\/media?parent=4868"}],"curies":[{"name":"wp","href":"https:\/\/api.w.org\/{rel}","templated":true}]}}