{"id":4988,"date":"2023-10-19T08:15:01","date_gmt":"2023-10-19T08:15:01","guid":{"rendered":"https:\/\/job.amd-veille.com\/?page_id=4988"},"modified":"2023-10-19T08:31:55","modified_gmt":"2023-10-19T08:31:55","slug":"elementor-4988","status":"publish","type":"page","link":"https:\/\/job.amd-veille.com\/index.php\/elementor-4988\/","title":{"rendered":"Recrutement d&#8217;un Charg\u00e9 de S\u00e9curit\u00e9"},"content":{"rendered":"\t\t<div data-elementor-type=\"wp-page\" data-elementor-id=\"4988\" class=\"elementor elementor-4988\">\n\t\t\t\t\t\t\t\t\t<section class=\"elementor-section elementor-top-section elementor-element elementor-element-e46a35f elementor-section-boxed elementor-section-height-default elementor-section-height-default\" data-id=\"e46a35f\" data-element_type=\"section\">\n\t\t\t\t\t\t<div class=\"elementor-container elementor-column-gap-default\">\n\t\t\t\t\t<div class=\"elementor-column elementor-col-100 elementor-top-column elementor-element elementor-element-01b2dd5\" data-id=\"01b2dd5\" data-element_type=\"column\">\n\t\t\t<div class=\"elementor-widget-wrap elementor-element-populated\">\n\t\t\t\t\t\t\t\t<div class=\"elementor-element elementor-element-ccfb5ee elementor-widget elementor-widget-heading\" data-id=\"ccfb5ee\" data-element_type=\"widget\" data-widget_type=\"heading.default\">\n\t\t\t\t<div class=\"elementor-widget-container\">\n\t\t\t<style>\/*! elementor - v3.14.0 - 26-06-2023 *\/\n.elementor-heading-title{padding:0;margin:0;line-height:1}.elementor-widget-heading .elementor-heading-title[class*=elementor-size-]>a{color:inherit;font-size:inherit;line-height:inherit}.elementor-widget-heading .elementor-heading-title.elementor-size-small{font-size:15px}.elementor-widget-heading .elementor-heading-title.elementor-size-medium{font-size:19px}.elementor-widget-heading .elementor-heading-title.elementor-size-large{font-size:29px}.elementor-widget-heading .elementor-heading-title.elementor-size-xl{font-size:39px}.elementor-widget-heading .elementor-heading-title.elementor-size-xxl{font-size:59px}<\/style><h2 class=\"elementor-heading-title elementor-size-default\">Recrutement de un charg\u00e9 de s\u00e9curit\u00e9<\/h2>\t\t<\/div>\n\t\t\t\t<\/div>\n\t\t\t\t\t<\/div>\n\t\t<\/div>\n\t\t\t\t\t\t\t<\/div>\n\t\t<\/section>\n\t\t\t\t<section class=\"elementor-section elementor-top-section elementor-element elementor-element-c3a2da2 elementor-section-boxed elementor-section-height-default elementor-section-height-default\" data-id=\"c3a2da2\" data-element_type=\"section\">\n\t\t\t\t\t\t<div class=\"elementor-container elementor-column-gap-default\">\n\t\t\t\t\t<div class=\"elementor-column elementor-col-100 elementor-top-column elementor-element elementor-element-6f55a56\" data-id=\"6f55a56\" data-element_type=\"column\">\n\t\t\t<div class=\"elementor-widget-wrap elementor-element-populated\">\n\t\t\t\t\t\t\t\t<div class=\"elementor-element elementor-element-eb8c400 elementor-widget elementor-widget-text-editor\" data-id=\"eb8c400\" data-element_type=\"widget\" data-widget_type=\"text-editor.default\">\n\t\t\t\t<div class=\"elementor-widget-container\">\n\t\t\t<style>\/*! elementor - v3.14.0 - 26-06-2023 *\/\n.elementor-widget-text-editor.elementor-drop-cap-view-stacked .elementor-drop-cap{background-color:#69727d;color:#fff}.elementor-widget-text-editor.elementor-drop-cap-view-framed .elementor-drop-cap{color:#69727d;border:3px solid;background-color:transparent}.elementor-widget-text-editor:not(.elementor-drop-cap-view-default) .elementor-drop-cap{margin-top:8px}.elementor-widget-text-editor:not(.elementor-drop-cap-view-default) .elementor-drop-cap-letter{width:1em;height:1em}.elementor-widget-text-editor .elementor-drop-cap{float:left;text-align:center;line-height:1;font-size:50px}.elementor-widget-text-editor .elementor-drop-cap-letter{display:inline-block}<\/style>\t\t\t\t<h4>Poste \u00e0 pourvoir :Charg\u00e9 de la s\u00e9curit\u00e9<\/h4><h4>Nombre de poste: 01<\/h4><h4>Lieu d&#8217;affectation: Ouagadougou<\/h4><h4>Structure recruteur: ProgettoMondo Mlal (PMM)est une ONG internationale<\/h4><h4>Structure B\u00e9n\u00e9ficiaire: ProgettoMondo Mlal est une ONG Nationale et internationale<\/h4><h4>Secteur activit\u00e9: Activit\u00e9s organisme extra territoriales<\/h4><h4>Dipl\u00f4me ou niveau: BAC+3<\/h4><h4>Option du dipl\u00f4me: S\u00e9curit\u00e9, sociologie, droit<\/h4><h4>Exp\u00e9riences : 5 ans<\/h4><h4>Capacit\u00e9s li\u00e9es \u00e0 l&#8217;emploi : voir la suite des conditions dans le journal l&#8217;Observateur Paalga du 18\/10\/2023<\/h4><h4>Connaissance en informatique: ma\u00eetriser l&#8217;outil informatique<\/h4><h4>Condition d&#8217;\u00e2ge: NP<\/h4><h4>Composition du dossier CV \u00e0 jour et mentionnant les noms,adresses emails et num\u00e9ro de t\u00e9l\u00e9phone de 3 personnes de r\u00e9f\u00e9rence sans lien de parent\u00e9\/une lettre de motivation faisant ressortir clairement les \u00e9l\u00e9ments qui vous rendent apte au poste ainsi que l&#8217;int\u00e9r\u00eat que vous portez \u00e0 ce poste et la pr\u00e9tention salariale\/autres<\/h4><h4>Date limite de dep\u00f4t des dossiers: 27\/10\/2023<\/h4><h4>Procedure de recrutement: Pr\u00e9s\u00e9lection sur dossier\/test technique suivi d&#8217;un entretien oral<\/h4><h4>Dur\u00e9e du contrat: CDD de droit Burkinab\u00e8 12 mois<\/h4><h4>Email : recrutement@progettomondosahel.org<\/h4>\t\t\t\t\t\t<\/div>\n\t\t\t\t<\/div>\n\t\t\t\t\t<\/div>\n\t\t<\/div>\n\t\t\t\t\t\t\t<\/div>\n\t\t<\/section>\n\t\t\t\t\t\t\t<\/div>\n\t\t","protected":false},"excerpt":{"rendered":"<p>Recrutement de un charg\u00e9 de s\u00e9curit\u00e9 Poste \u00e0 pourvoir :Charg\u00e9 de la s\u00e9curit\u00e9 Nombre de poste: 01 Lieu d&#8217;affectation: Ouagadougou Structure recruteur: ProgettoMondo Mlal (PMM)est une ONG internationale Structure B\u00e9n\u00e9ficiaire: ProgettoMondo Mlal est une ONG Nationale et internationale Secteur activit\u00e9: Activit\u00e9s organisme extra territoriales Dipl\u00f4me ou niveau: BAC+3 Option du dipl\u00f4me: S\u00e9curit\u00e9, sociologie, droit Exp\u00e9riences&hellip;<\/p>\n","protected":false},"author":1,"featured_media":0,"parent":0,"menu_order":0,"comment_status":"closed","ping_status":"closed","template":"","meta":[],"_links":{"self":[{"href":"https:\/\/job.amd-veille.com\/index.php\/wp-json\/wp\/v2\/pages\/4988"}],"collection":[{"href":"https:\/\/job.amd-veille.com\/index.php\/wp-json\/wp\/v2\/pages"}],"about":[{"href":"https:\/\/job.amd-veille.com\/index.php\/wp-json\/wp\/v2\/types\/page"}],"author":[{"embeddable":true,"href":"https:\/\/job.amd-veille.com\/index.php\/wp-json\/wp\/v2\/users\/1"}],"replies":[{"embeddable":true,"href":"https:\/\/job.amd-veille.com\/index.php\/wp-json\/wp\/v2\/comments?post=4988"}],"version-history":[{"count":5,"href":"https:\/\/job.amd-veille.com\/index.php\/wp-json\/wp\/v2\/pages\/4988\/revisions"}],"predecessor-version":[{"id":4993,"href":"https:\/\/job.amd-veille.com\/index.php\/wp-json\/wp\/v2\/pages\/4988\/revisions\/4993"}],"wp:attachment":[{"href":"https:\/\/job.amd-veille.com\/index.php\/wp-json\/wp\/v2\/media?parent=4988"}],"curies":[{"name":"wp","href":"https:\/\/api.w.org\/{rel}","templated":true}]}}