{"id":5100,"date":"2023-10-25T08:39:40","date_gmt":"2023-10-25T08:39:40","guid":{"rendered":"https:\/\/job.amd-veille.com\/?page_id=5100"},"modified":"2023-10-25T08:42:39","modified_gmt":"2023-10-25T08:42:39","slug":"elementor-5100","status":"publish","type":"page","link":"https:\/\/job.amd-veille.com\/index.php\/elementor-5100\/","title":{"rendered":"Recrutement d&#8217;un (e) Cuisinier (e)"},"content":{"rendered":"\t\t<div data-elementor-type=\"wp-page\" data-elementor-id=\"5100\" class=\"elementor elementor-5100\">\n\t\t\t\t\t\t\t\t\t<section class=\"elementor-section elementor-top-section elementor-element elementor-element-090446b elementor-section-boxed elementor-section-height-default elementor-section-height-default\" data-id=\"090446b\" data-element_type=\"section\">\n\t\t\t\t\t\t<div class=\"elementor-container elementor-column-gap-default\">\n\t\t\t\t\t<div class=\"elementor-column elementor-col-100 elementor-top-column elementor-element elementor-element-465a37f\" data-id=\"465a37f\" data-element_type=\"column\">\n\t\t\t<div class=\"elementor-widget-wrap elementor-element-populated\">\n\t\t\t\t\t\t\t\t<div class=\"elementor-element elementor-element-8197b00 elementor-widget elementor-widget-heading\" data-id=\"8197b00\" data-element_type=\"widget\" data-widget_type=\"heading.default\">\n\t\t\t\t<div class=\"elementor-widget-container\">\n\t\t\t<style>\/*! elementor - v3.14.0 - 26-06-2023 *\/\n.elementor-heading-title{padding:0;margin:0;line-height:1}.elementor-widget-heading .elementor-heading-title[class*=elementor-size-]>a{color:inherit;font-size:inherit;line-height:inherit}.elementor-widget-heading .elementor-heading-title.elementor-size-small{font-size:15px}.elementor-widget-heading .elementor-heading-title.elementor-size-medium{font-size:19px}.elementor-widget-heading .elementor-heading-title.elementor-size-large{font-size:29px}.elementor-widget-heading .elementor-heading-title.elementor-size-xl{font-size:39px}.elementor-widget-heading .elementor-heading-title.elementor-size-xxl{font-size:59px}<\/style><h2 class=\"elementor-heading-title elementor-size-default\">Recrutement d'un Cuisinier(e)<\/h2>\t\t<\/div>\n\t\t\t\t<\/div>\n\t\t\t\t\t<\/div>\n\t\t<\/div>\n\t\t\t\t\t\t\t<\/div>\n\t\t<\/section>\n\t\t\t\t<section class=\"elementor-section elementor-top-section elementor-element elementor-element-96d011f elementor-section-boxed elementor-section-height-default elementor-section-height-default\" data-id=\"96d011f\" data-element_type=\"section\">\n\t\t\t\t\t\t<div class=\"elementor-container elementor-column-gap-default\">\n\t\t\t\t\t<div class=\"elementor-column elementor-col-100 elementor-top-column elementor-element elementor-element-8d79a2f\" data-id=\"8d79a2f\" data-element_type=\"column\">\n\t\t\t<div class=\"elementor-widget-wrap elementor-element-populated\">\n\t\t\t\t\t\t\t\t<div class=\"elementor-element elementor-element-93e0d0d elementor-widget elementor-widget-text-editor\" data-id=\"93e0d0d\" data-element_type=\"widget\" data-widget_type=\"text-editor.default\">\n\t\t\t\t<div class=\"elementor-widget-container\">\n\t\t\t<style>\/*! elementor - v3.14.0 - 26-06-2023 *\/\n.elementor-widget-text-editor.elementor-drop-cap-view-stacked .elementor-drop-cap{background-color:#69727d;color:#fff}.elementor-widget-text-editor.elementor-drop-cap-view-framed .elementor-drop-cap{color:#69727d;border:3px solid;background-color:transparent}.elementor-widget-text-editor:not(.elementor-drop-cap-view-default) .elementor-drop-cap{margin-top:8px}.elementor-widget-text-editor:not(.elementor-drop-cap-view-default) .elementor-drop-cap-letter{width:1em;height:1em}.elementor-widget-text-editor .elementor-drop-cap{float:left;text-align:center;line-height:1;font-size:50px}.elementor-widget-text-editor .elementor-drop-cap-letter{display:inline-block}<\/style>\t\t\t\t<h4>UMO INT\u00c9RIM recherche<\/h4><h4>UN(E) CUISINIER(\u00c8RE) \u00c0 DOMICILE (LOUMBILA)<\/h4><h4>Avoir des comp\u00e9tences en cuisine Europ\u00e9enne et Africaine <br \/>Avoir occup\u00e9 un poste similaire <br \/>\u00catre ponctuel(le), disponible, propre et serviable<br \/>\u00catre organis\u00e9(e), s\u2019adapter rapidement<br \/>Savoir lire et \u00e9crire <br \/>\u00catre \u00e0 l\u2019aise avec les chiens <br \/>Lundi au Samedi de 07h \u00e0 17h<br \/>Salaire Net 110.000 F CFA <br \/>Envoyez votre candidature par WhatsApp au +226 06 20 12 90 en pr\u00e9cisant votre NOM, PR\u00c9NOMS et le poste pour lequel\u00a0vous\u00a0postulez<\/h4>\t\t\t\t\t\t<\/div>\n\t\t\t\t<\/div>\n\t\t\t\t\t<\/div>\n\t\t<\/div>\n\t\t\t\t\t\t\t<\/div>\n\t\t<\/section>\n\t\t\t\t\t\t\t<\/div>\n\t\t","protected":false},"excerpt":{"rendered":"<p>Recrutement d&#8217;un Cuisinier(e) UMO INT\u00c9RIM recherche UN(E) CUISINIER(\u00c8RE) \u00c0 DOMICILE (LOUMBILA) Avoir des comp\u00e9tences en cuisine Europ\u00e9enne et Africaine Avoir occup\u00e9 un poste similaire \u00catre ponctuel(le), disponible, propre et serviable\u00catre organis\u00e9(e), s\u2019adapter rapidementSavoir lire et \u00e9crire \u00catre \u00e0 l\u2019aise avec les chiens Lundi au Samedi de 07h \u00e0 17hSalaire Net 110.000 F CFA Envoyez votre&hellip;<\/p>\n","protected":false},"author":1,"featured_media":0,"parent":0,"menu_order":0,"comment_status":"closed","ping_status":"closed","template":"","meta":[],"_links":{"self":[{"href":"https:\/\/job.amd-veille.com\/index.php\/wp-json\/wp\/v2\/pages\/5100"}],"collection":[{"href":"https:\/\/job.amd-veille.com\/index.php\/wp-json\/wp\/v2\/pages"}],"about":[{"href":"https:\/\/job.amd-veille.com\/index.php\/wp-json\/wp\/v2\/types\/page"}],"author":[{"embeddable":true,"href":"https:\/\/job.amd-veille.com\/index.php\/wp-json\/wp\/v2\/users\/1"}],"replies":[{"embeddable":true,"href":"https:\/\/job.amd-veille.com\/index.php\/wp-json\/wp\/v2\/comments?post=5100"}],"version-history":[{"count":5,"href":"https:\/\/job.amd-veille.com\/index.php\/wp-json\/wp\/v2\/pages\/5100\/revisions"}],"predecessor-version":[{"id":5105,"href":"https:\/\/job.amd-veille.com\/index.php\/wp-json\/wp\/v2\/pages\/5100\/revisions\/5105"}],"wp:attachment":[{"href":"https:\/\/job.amd-veille.com\/index.php\/wp-json\/wp\/v2\/media?parent=5100"}],"curies":[{"name":"wp","href":"https:\/\/api.w.org\/{rel}","templated":true}]}}