{"id":5187,"date":"2023-10-30T09:31:23","date_gmt":"2023-10-30T09:31:23","guid":{"rendered":"https:\/\/job.amd-veille.com\/?page_id=5187"},"modified":"2023-10-30T09:32:50","modified_gmt":"2023-10-30T09:32:50","slug":"elementor-5187","status":"publish","type":"page","link":"https:\/\/job.amd-veille.com\/index.php\/elementor-5187\/","title":{"rendered":"Recrutement d&#8217;un Technicien informatique"},"content":{"rendered":"\t\t<div data-elementor-type=\"wp-page\" data-elementor-id=\"5187\" class=\"elementor elementor-5187\">\n\t\t\t\t\t\t\t\t\t<section class=\"elementor-section elementor-top-section elementor-element elementor-element-0458c82 elementor-section-boxed elementor-section-height-default elementor-section-height-default\" data-id=\"0458c82\" data-element_type=\"section\">\n\t\t\t\t\t\t<div class=\"elementor-container elementor-column-gap-default\">\n\t\t\t\t\t<div class=\"elementor-column elementor-col-100 elementor-top-column elementor-element elementor-element-598b60c\" data-id=\"598b60c\" data-element_type=\"column\">\n\t\t\t<div class=\"elementor-widget-wrap elementor-element-populated\">\n\t\t\t\t\t\t\t\t<div class=\"elementor-element elementor-element-2bdcea7 elementor-widget elementor-widget-heading\" data-id=\"2bdcea7\" data-element_type=\"widget\" data-widget_type=\"heading.default\">\n\t\t\t\t<div class=\"elementor-widget-container\">\n\t\t\t<style>\/*! elementor - v3.14.0 - 26-06-2023 *\/\n.elementor-heading-title{padding:0;margin:0;line-height:1}.elementor-widget-heading .elementor-heading-title[class*=elementor-size-]>a{color:inherit;font-size:inherit;line-height:inherit}.elementor-widget-heading .elementor-heading-title.elementor-size-small{font-size:15px}.elementor-widget-heading .elementor-heading-title.elementor-size-medium{font-size:19px}.elementor-widget-heading .elementor-heading-title.elementor-size-large{font-size:29px}.elementor-widget-heading .elementor-heading-title.elementor-size-xl{font-size:39px}.elementor-widget-heading .elementor-heading-title.elementor-size-xxl{font-size:59px}<\/style><h2 class=\"elementor-heading-title elementor-size-default\">Recrutement d'un Technicien informatique<\/h2>\t\t<\/div>\n\t\t\t\t<\/div>\n\t\t\t\t\t<\/div>\n\t\t<\/div>\n\t\t\t\t\t\t\t<\/div>\n\t\t<\/section>\n\t\t\t\t<section class=\"elementor-section elementor-top-section elementor-element elementor-element-cabb344 elementor-section-boxed elementor-section-height-default elementor-section-height-default\" data-id=\"cabb344\" data-element_type=\"section\">\n\t\t\t\t\t\t<div class=\"elementor-container elementor-column-gap-default\">\n\t\t\t\t\t<div class=\"elementor-column elementor-col-100 elementor-top-column elementor-element elementor-element-599954a\" data-id=\"599954a\" data-element_type=\"column\">\n\t\t\t<div class=\"elementor-widget-wrap elementor-element-populated\">\n\t\t\t\t\t\t\t\t<div class=\"elementor-element elementor-element-451fa47 elementor-widget elementor-widget-text-editor\" data-id=\"451fa47\" data-element_type=\"widget\" data-widget_type=\"text-editor.default\">\n\t\t\t\t<div class=\"elementor-widget-container\">\n\t\t\t<style>\/*! elementor - v3.14.0 - 26-06-2023 *\/\n.elementor-widget-text-editor.elementor-drop-cap-view-stacked .elementor-drop-cap{background-color:#69727d;color:#fff}.elementor-widget-text-editor.elementor-drop-cap-view-framed .elementor-drop-cap{color:#69727d;border:3px solid;background-color:transparent}.elementor-widget-text-editor:not(.elementor-drop-cap-view-default) .elementor-drop-cap{margin-top:8px}.elementor-widget-text-editor:not(.elementor-drop-cap-view-default) .elementor-drop-cap-letter{width:1em;height:1em}.elementor-widget-text-editor .elementor-drop-cap{float:left;text-align:center;line-height:1;font-size:50px}.elementor-widget-text-editor .elementor-drop-cap-letter{display:inline-block}<\/style>\t\t\t\t<h4>Poste \u00e0 pourvoir Technicien informatique<br>Nombre de poste 01<br>Lieu d&#8217;affectation Ouagadougou<br>Structure recruteur SECURICOM Project<br>Structure B\u00e9n\u00e9ficiaire SECURICOM Project<br>Secteur activit\u00e9 Non pr\u00e9cise<br>Dipl\u00f4me ou niveau Licence\/Master<br>Option du dipl\u00f4me R\u00e9seaux t\u00e9l\u00e9communication et informatique<br>Exp\u00e9riences 3 ans<br>Capacit\u00e9s li\u00e9es \u00e0 l&#8217;emploi voir la suite des conditions dans le journal l&#8217;Observateur Paalga du 27\/10\/2023<br>Connaissance en informatique Ma\u00eetriser l&#8217;outil informatique<br>Condition d&#8217;\u00e2ge NP<br>Composition du dossier Une demande manuscrite adress\u00e9e \u00e0 Monsieur le G\u00e9rant\/un CV d\u00e9taill\u00e9 dat\u00e9 et sign\u00e9\/une photocopie l\u00e9galis\u00e9e du ou des dipl\u00f4mes\/une photocopie l\u00e9galis\u00e9e de la CNIB\/photocopie du ou des attestations de travail\/un extrait de casier judiciaire(Bulletin n\u00b03) datant de moins de 3 mois\/un certificat de nationalit\u00e9\/deux extraits d&#8217;acte de naissance\/deux photos d&#8217;identit\u00e9<br>Date limite de d\u00e9p\u00f4t des dossiers 06\/11\/2023<br>Proc\u00e9dure de recrutement Pr\u00e9s\u00e9lection sur dossier\/autres<br>Dur\u00e9e du contrat NP<br>Autres conditions T\u00e9l : 55 25 50 50 \/ 73 22 49 25<br>Source de l&#8217;offre Journal l&#8217;Observateur Paalga&nbsp;du&nbsp;27\/10\/2023<\/h4>\t\t\t\t\t\t<\/div>\n\t\t\t\t<\/div>\n\t\t\t\t\t<\/div>\n\t\t<\/div>\n\t\t\t\t\t\t\t<\/div>\n\t\t<\/section>\n\t\t\t\t\t\t\t<\/div>\n\t\t","protected":false},"excerpt":{"rendered":"<p>Recrutement d&#8217;un Technicien informatique Poste \u00e0 pourvoir Technicien informatiqueNombre de poste 01Lieu d&#8217;affectation OuagadougouStructure recruteur SECURICOM ProjectStructure B\u00e9n\u00e9ficiaire SECURICOM ProjectSecteur activit\u00e9 Non pr\u00e9ciseDipl\u00f4me ou niveau Licence\/MasterOption du dipl\u00f4me R\u00e9seaux t\u00e9l\u00e9communication et informatiqueExp\u00e9riences 3 ansCapacit\u00e9s li\u00e9es \u00e0 l&#8217;emploi voir la suite des conditions dans le journal l&#8217;Observateur Paalga du 27\/10\/2023Connaissance en informatique Ma\u00eetriser l&#8217;outil informatiqueCondition d&#8217;\u00e2ge&hellip;<\/p>\n","protected":false},"author":1,"featured_media":0,"parent":0,"menu_order":0,"comment_status":"closed","ping_status":"closed","template":"","meta":[],"_links":{"self":[{"href":"https:\/\/job.amd-veille.com\/index.php\/wp-json\/wp\/v2\/pages\/5187"}],"collection":[{"href":"https:\/\/job.amd-veille.com\/index.php\/wp-json\/wp\/v2\/pages"}],"about":[{"href":"https:\/\/job.amd-veille.com\/index.php\/wp-json\/wp\/v2\/types\/page"}],"author":[{"embeddable":true,"href":"https:\/\/job.amd-veille.com\/index.php\/wp-json\/wp\/v2\/users\/1"}],"replies":[{"embeddable":true,"href":"https:\/\/job.amd-veille.com\/index.php\/wp-json\/wp\/v2\/comments?post=5187"}],"version-history":[{"count":5,"href":"https:\/\/job.amd-veille.com\/index.php\/wp-json\/wp\/v2\/pages\/5187\/revisions"}],"predecessor-version":[{"id":5192,"href":"https:\/\/job.amd-veille.com\/index.php\/wp-json\/wp\/v2\/pages\/5187\/revisions\/5192"}],"wp:attachment":[{"href":"https:\/\/job.amd-veille.com\/index.php\/wp-json\/wp\/v2\/media?parent=5187"}],"curies":[{"name":"wp","href":"https:\/\/api.w.org\/{rel}","templated":true}]}}