{"id":5223,"date":"2023-11-02T09:26:03","date_gmt":"2023-11-02T09:26:03","guid":{"rendered":"https:\/\/job.amd-veille.com\/?page_id=5223"},"modified":"2023-11-02T09:30:44","modified_gmt":"2023-11-02T09:30:44","slug":"elementor-5223","status":"publish","type":"page","link":"https:\/\/job.amd-veille.com\/index.php\/elementor-5223\/","title":{"rendered":"Recrutement de Formateurs"},"content":{"rendered":"\t\t<div data-elementor-type=\"wp-page\" data-elementor-id=\"5223\" class=\"elementor elementor-5223\">\n\t\t\t\t\t\t\t\t\t<section class=\"elementor-section elementor-top-section elementor-element elementor-element-2b79d34 elementor-section-boxed elementor-section-height-default elementor-section-height-default\" data-id=\"2b79d34\" data-element_type=\"section\">\n\t\t\t\t\t\t<div class=\"elementor-container elementor-column-gap-default\">\n\t\t\t\t\t<div class=\"elementor-column elementor-col-100 elementor-top-column elementor-element elementor-element-d9f8352\" data-id=\"d9f8352\" data-element_type=\"column\">\n\t\t\t<div class=\"elementor-widget-wrap elementor-element-populated\">\n\t\t\t\t\t\t\t\t<div class=\"elementor-element elementor-element-f452e4d elementor-widget elementor-widget-heading\" data-id=\"f452e4d\" data-element_type=\"widget\" data-widget_type=\"heading.default\">\n\t\t\t\t<div class=\"elementor-widget-container\">\n\t\t\t<style>\/*! elementor - v3.14.0 - 26-06-2023 *\/\n.elementor-heading-title{padding:0;margin:0;line-height:1}.elementor-widget-heading .elementor-heading-title[class*=elementor-size-]>a{color:inherit;font-size:inherit;line-height:inherit}.elementor-widget-heading .elementor-heading-title.elementor-size-small{font-size:15px}.elementor-widget-heading .elementor-heading-title.elementor-size-medium{font-size:19px}.elementor-widget-heading .elementor-heading-title.elementor-size-large{font-size:29px}.elementor-widget-heading .elementor-heading-title.elementor-size-xl{font-size:39px}.elementor-widget-heading .elementor-heading-title.elementor-size-xxl{font-size:59px}<\/style><h2 class=\"elementor-heading-title elementor-size-default\">Recrutement de Formateurs<\/h2>\t\t<\/div>\n\t\t\t\t<\/div>\n\t\t\t\t\t<\/div>\n\t\t<\/div>\n\t\t\t\t\t\t\t<\/div>\n\t\t<\/section>\n\t\t\t\t<section class=\"elementor-section elementor-top-section elementor-element elementor-element-6189b09 elementor-section-boxed elementor-section-height-default elementor-section-height-default\" data-id=\"6189b09\" data-element_type=\"section\">\n\t\t\t\t\t\t<div class=\"elementor-container elementor-column-gap-default\">\n\t\t\t\t\t<div class=\"elementor-column elementor-col-100 elementor-top-column elementor-element elementor-element-fb16713\" data-id=\"fb16713\" data-element_type=\"column\">\n\t\t\t<div class=\"elementor-widget-wrap elementor-element-populated\">\n\t\t\t\t\t\t\t\t<div class=\"elementor-element elementor-element-5db4585 elementor-widget elementor-widget-text-editor\" data-id=\"5db4585\" data-element_type=\"widget\" data-widget_type=\"text-editor.default\">\n\t\t\t\t<div class=\"elementor-widget-container\">\n\t\t\t<style>\/*! elementor - v3.14.0 - 26-06-2023 *\/\n.elementor-widget-text-editor.elementor-drop-cap-view-stacked .elementor-drop-cap{background-color:#69727d;color:#fff}.elementor-widget-text-editor.elementor-drop-cap-view-framed .elementor-drop-cap{color:#69727d;border:3px solid;background-color:transparent}.elementor-widget-text-editor:not(.elementor-drop-cap-view-default) .elementor-drop-cap{margin-top:8px}.elementor-widget-text-editor:not(.elementor-drop-cap-view-default) .elementor-drop-cap-letter{width:1em;height:1em}.elementor-widget-text-editor .elementor-drop-cap{float:left;text-align:center;line-height:1;font-size:50px}.elementor-widget-text-editor .elementor-drop-cap-letter{display:inline-block}<\/style>\t\t\t\t<h3>Recrutement de cinq(05) formateurs :<\/h3><h3>Formateur en informatique, <br \/>Formateur en cuisine, <br \/>Formateur en \u00e9levage,<br \/>Formateur en maraicher culture, <br \/>Formateur en couture, <br \/>Formateur en commerce<\/h3><h3>Appeler directement 79030419 \/ 57285010\/ 72823319\/ 05447387<\/h3><h3>L&#8217;agence de recrutement est situ\u00e9e \u00e0 Zogona \u00e0 300 m\u00e8tres de la porte principale de l&#8217;universit\u00e9 Joseph Ki Zerbo en face de Espace OR Jardin Resto Dounia<\/h3><h3>\u00a0<\/h3>\t\t\t\t\t\t<\/div>\n\t\t\t\t<\/div>\n\t\t\t\t\t<\/div>\n\t\t<\/div>\n\t\t\t\t\t\t\t<\/div>\n\t\t<\/section>\n\t\t\t\t\t\t\t<\/div>\n\t\t","protected":false},"excerpt":{"rendered":"<p>Recrutement de Formateurs Recrutement de cinq(05) formateurs : Formateur en informatique, Formateur en cuisine, Formateur en \u00e9levage,Formateur en maraicher culture, Formateur en couture, Formateur en commerce Appeler directement 79030419 \/ 57285010\/ 72823319\/ 05447387 L&#8217;agence de recrutement est situ\u00e9e \u00e0 Zogona \u00e0 300 m\u00e8tres de la porte principale de l&#8217;universit\u00e9 Joseph Ki Zerbo en face de&hellip;<\/p>\n","protected":false},"author":1,"featured_media":0,"parent":0,"menu_order":0,"comment_status":"closed","ping_status":"closed","template":"","meta":[],"_links":{"self":[{"href":"https:\/\/job.amd-veille.com\/index.php\/wp-json\/wp\/v2\/pages\/5223"}],"collection":[{"href":"https:\/\/job.amd-veille.com\/index.php\/wp-json\/wp\/v2\/pages"}],"about":[{"href":"https:\/\/job.amd-veille.com\/index.php\/wp-json\/wp\/v2\/types\/page"}],"author":[{"embeddable":true,"href":"https:\/\/job.amd-veille.com\/index.php\/wp-json\/wp\/v2\/users\/1"}],"replies":[{"embeddable":true,"href":"https:\/\/job.amd-veille.com\/index.php\/wp-json\/wp\/v2\/comments?post=5223"}],"version-history":[{"count":5,"href":"https:\/\/job.amd-veille.com\/index.php\/wp-json\/wp\/v2\/pages\/5223\/revisions"}],"predecessor-version":[{"id":5228,"href":"https:\/\/job.amd-veille.com\/index.php\/wp-json\/wp\/v2\/pages\/5223\/revisions\/5228"}],"wp:attachment":[{"href":"https:\/\/job.amd-veille.com\/index.php\/wp-json\/wp\/v2\/media?parent=5223"}],"curies":[{"name":"wp","href":"https:\/\/api.w.org\/{rel}","templated":true}]}}