{"id":5237,"date":"2023-11-03T10:12:33","date_gmt":"2023-11-03T10:12:33","guid":{"rendered":"https:\/\/job.amd-veille.com\/?page_id=5237"},"modified":"2023-11-03T10:15:14","modified_gmt":"2023-11-03T10:15:14","slug":"elementor-5237","status":"publish","type":"page","link":"https:\/\/job.amd-veille.com\/index.php\/elementor-5237\/","title":{"rendered":"Recrutement"},"content":{"rendered":"\t\t<div data-elementor-type=\"wp-page\" data-elementor-id=\"5237\" class=\"elementor elementor-5237\">\n\t\t\t\t\t\t\t\t\t<section class=\"elementor-section elementor-top-section elementor-element elementor-element-a45ffc6 elementor-section-boxed elementor-section-height-default elementor-section-height-default\" data-id=\"a45ffc6\" data-element_type=\"section\">\n\t\t\t\t\t\t<div class=\"elementor-container elementor-column-gap-default\">\n\t\t\t\t\t<div class=\"elementor-column elementor-col-100 elementor-top-column elementor-element elementor-element-bb36b9e\" data-id=\"bb36b9e\" data-element_type=\"column\">\n\t\t\t<div class=\"elementor-widget-wrap elementor-element-populated\">\n\t\t\t\t\t\t\t\t<div class=\"elementor-element elementor-element-b8bb0c7 elementor-widget elementor-widget-heading\" data-id=\"b8bb0c7\" data-element_type=\"widget\" data-widget_type=\"heading.default\">\n\t\t\t\t<div class=\"elementor-widget-container\">\n\t\t\t<style>\/*! elementor - v3.14.0 - 26-06-2023 *\/\n.elementor-heading-title{padding:0;margin:0;line-height:1}.elementor-widget-heading .elementor-heading-title[class*=elementor-size-]>a{color:inherit;font-size:inherit;line-height:inherit}.elementor-widget-heading .elementor-heading-title.elementor-size-small{font-size:15px}.elementor-widget-heading .elementor-heading-title.elementor-size-medium{font-size:19px}.elementor-widget-heading .elementor-heading-title.elementor-size-large{font-size:29px}.elementor-widget-heading .elementor-heading-title.elementor-size-xl{font-size:39px}.elementor-widget-heading .elementor-heading-title.elementor-size-xxl{font-size:59px}<\/style><h2 class=\"elementor-heading-title elementor-size-default\">Recrutement<\/h2>\t\t<\/div>\n\t\t\t\t<\/div>\n\t\t\t\t\t<\/div>\n\t\t<\/div>\n\t\t\t\t\t\t\t<\/div>\n\t\t<\/section>\n\t\t\t\t<section class=\"elementor-section elementor-top-section elementor-element elementor-element-a2a29a4 elementor-section-boxed elementor-section-height-default elementor-section-height-default\" data-id=\"a2a29a4\" data-element_type=\"section\">\n\t\t\t\t\t\t<div class=\"elementor-container elementor-column-gap-default\">\n\t\t\t\t\t<div class=\"elementor-column elementor-col-100 elementor-top-column elementor-element elementor-element-a5b1da7\" data-id=\"a5b1da7\" data-element_type=\"column\">\n\t\t\t<div class=\"elementor-widget-wrap elementor-element-populated\">\n\t\t\t\t\t\t\t\t<div class=\"elementor-element elementor-element-f8becff elementor-widget elementor-widget-text-editor\" data-id=\"f8becff\" data-element_type=\"widget\" data-widget_type=\"text-editor.default\">\n\t\t\t\t<div class=\"elementor-widget-container\">\n\t\t\t<style>\/*! elementor - v3.14.0 - 26-06-2023 *\/\n.elementor-widget-text-editor.elementor-drop-cap-view-stacked .elementor-drop-cap{background-color:#69727d;color:#fff}.elementor-widget-text-editor.elementor-drop-cap-view-framed .elementor-drop-cap{color:#69727d;border:3px solid;background-color:transparent}.elementor-widget-text-editor:not(.elementor-drop-cap-view-default) .elementor-drop-cap{margin-top:8px}.elementor-widget-text-editor:not(.elementor-drop-cap-view-default) .elementor-drop-cap-letter{width:1em;height:1em}.elementor-widget-text-editor .elementor-drop-cap{float:left;text-align:center;line-height:1;font-size:50px}.elementor-widget-text-editor .elementor-drop-cap-letter{display:inline-block}<\/style>\t\t\t\t<h3>Un partenaire recrute les profils suivants :<\/h3><h3>&#8211; 05 Topographes : \u00eatre titulaire d\u2019un Dipl\u00f4me de Technicien Sup\u00e9rieur en Topographie<\/h3><h3>&#8211; 05 \u00e9lectrom\u00e9caniciens : \u00eatre titulaire d\u2019un dipl\u00f4me de technicien sup\u00e9rieur en \u00e9lectrom\u00e9canique<\/h3><h3>&#8211; 05 \u00e9lectriciens : \u00eatre titulaire d\u2019un dipl\u00f4me de technicien sup\u00e9rieur en G\u00e9nie \u00e9lectrique<\/h3><h3>COMPOSITION DES DOSSIERS :<\/h3><h3>Copies l\u00e9galis\u00e9es des dipl\u00f4mes et ou Attestations<br \/>Tel: +226 76260133<br \/>Heure d\u2019appel : 08h 17h<br \/>Lieu de d\u00e9p\u00f4t : sis au 1200 logements \u00e0 proximit\u00e9 de la surface (station Total) <br \/>Date limite : Jeudi 09\u00a0Novembre\u00a02023<\/h3>\t\t\t\t\t\t<\/div>\n\t\t\t\t<\/div>\n\t\t\t\t\t<\/div>\n\t\t<\/div>\n\t\t\t\t\t\t\t<\/div>\n\t\t<\/section>\n\t\t\t\t\t\t\t<\/div>\n\t\t","protected":false},"excerpt":{"rendered":"<p>Recrutement Un partenaire recrute les profils suivants : &#8211; 05 Topographes : \u00eatre titulaire d\u2019un Dipl\u00f4me de Technicien Sup\u00e9rieur en Topographie &#8211; 05 \u00e9lectrom\u00e9caniciens : \u00eatre titulaire d\u2019un dipl\u00f4me de technicien sup\u00e9rieur en \u00e9lectrom\u00e9canique &#8211; 05 \u00e9lectriciens : \u00eatre titulaire d\u2019un dipl\u00f4me de technicien sup\u00e9rieur en G\u00e9nie \u00e9lectrique COMPOSITION DES DOSSIERS : Copies l\u00e9galis\u00e9es des&hellip;<\/p>\n","protected":false},"author":1,"featured_media":0,"parent":0,"menu_order":0,"comment_status":"closed","ping_status":"closed","template":"","meta":[],"_links":{"self":[{"href":"https:\/\/job.amd-veille.com\/index.php\/wp-json\/wp\/v2\/pages\/5237"}],"collection":[{"href":"https:\/\/job.amd-veille.com\/index.php\/wp-json\/wp\/v2\/pages"}],"about":[{"href":"https:\/\/job.amd-veille.com\/index.php\/wp-json\/wp\/v2\/types\/page"}],"author":[{"embeddable":true,"href":"https:\/\/job.amd-veille.com\/index.php\/wp-json\/wp\/v2\/users\/1"}],"replies":[{"embeddable":true,"href":"https:\/\/job.amd-veille.com\/index.php\/wp-json\/wp\/v2\/comments?post=5237"}],"version-history":[{"count":5,"href":"https:\/\/job.amd-veille.com\/index.php\/wp-json\/wp\/v2\/pages\/5237\/revisions"}],"predecessor-version":[{"id":5242,"href":"https:\/\/job.amd-veille.com\/index.php\/wp-json\/wp\/v2\/pages\/5237\/revisions\/5242"}],"wp:attachment":[{"href":"https:\/\/job.amd-veille.com\/index.php\/wp-json\/wp\/v2\/media?parent=5237"}],"curies":[{"name":"wp","href":"https:\/\/api.w.org\/{rel}","templated":true}]}}