{"id":5273,"date":"2023-12-05T10:33:46","date_gmt":"2023-12-05T10:33:46","guid":{"rendered":"https:\/\/job.amd-veille.com\/?page_id=5273"},"modified":"2023-12-05T10:36:20","modified_gmt":"2023-12-05T10:36:20","slug":"elementor-5273","status":"publish","type":"page","link":"https:\/\/job.amd-veille.com\/index.php\/elementor-5273\/","title":{"rendered":"Recrutement de deux (02) Caissi\u00e8res"},"content":{"rendered":"\t\t<div data-elementor-type=\"wp-page\" data-elementor-id=\"5273\" class=\"elementor elementor-5273\">\n\t\t\t\t\t\t\t\t\t<section class=\"elementor-section elementor-top-section elementor-element elementor-element-46f63d7 elementor-section-boxed elementor-section-height-default elementor-section-height-default\" data-id=\"46f63d7\" data-element_type=\"section\">\n\t\t\t\t\t\t<div class=\"elementor-container elementor-column-gap-default\">\n\t\t\t\t\t<div class=\"elementor-column elementor-col-100 elementor-top-column elementor-element elementor-element-a987121\" data-id=\"a987121\" data-element_type=\"column\">\n\t\t\t<div class=\"elementor-widget-wrap elementor-element-populated\">\n\t\t\t\t\t\t\t\t<div class=\"elementor-element elementor-element-5b1b2ab elementor-widget elementor-widget-heading\" data-id=\"5b1b2ab\" data-element_type=\"widget\" data-widget_type=\"heading.default\">\n\t\t\t\t<div class=\"elementor-widget-container\">\n\t\t\t<style>\/*! elementor - v3.14.0 - 26-06-2023 *\/\n.elementor-heading-title{padding:0;margin:0;line-height:1}.elementor-widget-heading .elementor-heading-title[class*=elementor-size-]>a{color:inherit;font-size:inherit;line-height:inherit}.elementor-widget-heading .elementor-heading-title.elementor-size-small{font-size:15px}.elementor-widget-heading .elementor-heading-title.elementor-size-medium{font-size:19px}.elementor-widget-heading .elementor-heading-title.elementor-size-large{font-size:29px}.elementor-widget-heading .elementor-heading-title.elementor-size-xl{font-size:39px}.elementor-widget-heading .elementor-heading-title.elementor-size-xxl{font-size:59px}<\/style><h2 class=\"elementor-heading-title elementor-size-default\">Recrutement de deux (02) Caissi\u00e8res<\/h2>\t\t<\/div>\n\t\t\t\t<\/div>\n\t\t\t\t\t<\/div>\n\t\t<\/div>\n\t\t\t\t\t\t\t<\/div>\n\t\t<\/section>\n\t\t\t\t<section class=\"elementor-section elementor-top-section elementor-element elementor-element-fd55b32 elementor-section-boxed elementor-section-height-default elementor-section-height-default\" data-id=\"fd55b32\" data-element_type=\"section\">\n\t\t\t\t\t\t<div class=\"elementor-container elementor-column-gap-default\">\n\t\t\t\t\t<div class=\"elementor-column elementor-col-100 elementor-top-column elementor-element elementor-element-ae4a6ac\" data-id=\"ae4a6ac\" data-element_type=\"column\">\n\t\t\t<div class=\"elementor-widget-wrap elementor-element-populated\">\n\t\t\t\t\t\t\t\t<div class=\"elementor-element elementor-element-f068ebd elementor-widget elementor-widget-text-editor\" data-id=\"f068ebd\" data-element_type=\"widget\" data-widget_type=\"text-editor.default\">\n\t\t\t\t<div class=\"elementor-widget-container\">\n\t\t\t<style>\/*! elementor - v3.14.0 - 26-06-2023 *\/\n.elementor-widget-text-editor.elementor-drop-cap-view-stacked .elementor-drop-cap{background-color:#69727d;color:#fff}.elementor-widget-text-editor.elementor-drop-cap-view-framed .elementor-drop-cap{color:#69727d;border:3px solid;background-color:transparent}.elementor-widget-text-editor:not(.elementor-drop-cap-view-default) .elementor-drop-cap{margin-top:8px}.elementor-widget-text-editor:not(.elementor-drop-cap-view-default) .elementor-drop-cap-letter{width:1em;height:1em}.elementor-widget-text-editor .elementor-drop-cap{float:left;text-align:center;line-height:1;font-size:50px}.elementor-widget-text-editor .elementor-drop-cap-letter{display:inline-block}<\/style>\t\t\t\t<h4>Opportunit\u00e9 d&#8217;emploi : 2 Caissi\u00e8res<br \/>Lieu d\u2019affectation : Kalgondin (Ouagadougou)<br \/>Nous recherchons deux (2) caissi\u00e8res dynamiques et motiv\u00e9es pour rejoindre notre \u00e9quipe.<br \/>Responsabilit\u00e9s :<br \/>&#8211; G\u00e9rer les transactions de caisse avec pr\u00e9cision.<br \/>&#8211; Fournir un service client exceptionnel.<br \/>&#8211; Maintenir un environnement de caisse propre et ordonn\u00e9.<br \/>Exigences :<br \/>&#8211; Exp\u00e9rience ant\u00e9rieure obligatoire d\u2019au moins 6 mois <br \/>&#8211; Excellentes comp\u00e9tences en communication.<br \/>&#8211; Capacit\u00e9 \u00e0 travailler efficacement sous pression.<br \/>&#8211; Avoir au moins le BEP ou tout dipl\u00f4me \u00e9quivalent.<br \/>-\u00catre \u00e2g\u00e9 tout au plus de 35 ans.<br \/>-\u00catre discret.<br \/>-\u00catre Imm\u00e9diatement disponible.<br \/>Avantages :<br \/>&#8211; Salaire comp\u00e9titif.<br \/>&#8211; Environnement de travail positif.<br \/>&#8211; Possibilit\u00e9s de d\u00e9veloppement professionnel.<br \/>Si vous \u00eates pr\u00eat(e) \u00e0 relever ce d\u00e9fi et \u00e0 contribuer au succ\u00e8s de notre \u00e9quipe, envoyez votre CV, CNIB, dipl\u00f4mes et attestations \u00e0 mistaud@yahoo.fr <br \/>Date limite de d\u00e9p\u00f4t Jeudi 7 D\u00e9cembre\u00a02023\u00a0\u00e0\u00a023\u00a0H\u00a059<\/h4>\t\t\t\t\t\t<\/div>\n\t\t\t\t<\/div>\n\t\t\t\t\t<\/div>\n\t\t<\/div>\n\t\t\t\t\t\t\t<\/div>\n\t\t<\/section>\n\t\t\t\t\t\t\t<\/div>\n\t\t","protected":false},"excerpt":{"rendered":"<p>Recrutement de deux (02) Caissi\u00e8res Opportunit\u00e9 d&#8217;emploi : 2 Caissi\u00e8resLieu d\u2019affectation : Kalgondin (Ouagadougou)Nous recherchons deux (2) caissi\u00e8res dynamiques et motiv\u00e9es pour rejoindre notre \u00e9quipe.Responsabilit\u00e9s :&#8211; G\u00e9rer les transactions de caisse avec pr\u00e9cision.&#8211; Fournir un service client exceptionnel.&#8211; Maintenir un environnement de caisse propre et ordonn\u00e9.Exigences :&#8211; Exp\u00e9rience ant\u00e9rieure obligatoire d\u2019au moins 6 mois &#8211;&hellip;<\/p>\n","protected":false},"author":1,"featured_media":0,"parent":0,"menu_order":0,"comment_status":"closed","ping_status":"closed","template":"","meta":[],"_links":{"self":[{"href":"https:\/\/job.amd-veille.com\/index.php\/wp-json\/wp\/v2\/pages\/5273"}],"collection":[{"href":"https:\/\/job.amd-veille.com\/index.php\/wp-json\/wp\/v2\/pages"}],"about":[{"href":"https:\/\/job.amd-veille.com\/index.php\/wp-json\/wp\/v2\/types\/page"}],"author":[{"embeddable":true,"href":"https:\/\/job.amd-veille.com\/index.php\/wp-json\/wp\/v2\/users\/1"}],"replies":[{"embeddable":true,"href":"https:\/\/job.amd-veille.com\/index.php\/wp-json\/wp\/v2\/comments?post=5273"}],"version-history":[{"count":5,"href":"https:\/\/job.amd-veille.com\/index.php\/wp-json\/wp\/v2\/pages\/5273\/revisions"}],"predecessor-version":[{"id":5278,"href":"https:\/\/job.amd-veille.com\/index.php\/wp-json\/wp\/v2\/pages\/5273\/revisions\/5278"}],"wp:attachment":[{"href":"https:\/\/job.amd-veille.com\/index.php\/wp-json\/wp\/v2\/media?parent=5273"}],"curies":[{"name":"wp","href":"https:\/\/api.w.org\/{rel}","templated":true}]}}