{"id":5297,"date":"2023-12-05T15:08:30","date_gmt":"2023-12-05T15:08:30","guid":{"rendered":"https:\/\/job.amd-veille.com\/?page_id=5297"},"modified":"2023-12-05T15:11:14","modified_gmt":"2023-12-05T15:11:14","slug":"elementor-5297","status":"publish","type":"page","link":"https:\/\/job.amd-veille.com\/index.php\/elementor-5297\/","title":{"rendered":"Recrutement d&#8217;un Chauffeur-livreur tricycle"},"content":{"rendered":"\t\t<div data-elementor-type=\"wp-page\" data-elementor-id=\"5297\" class=\"elementor elementor-5297\">\n\t\t\t\t\t\t\t\t\t<section class=\"elementor-section elementor-top-section elementor-element elementor-element-5262623 elementor-section-boxed elementor-section-height-default elementor-section-height-default\" data-id=\"5262623\" data-element_type=\"section\">\n\t\t\t\t\t\t<div class=\"elementor-container elementor-column-gap-default\">\n\t\t\t\t\t<div class=\"elementor-column elementor-col-100 elementor-top-column elementor-element elementor-element-ee67fd8\" data-id=\"ee67fd8\" data-element_type=\"column\">\n\t\t\t<div class=\"elementor-widget-wrap elementor-element-populated\">\n\t\t\t\t\t\t\t\t<div class=\"elementor-element elementor-element-9c64f32 elementor-widget elementor-widget-heading\" data-id=\"9c64f32\" data-element_type=\"widget\" data-widget_type=\"heading.default\">\n\t\t\t\t<div class=\"elementor-widget-container\">\n\t\t\t<style>\/*! elementor - v3.14.0 - 26-06-2023 *\/\n.elementor-heading-title{padding:0;margin:0;line-height:1}.elementor-widget-heading .elementor-heading-title[class*=elementor-size-]>a{color:inherit;font-size:inherit;line-height:inherit}.elementor-widget-heading .elementor-heading-title.elementor-size-small{font-size:15px}.elementor-widget-heading .elementor-heading-title.elementor-size-medium{font-size:19px}.elementor-widget-heading .elementor-heading-title.elementor-size-large{font-size:29px}.elementor-widget-heading .elementor-heading-title.elementor-size-xl{font-size:39px}.elementor-widget-heading .elementor-heading-title.elementor-size-xxl{font-size:59px}<\/style><h2 class=\"elementor-heading-title elementor-size-default\">Recrutement d'un Chauffeur-livreur tricycle <\/h2>\t\t<\/div>\n\t\t\t\t<\/div>\n\t\t\t\t\t<\/div>\n\t\t<\/div>\n\t\t\t\t\t\t\t<\/div>\n\t\t<\/section>\n\t\t\t\t<section class=\"elementor-section elementor-top-section elementor-element elementor-element-cfb1198 elementor-section-boxed elementor-section-height-default elementor-section-height-default\" data-id=\"cfb1198\" data-element_type=\"section\">\n\t\t\t\t\t\t<div class=\"elementor-container elementor-column-gap-default\">\n\t\t\t\t\t<div class=\"elementor-column elementor-col-100 elementor-top-column elementor-element elementor-element-1265ac9\" data-id=\"1265ac9\" data-element_type=\"column\">\n\t\t\t<div class=\"elementor-widget-wrap elementor-element-populated\">\n\t\t\t\t\t\t\t\t<div class=\"elementor-element elementor-element-171e1d2 elementor-widget elementor-widget-text-editor\" data-id=\"171e1d2\" data-element_type=\"widget\" data-widget_type=\"text-editor.default\">\n\t\t\t\t<div class=\"elementor-widget-container\">\n\t\t\t<style>\/*! elementor - v3.14.0 - 26-06-2023 *\/\n.elementor-widget-text-editor.elementor-drop-cap-view-stacked .elementor-drop-cap{background-color:#69727d;color:#fff}.elementor-widget-text-editor.elementor-drop-cap-view-framed .elementor-drop-cap{color:#69727d;border:3px solid;background-color:transparent}.elementor-widget-text-editor:not(.elementor-drop-cap-view-default) .elementor-drop-cap{margin-top:8px}.elementor-widget-text-editor:not(.elementor-drop-cap-view-default) .elementor-drop-cap-letter{width:1em;height:1em}.elementor-widget-text-editor .elementor-drop-cap{float:left;text-align:center;line-height:1;font-size:50px}.elementor-widget-text-editor .elementor-drop-cap-letter{display:inline-block}<\/style>\t\t\t\t<h4>Emploi : Chauffeur-livreur-tricycle<br \/>Lieu d\u2019affectation : Ouagadougou \/ Boromo<br \/>Nombre de postes : 02<br \/>Niveau d\u2019\u00e9tude : CEP<br \/>Exp\u00e9rience requise : 03 ans dans un poste similaire, Avoir de bonnes connaissances en m\u00e9canique auto-moto<br \/>Type de contrat : Contrat \u00e0 Dur\u00e9e D\u00e9termin\u00e9e (CDD) incluant une p\u00e9riode d\u2019essai de 03 mois<br \/>Structure b\u00e9n\u00e9ficiaire : COBAJii<\/h4><h4>CONDITIONS REQUISES<\/h4><h4>&#8211; \u00catre capable de travailler en \u00e9quipe, sous pression et sous contraintes d\u2019horaires modulables ;<br \/>&#8211; Avoir une bonne r\u00e9putation morale et sociale ;<br \/>&#8211; \u00catre dynamique ;<br \/>&#8211; Avoir un \u00e2ge compris entre 18 et 45 ans au 31\/12\/2023<br \/>&#8211; Accepter de r\u00e9sider en alternance entre Boromo et Ouagadougou<\/h4><h4>COMPOSITION DU DOSSIER<\/h4><h4>&#8211; Une demande d\u2019acte de candidature adress\u00e9e \u00e0 monsieur le Directeur de<br \/>COBAJII ;<br \/>&#8211; Une copie de la CNIB en cours de validit\u00e9 ;<br \/>&#8211; Une copie de l\u2019acte de naissance ;<br \/>&#8211; Une copie des dipl\u00f4mes et attestations ;<br \/>&#8211; Une lettre de motivation ;<br \/>&#8211; Un curriculum vitae actualis\u00e9, dat\u00e9 et sign\u00e9 du candidat ;<br \/>&#8211; Tout document jug\u00e9 pertinent<\/h4><h4>DEPOT DE DOSSIER<\/h4><h4>Envoyez vos dossiers en un fichier unique par mail a l&#8217;adresse suivante : ouedalexandre77@gmail.com<\/h4><h4>D\u00e9lai des d\u00e9p\u00f4ts des candidatures le SAMEDI 09 DECEMBRE\u00a02023\u00a0a\u00a017h30mn<\/h4>\t\t\t\t\t\t<\/div>\n\t\t\t\t<\/div>\n\t\t\t\t\t<\/div>\n\t\t<\/div>\n\t\t\t\t\t\t\t<\/div>\n\t\t<\/section>\n\t\t\t\t\t\t\t<\/div>\n\t\t","protected":false},"excerpt":{"rendered":"<p>Recrutement d&#8217;un Chauffeur-livreur tricycle Emploi : Chauffeur-livreur-tricycleLieu d\u2019affectation : Ouagadougou \/ BoromoNombre de postes : 02Niveau d\u2019\u00e9tude : CEPExp\u00e9rience requise : 03 ans dans un poste similaire, Avoir de bonnes connaissances en m\u00e9canique auto-motoType de contrat : Contrat \u00e0 Dur\u00e9e D\u00e9termin\u00e9e (CDD) incluant une p\u00e9riode d\u2019essai de 03 moisStructure b\u00e9n\u00e9ficiaire : COBAJii CONDITIONS REQUISES &#8211;&hellip;<\/p>\n","protected":false},"author":1,"featured_media":0,"parent":0,"menu_order":0,"comment_status":"closed","ping_status":"closed","template":"","meta":[],"_links":{"self":[{"href":"https:\/\/job.amd-veille.com\/index.php\/wp-json\/wp\/v2\/pages\/5297"}],"collection":[{"href":"https:\/\/job.amd-veille.com\/index.php\/wp-json\/wp\/v2\/pages"}],"about":[{"href":"https:\/\/job.amd-veille.com\/index.php\/wp-json\/wp\/v2\/types\/page"}],"author":[{"embeddable":true,"href":"https:\/\/job.amd-veille.com\/index.php\/wp-json\/wp\/v2\/users\/1"}],"replies":[{"embeddable":true,"href":"https:\/\/job.amd-veille.com\/index.php\/wp-json\/wp\/v2\/comments?post=5297"}],"version-history":[{"count":5,"href":"https:\/\/job.amd-veille.com\/index.php\/wp-json\/wp\/v2\/pages\/5297\/revisions"}],"predecessor-version":[{"id":5302,"href":"https:\/\/job.amd-veille.com\/index.php\/wp-json\/wp\/v2\/pages\/5297\/revisions\/5302"}],"wp:attachment":[{"href":"https:\/\/job.amd-veille.com\/index.php\/wp-json\/wp\/v2\/media?parent=5297"}],"curies":[{"name":"wp","href":"https:\/\/api.w.org\/{rel}","templated":true}]}}