{"id":5305,"date":"2023-12-06T08:57:40","date_gmt":"2023-12-06T08:57:40","guid":{"rendered":"https:\/\/job.amd-veille.com\/?page_id=5305"},"modified":"2023-12-06T08:58:49","modified_gmt":"2023-12-06T08:58:49","slug":"elementor-5305","status":"publish","type":"page","link":"https:\/\/job.amd-veille.com\/index.php\/elementor-5305\/","title":{"rendered":"Recrutement d&#8217;Agents de S\u00e9curit\u00e9"},"content":{"rendered":"\t\t<div data-elementor-type=\"wp-page\" data-elementor-id=\"5305\" class=\"elementor elementor-5305\">\n\t\t\t\t\t\t\t\t\t<section class=\"elementor-section elementor-top-section elementor-element elementor-element-7280308 elementor-section-boxed elementor-section-height-default elementor-section-height-default\" data-id=\"7280308\" data-element_type=\"section\">\n\t\t\t\t\t\t<div class=\"elementor-container elementor-column-gap-default\">\n\t\t\t\t\t<div class=\"elementor-column elementor-col-100 elementor-top-column elementor-element elementor-element-d5bfed3\" data-id=\"d5bfed3\" data-element_type=\"column\">\n\t\t\t<div class=\"elementor-widget-wrap elementor-element-populated\">\n\t\t\t\t\t\t\t\t<div class=\"elementor-element elementor-element-44c3edb elementor-widget elementor-widget-heading\" data-id=\"44c3edb\" data-element_type=\"widget\" data-widget_type=\"heading.default\">\n\t\t\t\t<div class=\"elementor-widget-container\">\n\t\t\t<style>\/*! elementor - v3.14.0 - 26-06-2023 *\/\n.elementor-heading-title{padding:0;margin:0;line-height:1}.elementor-widget-heading .elementor-heading-title[class*=elementor-size-]>a{color:inherit;font-size:inherit;line-height:inherit}.elementor-widget-heading .elementor-heading-title.elementor-size-small{font-size:15px}.elementor-widget-heading .elementor-heading-title.elementor-size-medium{font-size:19px}.elementor-widget-heading .elementor-heading-title.elementor-size-large{font-size:29px}.elementor-widget-heading .elementor-heading-title.elementor-size-xl{font-size:39px}.elementor-widget-heading .elementor-heading-title.elementor-size-xxl{font-size:59px}<\/style><h2 class=\"elementor-heading-title elementor-size-default\">Recrutement d'Agents de S\u00e9curit\u00e9<\/h2>\t\t<\/div>\n\t\t\t\t<\/div>\n\t\t\t\t\t<\/div>\n\t\t<\/div>\n\t\t\t\t\t\t\t<\/div>\n\t\t<\/section>\n\t\t\t\t<section class=\"elementor-section elementor-top-section elementor-element elementor-element-f4d4c9f elementor-section-boxed elementor-section-height-default elementor-section-height-default\" data-id=\"f4d4c9f\" data-element_type=\"section\">\n\t\t\t\t\t\t<div class=\"elementor-container elementor-column-gap-default\">\n\t\t\t\t\t<div class=\"elementor-column elementor-col-100 elementor-top-column elementor-element elementor-element-0751c37\" data-id=\"0751c37\" data-element_type=\"column\">\n\t\t\t<div class=\"elementor-widget-wrap elementor-element-populated\">\n\t\t\t\t\t\t\t\t<div class=\"elementor-element elementor-element-8ff1302 elementor-widget elementor-widget-text-editor\" data-id=\"8ff1302\" data-element_type=\"widget\" data-widget_type=\"text-editor.default\">\n\t\t\t\t<div class=\"elementor-widget-container\">\n\t\t\t<style>\/*! elementor - v3.14.0 - 26-06-2023 *\/\n.elementor-widget-text-editor.elementor-drop-cap-view-stacked .elementor-drop-cap{background-color:#69727d;color:#fff}.elementor-widget-text-editor.elementor-drop-cap-view-framed .elementor-drop-cap{color:#69727d;border:3px solid;background-color:transparent}.elementor-widget-text-editor:not(.elementor-drop-cap-view-default) .elementor-drop-cap{margin-top:8px}.elementor-widget-text-editor:not(.elementor-drop-cap-view-default) .elementor-drop-cap-letter{width:1em;height:1em}.elementor-widget-text-editor .elementor-drop-cap{float:left;text-align:center;line-height:1;font-size:50px}.elementor-widget-text-editor .elementor-drop-cap-letter{display:inline-block}<\/style>\t\t\t\t<h4>Poste \u00e0 pourvoir : AGENT DE S\u00c9CURIT\u00c9 <br \/>Nombre de postes : 100 dont 80 Hommes 20 Femmes.<br \/>Lieu d&#8217;affectation : Ouagadougou<\/h4><h4>T\u00c2CHES PRINCIPALES : <br \/>-Assurer la S\u00e9curit\u00e9 des clients et de leur biens en suivant les proc\u00e9dures mises en place <br \/>-Surveiller les lieux et les \u00e9quipements pour pr\u00e9venir les intrusions et les incidents <br \/>-Effectuer des patrouilles de surveillance r\u00e9guli\u00e8re <br \/>-R\u00e9agir rapidement aux situations d&#8217;urgence et d&#8217;appliquer les proc\u00e9dures de s\u00e9curit\u00e9 \u00e9tablies<br \/>-Coop\u00e9rer avec les \u00e9quipes internes pour garantir un Environnement s\u00fbr <br \/>-Rediger des rapports d\u00e9taill\u00e9s sur les activit\u00e9s et incidents observ\u00e9s<br \/>-Assurer le respect du plan de travail et proposer des r\u00e9ajustements si n\u00e9cessaire.<\/h4><h4>PROFIL RECHERCH\u00c9 : <br \/>Exp\u00e9rience ant\u00e9rieure dans la s\u00e9curit\u00e9 priv\u00e9e ou dans des domaines similaires serait un atout.<br \/>Connaissance des protocoles de s\u00e9curit\u00e9 et des proc\u00e9dures d&#8217;intervention <br \/>Capacit\u00e9 \u00e0 travailler en \u00e9quipe et sous pression<br \/>Bonne comp\u00e9tence en communication et en r\u00e9solution des conflits <br \/>\u00catre de bonne moralit\u00e9<br \/>Faire preuve de discr\u00e9tion et de discernement<br \/>Avoir une bonne aptitude physique <br \/>Taille minimum requise : 170cm<br \/>\u00c2ge : 20-35ans<br \/>Avoir un permis de conduire serait un atout.<\/h4><h4>COMPOSITION DU DOSSIER DE CANDIDATURE : <br \/>-Une demande manuscrite adress\u00e9e au Directeur G\u00e9n\u00e9ral.<br \/>-Un curriculum vit\u00e6 \u00e0 jour dat\u00e9 et sign\u00e9 avec deux personnes de r\u00e9f\u00e9rence<br \/>-Une Photocopie l\u00e9galis\u00e9e du dernier dipl\u00f4me obtenu <br \/>-Une photocopie l\u00e9galis\u00e9e de la carte nationale d&#8217;identit\u00e9 Burkinab\u00e8<br \/>-Un extrait d&#8217;acte de naissance<br \/>-Un casier judiciaire<br \/>-Certificat de visite contre visite <br \/>-Deux photos d&#8217;identit\u00e9<\/h4><h4>D\u00c9P\u00d4T DES DOSSIERS DE CANDIDATURE: <br \/>Les dossiers sont recevables au si\u00e8ge du 01 au 22 D\u00e9cembre 2023 ( du lundi au vendredi de 08h &#8211; 16h )non loin du ch\u00e2teau jumbo \u00e0 pissy ou par courrier \u00e9lectronique a l&#8217;adresse suivante: stargatesecurite@gmail.com en un fichier unique.<\/h4><h4>Contact : 70446373\/ 76927143\u00a0\/78419099<\/h4>\t\t\t\t\t\t<\/div>\n\t\t\t\t<\/div>\n\t\t\t\t\t<\/div>\n\t\t<\/div>\n\t\t\t\t\t\t\t<\/div>\n\t\t<\/section>\n\t\t\t\t\t\t\t<\/div>\n\t\t","protected":false},"excerpt":{"rendered":"<p>Recrutement d&#8217;Agents de S\u00e9curit\u00e9 Poste \u00e0 pourvoir : AGENT DE S\u00c9CURIT\u00c9 Nombre de postes : 100 dont 80 Hommes 20 Femmes.Lieu d&#8217;affectation : Ouagadougou T\u00c2CHES PRINCIPALES : -Assurer la S\u00e9curit\u00e9 des clients et de leur biens en suivant les proc\u00e9dures mises en place -Surveiller les lieux et les \u00e9quipements pour pr\u00e9venir les intrusions et les&hellip;<\/p>\n","protected":false},"author":1,"featured_media":0,"parent":0,"menu_order":0,"comment_status":"closed","ping_status":"closed","template":"","meta":[],"_links":{"self":[{"href":"https:\/\/job.amd-veille.com\/index.php\/wp-json\/wp\/v2\/pages\/5305"}],"collection":[{"href":"https:\/\/job.amd-veille.com\/index.php\/wp-json\/wp\/v2\/pages"}],"about":[{"href":"https:\/\/job.amd-veille.com\/index.php\/wp-json\/wp\/v2\/types\/page"}],"author":[{"embeddable":true,"href":"https:\/\/job.amd-veille.com\/index.php\/wp-json\/wp\/v2\/users\/1"}],"replies":[{"embeddable":true,"href":"https:\/\/job.amd-veille.com\/index.php\/wp-json\/wp\/v2\/comments?post=5305"}],"version-history":[{"count":5,"href":"https:\/\/job.amd-veille.com\/index.php\/wp-json\/wp\/v2\/pages\/5305\/revisions"}],"predecessor-version":[{"id":5310,"href":"https:\/\/job.amd-veille.com\/index.php\/wp-json\/wp\/v2\/pages\/5305\/revisions\/5310"}],"wp:attachment":[{"href":"https:\/\/job.amd-veille.com\/index.php\/wp-json\/wp\/v2\/media?parent=5305"}],"curies":[{"name":"wp","href":"https:\/\/api.w.org\/{rel}","templated":true}]}}