{"id":5330,"date":"2023-12-06T10:10:15","date_gmt":"2023-12-06T10:10:15","guid":{"rendered":"https:\/\/job.amd-veille.com\/?page_id=5330"},"modified":"2023-12-06T10:16:14","modified_gmt":"2023-12-06T10:16:14","slug":"elementor-5330","status":"publish","type":"page","link":"https:\/\/job.amd-veille.com\/index.php\/elementor-5330\/","title":{"rendered":"Recrutement d&#8217;un Cuisinier"},"content":{"rendered":"\t\t<div data-elementor-type=\"wp-page\" data-elementor-id=\"5330\" class=\"elementor elementor-5330\">\n\t\t\t\t\t\t\t\t\t<section class=\"elementor-section elementor-top-section elementor-element elementor-element-114da6e elementor-section-boxed elementor-section-height-default elementor-section-height-default\" data-id=\"114da6e\" data-element_type=\"section\">\n\t\t\t\t\t\t<div class=\"elementor-container elementor-column-gap-default\">\n\t\t\t\t\t<div class=\"elementor-column elementor-col-100 elementor-top-column elementor-element elementor-element-4eab907\" data-id=\"4eab907\" data-element_type=\"column\">\n\t\t\t<div class=\"elementor-widget-wrap elementor-element-populated\">\n\t\t\t\t\t\t\t\t<div class=\"elementor-element elementor-element-1cf6491 elementor-widget elementor-widget-heading\" data-id=\"1cf6491\" data-element_type=\"widget\" data-widget_type=\"heading.default\">\n\t\t\t\t<div class=\"elementor-widget-container\">\n\t\t\t<style>\/*! elementor - v3.14.0 - 26-06-2023 *\/\n.elementor-heading-title{padding:0;margin:0;line-height:1}.elementor-widget-heading .elementor-heading-title[class*=elementor-size-]>a{color:inherit;font-size:inherit;line-height:inherit}.elementor-widget-heading .elementor-heading-title.elementor-size-small{font-size:15px}.elementor-widget-heading .elementor-heading-title.elementor-size-medium{font-size:19px}.elementor-widget-heading .elementor-heading-title.elementor-size-large{font-size:29px}.elementor-widget-heading .elementor-heading-title.elementor-size-xl{font-size:39px}.elementor-widget-heading .elementor-heading-title.elementor-size-xxl{font-size:59px}<\/style><h2 class=\"elementor-heading-title elementor-size-default\">Recrutement d'un Cuisinier Bobo<\/h2>\t\t<\/div>\n\t\t\t\t<\/div>\n\t\t\t\t\t<\/div>\n\t\t<\/div>\n\t\t\t\t\t\t\t<\/div>\n\t\t<\/section>\n\t\t\t\t<section class=\"elementor-section elementor-top-section elementor-element elementor-element-7dc1877 elementor-section-boxed elementor-section-height-default elementor-section-height-default\" data-id=\"7dc1877\" data-element_type=\"section\">\n\t\t\t\t\t\t<div class=\"elementor-container elementor-column-gap-default\">\n\t\t\t\t\t<div class=\"elementor-column elementor-col-100 elementor-top-column elementor-element elementor-element-c49b288\" data-id=\"c49b288\" data-element_type=\"column\">\n\t\t\t<div class=\"elementor-widget-wrap elementor-element-populated\">\n\t\t\t\t\t\t\t\t<div class=\"elementor-element elementor-element-f136700 elementor-widget elementor-widget-text-editor\" data-id=\"f136700\" data-element_type=\"widget\" data-widget_type=\"text-editor.default\">\n\t\t\t\t<div class=\"elementor-widget-container\">\n\t\t\t<style>\/*! elementor - v3.14.0 - 26-06-2023 *\/\n.elementor-widget-text-editor.elementor-drop-cap-view-stacked .elementor-drop-cap{background-color:#69727d;color:#fff}.elementor-widget-text-editor.elementor-drop-cap-view-framed .elementor-drop-cap{color:#69727d;border:3px solid;background-color:transparent}.elementor-widget-text-editor:not(.elementor-drop-cap-view-default) .elementor-drop-cap{margin-top:8px}.elementor-widget-text-editor:not(.elementor-drop-cap-view-default) .elementor-drop-cap-letter{width:1em;height:1em}.elementor-widget-text-editor .elementor-drop-cap{float:left;text-align:center;line-height:1;font-size:50px}.elementor-widget-text-editor .elementor-drop-cap-letter{display:inline-block}<\/style>\t\t\t\t<h4>Poste \u00e0 pourvoir CUISINIER<br \/>Nombre de poste 01<br \/>Lieu d&#8217;affectation Bobo-Dioulasso<br \/>Structure recruteur ETABLISSEMENT HOTELIER<br \/>Structure B\u00e9n\u00e9ficiaire ETABLISSEMENT HOTELIER<br \/>Secteur activit\u00e9 Hotellerie<br \/>Dipl\u00f4me ou niveau NP<br \/>Option du dipl\u00f4me <br \/>Exp\u00e9riences 02 ans<br \/>Capacit\u00e9s li\u00e9es \u00e0 l&#8217;emploi <br \/>OFFRE D\u2019EMPLOI<\/h4><h4>Un ETABLISSEMENT HOTELIER bas\u00e9 \u00e0 Bobo, recherche pour embauche :<\/h4><h4>2) Un CUISINIER<br \/>\u2022 Sp\u00e9cialit\u00e9s : cuisine Africaine, Europ\u00e9enne, P\u00e2tisserie<br \/>\u2022 Etre disponible, travail sous pression<br \/>\u2022 Avoir un esprit d\u2019\u00e9quipe<br \/>\u2022 Avoir une bonne moralit\u00e9<br \/>\u2022 Maitriser une bonne production qualitative rentable<br \/>\u2022 Etre \u00e2g\u00e9 d\u2019au moins 25 ans<br \/>\u2022 Avoir un moyen de d\u00e9placement<br \/>\u2022 Avoir une exp\u00e9rience de 2 ans minimum<br \/>Connaissance en informatique <br \/>Condition d&#8217;\u00e2ge 25 ans minimum<br \/>Composition du dossier Les int\u00e9ress\u00e9s sont invit\u00e9s \u00e0 fournir un CV d\u00e9taill\u00e9 plus une copie de la CNIB et envoyer \u00e0 l\u2019adresse suivante :<br \/>empreintedufaso@gmail.com au plus tard le 12 d\u00e9cembre 2023.<br \/>Date limite de dep\u00f4t des dossiers 12\/12\/2023<br \/>Proc\u00e9dure de recrutement NP<br \/>Dur\u00e9e du contrat NP<br \/>Autres conditions <br \/>Source\u00a0de\u00a0l&#8217;offre\u00a0ONEF<\/h4>\t\t\t\t\t\t<\/div>\n\t\t\t\t<\/div>\n\t\t\t\t\t<\/div>\n\t\t<\/div>\n\t\t\t\t\t\t\t<\/div>\n\t\t<\/section>\n\t\t\t\t\t\t\t<\/div>\n\t\t","protected":false},"excerpt":{"rendered":"<p>Recrutement d&#8217;un Cuisinier Bobo Poste \u00e0 pourvoir CUISINIERNombre de poste 01Lieu d&#8217;affectation Bobo-DioulassoStructure recruteur ETABLISSEMENT HOTELIERStructure B\u00e9n\u00e9ficiaire ETABLISSEMENT HOTELIERSecteur activit\u00e9 HotellerieDipl\u00f4me ou niveau NPOption du dipl\u00f4me Exp\u00e9riences 02 ansCapacit\u00e9s li\u00e9es \u00e0 l&#8217;emploi OFFRE D\u2019EMPLOI Un ETABLISSEMENT HOTELIER bas\u00e9 \u00e0 Bobo, recherche pour embauche : 2) Un CUISINIER\u2022 Sp\u00e9cialit\u00e9s : cuisine Africaine, Europ\u00e9enne, P\u00e2tisserie\u2022 Etre disponible,&hellip;<\/p>\n","protected":false},"author":1,"featured_media":0,"parent":0,"menu_order":0,"comment_status":"closed","ping_status":"closed","template":"","meta":[],"_links":{"self":[{"href":"https:\/\/job.amd-veille.com\/index.php\/wp-json\/wp\/v2\/pages\/5330"}],"collection":[{"href":"https:\/\/job.amd-veille.com\/index.php\/wp-json\/wp\/v2\/pages"}],"about":[{"href":"https:\/\/job.amd-veille.com\/index.php\/wp-json\/wp\/v2\/types\/page"}],"author":[{"embeddable":true,"href":"https:\/\/job.amd-veille.com\/index.php\/wp-json\/wp\/v2\/users\/1"}],"replies":[{"embeddable":true,"href":"https:\/\/job.amd-veille.com\/index.php\/wp-json\/wp\/v2\/comments?post=5330"}],"version-history":[{"count":5,"href":"https:\/\/job.amd-veille.com\/index.php\/wp-json\/wp\/v2\/pages\/5330\/revisions"}],"predecessor-version":[{"id":5335,"href":"https:\/\/job.amd-veille.com\/index.php\/wp-json\/wp\/v2\/pages\/5330\/revisions\/5335"}],"wp:attachment":[{"href":"https:\/\/job.amd-veille.com\/index.php\/wp-json\/wp\/v2\/media?parent=5330"}],"curies":[{"name":"wp","href":"https:\/\/api.w.org\/{rel}","templated":true}]}}