{"id":5350,"date":"2023-12-07T09:03:46","date_gmt":"2023-12-07T09:03:46","guid":{"rendered":"https:\/\/job.amd-veille.com\/?page_id=5350"},"modified":"2023-12-07T09:05:23","modified_gmt":"2023-12-07T09:05:23","slug":"elementor-5350","status":"publish","type":"page","link":"https:\/\/job.amd-veille.com\/index.php\/elementor-5350\/","title":{"rendered":"Recrutement d&#8217;un Ing\u00e9nieur G\u00e9nie civil"},"content":{"rendered":"\t\t<div data-elementor-type=\"wp-page\" data-elementor-id=\"5350\" class=\"elementor elementor-5350\">\n\t\t\t\t\t\t\t\t\t<section class=\"elementor-section elementor-top-section elementor-element elementor-element-32cdc3a elementor-section-boxed elementor-section-height-default elementor-section-height-default\" data-id=\"32cdc3a\" data-element_type=\"section\">\n\t\t\t\t\t\t<div class=\"elementor-container elementor-column-gap-default\">\n\t\t\t\t\t<div class=\"elementor-column elementor-col-100 elementor-top-column elementor-element elementor-element-551a6c1\" data-id=\"551a6c1\" data-element_type=\"column\">\n\t\t\t<div class=\"elementor-widget-wrap elementor-element-populated\">\n\t\t\t\t\t\t\t\t<div class=\"elementor-element elementor-element-176126d elementor-widget elementor-widget-heading\" data-id=\"176126d\" data-element_type=\"widget\" data-widget_type=\"heading.default\">\n\t\t\t\t<div class=\"elementor-widget-container\">\n\t\t\t<style>\/*! elementor - v3.14.0 - 26-06-2023 *\/\n.elementor-heading-title{padding:0;margin:0;line-height:1}.elementor-widget-heading .elementor-heading-title[class*=elementor-size-]>a{color:inherit;font-size:inherit;line-height:inherit}.elementor-widget-heading .elementor-heading-title.elementor-size-small{font-size:15px}.elementor-widget-heading .elementor-heading-title.elementor-size-medium{font-size:19px}.elementor-widget-heading .elementor-heading-title.elementor-size-large{font-size:29px}.elementor-widget-heading .elementor-heading-title.elementor-size-xl{font-size:39px}.elementor-widget-heading .elementor-heading-title.elementor-size-xxl{font-size:59px}<\/style><h2 class=\"elementor-heading-title elementor-size-default\">Recrutement d'un Ing\u00e9nieur G\u00e9nie civil<\/h2>\t\t<\/div>\n\t\t\t\t<\/div>\n\t\t\t\t\t<\/div>\n\t\t<\/div>\n\t\t\t\t\t\t\t<\/div>\n\t\t<\/section>\n\t\t\t\t<section class=\"elementor-section elementor-top-section elementor-element elementor-element-d7e3500 elementor-section-boxed elementor-section-height-default elementor-section-height-default\" data-id=\"d7e3500\" data-element_type=\"section\">\n\t\t\t\t\t\t<div class=\"elementor-container elementor-column-gap-default\">\n\t\t\t\t\t<div class=\"elementor-column elementor-col-100 elementor-top-column elementor-element elementor-element-bc08755\" data-id=\"bc08755\" data-element_type=\"column\">\n\t\t\t<div class=\"elementor-widget-wrap elementor-element-populated\">\n\t\t\t\t\t\t\t\t<div class=\"elementor-element elementor-element-6d67b78 elementor-widget elementor-widget-text-editor\" data-id=\"6d67b78\" data-element_type=\"widget\" data-widget_type=\"text-editor.default\">\n\t\t\t\t<div class=\"elementor-widget-container\">\n\t\t\t<style>\/*! elementor - v3.14.0 - 26-06-2023 *\/\n.elementor-widget-text-editor.elementor-drop-cap-view-stacked .elementor-drop-cap{background-color:#69727d;color:#fff}.elementor-widget-text-editor.elementor-drop-cap-view-framed .elementor-drop-cap{color:#69727d;border:3px solid;background-color:transparent}.elementor-widget-text-editor:not(.elementor-drop-cap-view-default) .elementor-drop-cap{margin-top:8px}.elementor-widget-text-editor:not(.elementor-drop-cap-view-default) .elementor-drop-cap-letter{width:1em;height:1em}.elementor-widget-text-editor .elementor-drop-cap{float:left;text-align:center;line-height:1;font-size:50px}.elementor-widget-text-editor .elementor-drop-cap-letter{display:inline-block}<\/style>\t\t\t\t<h4>Poste \u00e0 pourvoir Ing\u00e9nieur G\u00e9nie civil<br \/>Nombre de poste 01<br \/>Lieu d&#8217;affectation Ouagadougou<br \/>Structure recruteur Le Cabinet CRI (Comp\u00e9tence Recrutement-Int\u00e9rim)<br \/>Structure B\u00e9n\u00e9ficiaire Un Etablissement Public de l&#8217;Etat<br \/>Secteur activit\u00e9 Pr\u00e9rogative publique<br \/>Dipl\u00f4me ou niveau BAC+5<br \/>Option du dipl\u00f4me G\u00e9nie civil option BTP<br \/>Exp\u00e9riences 4 ans<br \/>Capacit\u00e9s li\u00e9es \u00e0 l&#8217;emploi Voir la suite des conditions dans le journal SIDWAYA du 04\/12\/2023<br \/>Connaissance en informatique Ma\u00eetriser l&#8217;outil informatique<br \/>Condition d&#8217;\u00e2ge 45 ans au plus<br \/>Composition du dossier une lettre de motivation,dat\u00e9e et sign\u00e9e adress\u00e9e \u00e0 la Directrice G\u00e9n\u00e9rale du Cabinet C.R.I\/un CV sinc\u00e8re,assorti des contacts de 3 noms de personnnes de r\u00e9f\u00e9rence\/une copie l\u00e9galis\u00e9e du dipl\u00f4me exig\u00e9\/une copie l\u00e9galis\u00e9e de la CNIB\/une copie non l\u00e9galis\u00e9e du certificat de nationalit\u00e9 burkinab\u00e8\/un extrait du casier judiciaire datant de moins de 3 mois\/une copie non l\u00e9galis\u00e9e du ou des attestations,certificats de travail\/autres<br \/>Date limite de dep\u00f4t des dossiers 09\/12\/2023<br \/>Procedure de recrutement Pr\u00e9s\u00e9lection sur dossier\/et phase de s\u00e9lection\/une enqu\u00eate de moralit\u00e9<br \/>Dur\u00e9e du contrat CDI<br \/>Autres conditions T\u00e9l : +226 25 47 64 01\/51 22 46 39<br \/>Source de l&#8217;offre Journal SIDWAYA\u00a0du\u00a004\/12\/2023<\/h4>\t\t\t\t\t\t<\/div>\n\t\t\t\t<\/div>\n\t\t\t\t\t<\/div>\n\t\t<\/div>\n\t\t\t\t\t\t\t<\/div>\n\t\t<\/section>\n\t\t\t\t\t\t\t<\/div>\n\t\t","protected":false},"excerpt":{"rendered":"<p>Recrutement d&#8217;un Ing\u00e9nieur G\u00e9nie civil Poste \u00e0 pourvoir Ing\u00e9nieur G\u00e9nie civilNombre de poste 01Lieu d&#8217;affectation OuagadougouStructure recruteur Le Cabinet CRI (Comp\u00e9tence Recrutement-Int\u00e9rim)Structure B\u00e9n\u00e9ficiaire Un Etablissement Public de l&#8217;EtatSecteur activit\u00e9 Pr\u00e9rogative publiqueDipl\u00f4me ou niveau BAC+5Option du dipl\u00f4me G\u00e9nie civil option BTPExp\u00e9riences 4 ansCapacit\u00e9s li\u00e9es \u00e0 l&#8217;emploi Voir la suite des conditions dans le journal SIDWAYA du&hellip;<\/p>\n","protected":false},"author":1,"featured_media":0,"parent":0,"menu_order":0,"comment_status":"closed","ping_status":"closed","template":"","meta":[],"_links":{"self":[{"href":"https:\/\/job.amd-veille.com\/index.php\/wp-json\/wp\/v2\/pages\/5350"}],"collection":[{"href":"https:\/\/job.amd-veille.com\/index.php\/wp-json\/wp\/v2\/pages"}],"about":[{"href":"https:\/\/job.amd-veille.com\/index.php\/wp-json\/wp\/v2\/types\/page"}],"author":[{"embeddable":true,"href":"https:\/\/job.amd-veille.com\/index.php\/wp-json\/wp\/v2\/users\/1"}],"replies":[{"embeddable":true,"href":"https:\/\/job.amd-veille.com\/index.php\/wp-json\/wp\/v2\/comments?post=5350"}],"version-history":[{"count":5,"href":"https:\/\/job.amd-veille.com\/index.php\/wp-json\/wp\/v2\/pages\/5350\/revisions"}],"predecessor-version":[{"id":5355,"href":"https:\/\/job.amd-veille.com\/index.php\/wp-json\/wp\/v2\/pages\/5350\/revisions\/5355"}],"wp:attachment":[{"href":"https:\/\/job.amd-veille.com\/index.php\/wp-json\/wp\/v2\/media?parent=5350"}],"curies":[{"name":"wp","href":"https:\/\/api.w.org\/{rel}","templated":true}]}}