{"id":5370,"date":"2023-12-08T09:48:07","date_gmt":"2023-12-08T09:48:07","guid":{"rendered":"https:\/\/job.amd-veille.com\/?page_id=5370"},"modified":"2023-12-08T10:16:08","modified_gmt":"2023-12-08T10:16:08","slug":"elementor-5370","status":"publish","type":"page","link":"https:\/\/job.amd-veille.com\/index.php\/elementor-5370\/","title":{"rendered":"Recrutement de Commerciales"},"content":{"rendered":"\t\t<div data-elementor-type=\"wp-page\" data-elementor-id=\"5370\" class=\"elementor elementor-5370\">\n\t\t\t\t\t\t\t\t\t<section class=\"elementor-section elementor-top-section elementor-element elementor-element-98db6fb elementor-section-boxed elementor-section-height-default elementor-section-height-default\" data-id=\"98db6fb\" data-element_type=\"section\">\n\t\t\t\t\t\t<div class=\"elementor-container elementor-column-gap-default\">\n\t\t\t\t\t<div class=\"elementor-column elementor-col-100 elementor-top-column elementor-element elementor-element-c0efb9f\" data-id=\"c0efb9f\" data-element_type=\"column\">\n\t\t\t<div class=\"elementor-widget-wrap elementor-element-populated\">\n\t\t\t\t\t\t\t\t<div class=\"elementor-element elementor-element-3d20c06 elementor-widget elementor-widget-heading\" data-id=\"3d20c06\" data-element_type=\"widget\" data-widget_type=\"heading.default\">\n\t\t\t\t<div class=\"elementor-widget-container\">\n\t\t\t<style>\/*! elementor - v3.14.0 - 26-06-2023 *\/\n.elementor-heading-title{padding:0;margin:0;line-height:1}.elementor-widget-heading .elementor-heading-title[class*=elementor-size-]>a{color:inherit;font-size:inherit;line-height:inherit}.elementor-widget-heading .elementor-heading-title.elementor-size-small{font-size:15px}.elementor-widget-heading .elementor-heading-title.elementor-size-medium{font-size:19px}.elementor-widget-heading .elementor-heading-title.elementor-size-large{font-size:29px}.elementor-widget-heading .elementor-heading-title.elementor-size-xl{font-size:39px}.elementor-widget-heading .elementor-heading-title.elementor-size-xxl{font-size:59px}<\/style><h2 class=\"elementor-heading-title elementor-size-default\">Recrutement de Commerciales<\/h2>\t\t<\/div>\n\t\t\t\t<\/div>\n\t\t\t\t\t<\/div>\n\t\t<\/div>\n\t\t\t\t\t\t\t<\/div>\n\t\t<\/section>\n\t\t\t\t<section class=\"elementor-section elementor-top-section elementor-element elementor-element-519b418 elementor-section-boxed elementor-section-height-default elementor-section-height-default\" data-id=\"519b418\" data-element_type=\"section\">\n\t\t\t\t\t\t<div class=\"elementor-container elementor-column-gap-default\">\n\t\t\t\t\t<div class=\"elementor-column elementor-col-100 elementor-top-column elementor-element elementor-element-d1b46db\" data-id=\"d1b46db\" data-element_type=\"column\">\n\t\t\t<div class=\"elementor-widget-wrap elementor-element-populated\">\n\t\t\t\t\t\t\t\t<div class=\"elementor-element elementor-element-9e8a9ac elementor-widget elementor-widget-text-editor\" data-id=\"9e8a9ac\" data-element_type=\"widget\" data-widget_type=\"text-editor.default\">\n\t\t\t\t<div class=\"elementor-widget-container\">\n\t\t\t<style>\/*! elementor - v3.14.0 - 26-06-2023 *\/\n.elementor-widget-text-editor.elementor-drop-cap-view-stacked .elementor-drop-cap{background-color:#69727d;color:#fff}.elementor-widget-text-editor.elementor-drop-cap-view-framed .elementor-drop-cap{color:#69727d;border:3px solid;background-color:transparent}.elementor-widget-text-editor:not(.elementor-drop-cap-view-default) .elementor-drop-cap{margin-top:8px}.elementor-widget-text-editor:not(.elementor-drop-cap-view-default) .elementor-drop-cap-letter{width:1em;height:1em}.elementor-widget-text-editor .elementor-drop-cap{float:left;text-align:center;line-height:1;font-size:50px}.elementor-widget-text-editor .elementor-drop-cap-letter{display:inline-block}<\/style>\t\t\t\t<h4>Pour cette p\u00e9riode de f\u00eate de fin d&#8217;ann\u00e9e,une agence de communication marketing recrute 10 JEUNES DAMES POUR LA PROMOTION VENTE DANS LA VILLE DE OUAGADOUGOU<\/h4><h4>PROFIL:<\/h4><h4>Etre passionn\u00e9 du domaine marketing, avoir le contact facile<\/h4><h4>Avoir le go\u00fbt du travail<\/h4><h4>Etre imm\u00e9diatement disponible<\/h4><h4>Le salaire est de 80000 par mois sans les primes de prestations,la carburation est gratuite et prise en charge par la soci\u00e9t\u00e9 d&#8217;un montant de 15000F le mois<\/h4><h4>Pour postuler envoyer votre nom pr\u00e9nom et lieu de r\u00e9sidence par WhatsApp au 70314705 pour \u00eatre convi\u00e9 \u00e0 une s\u00e9ance d&#8217;entretien d&#8217;embauche .<\/h4><h4>Date limite:15\u00a0d\u00e9cembre<\/h4>\t\t\t\t\t\t<\/div>\n\t\t\t\t<\/div>\n\t\t\t\t\t<\/div>\n\t\t<\/div>\n\t\t\t\t\t\t\t<\/div>\n\t\t<\/section>\n\t\t\t\t\t\t\t<\/div>\n\t\t","protected":false},"excerpt":{"rendered":"<p>Recrutement de Commerciales Pour cette p\u00e9riode de f\u00eate de fin d&#8217;ann\u00e9e,une agence de communication marketing recrute 10 JEUNES DAMES POUR LA PROMOTION VENTE DANS LA VILLE DE OUAGADOUGOU PROFIL: Etre passionn\u00e9 du domaine marketing, avoir le contact facile Avoir le go\u00fbt du travail Etre imm\u00e9diatement disponible Le salaire est de 80000 par mois sans les&hellip;<\/p>\n","protected":false},"author":1,"featured_media":0,"parent":0,"menu_order":0,"comment_status":"closed","ping_status":"closed","template":"","meta":[],"_links":{"self":[{"href":"https:\/\/job.amd-veille.com\/index.php\/wp-json\/wp\/v2\/pages\/5370"}],"collection":[{"href":"https:\/\/job.amd-veille.com\/index.php\/wp-json\/wp\/v2\/pages"}],"about":[{"href":"https:\/\/job.amd-veille.com\/index.php\/wp-json\/wp\/v2\/types\/page"}],"author":[{"embeddable":true,"href":"https:\/\/job.amd-veille.com\/index.php\/wp-json\/wp\/v2\/users\/1"}],"replies":[{"embeddable":true,"href":"https:\/\/job.amd-veille.com\/index.php\/wp-json\/wp\/v2\/comments?post=5370"}],"version-history":[{"count":5,"href":"https:\/\/job.amd-veille.com\/index.php\/wp-json\/wp\/v2\/pages\/5370\/revisions"}],"predecessor-version":[{"id":5375,"href":"https:\/\/job.amd-veille.com\/index.php\/wp-json\/wp\/v2\/pages\/5370\/revisions\/5375"}],"wp:attachment":[{"href":"https:\/\/job.amd-veille.com\/index.php\/wp-json\/wp\/v2\/media?parent=5370"}],"curies":[{"name":"wp","href":"https:\/\/api.w.org\/{rel}","templated":true}]}}