{"id":5404,"date":"2023-12-12T09:25:33","date_gmt":"2023-12-12T09:25:33","guid":{"rendered":"https:\/\/job.amd-veille.com\/?page_id=5404"},"modified":"2023-12-12T09:28:59","modified_gmt":"2023-12-12T09:28:59","slug":"elementor-5404","status":"publish","type":"page","link":"https:\/\/job.amd-veille.com\/index.php\/elementor-5404\/","title":{"rendered":"Recrutement d&#8217;un Charg\u00e9 de Volet Soutien Psychologie"},"content":{"rendered":"\t\t<div data-elementor-type=\"wp-page\" data-elementor-id=\"5404\" class=\"elementor elementor-5404\">\n\t\t\t\t\t\t\t\t\t<section class=\"elementor-section elementor-top-section elementor-element elementor-element-57c5af3 elementor-section-boxed elementor-section-height-default elementor-section-height-default\" data-id=\"57c5af3\" data-element_type=\"section\">\n\t\t\t\t\t\t<div class=\"elementor-container elementor-column-gap-default\">\n\t\t\t\t\t<div class=\"elementor-column elementor-col-100 elementor-top-column elementor-element elementor-element-f0f626b\" data-id=\"f0f626b\" data-element_type=\"column\">\n\t\t\t<div class=\"elementor-widget-wrap elementor-element-populated\">\n\t\t\t\t\t\t\t\t<div class=\"elementor-element elementor-element-f7cbc05 elementor-widget elementor-widget-heading\" data-id=\"f7cbc05\" data-element_type=\"widget\" data-widget_type=\"heading.default\">\n\t\t\t\t<div class=\"elementor-widget-container\">\n\t\t\t<style>\/*! elementor - v3.14.0 - 26-06-2023 *\/\n.elementor-heading-title{padding:0;margin:0;line-height:1}.elementor-widget-heading .elementor-heading-title[class*=elementor-size-]>a{color:inherit;font-size:inherit;line-height:inherit}.elementor-widget-heading .elementor-heading-title.elementor-size-small{font-size:15px}.elementor-widget-heading .elementor-heading-title.elementor-size-medium{font-size:19px}.elementor-widget-heading .elementor-heading-title.elementor-size-large{font-size:29px}.elementor-widget-heading .elementor-heading-title.elementor-size-xl{font-size:39px}.elementor-widget-heading .elementor-heading-title.elementor-size-xxl{font-size:59px}<\/style><h2 class=\"elementor-heading-title elementor-size-default\">Recrutement d'un Charg\u00e9 de Volet Soutien Psychologie<\/h2>\t\t<\/div>\n\t\t\t\t<\/div>\n\t\t\t\t\t<\/div>\n\t\t<\/div>\n\t\t\t\t\t\t\t<\/div>\n\t\t<\/section>\n\t\t\t\t<section class=\"elementor-section elementor-top-section elementor-element elementor-element-0dcd22e elementor-section-boxed elementor-section-height-default elementor-section-height-default\" data-id=\"0dcd22e\" data-element_type=\"section\">\n\t\t\t\t\t\t<div class=\"elementor-container elementor-column-gap-default\">\n\t\t\t\t\t<div class=\"elementor-column elementor-col-100 elementor-top-column elementor-element elementor-element-e3983ec\" data-id=\"e3983ec\" data-element_type=\"column\">\n\t\t\t<div class=\"elementor-widget-wrap elementor-element-populated\">\n\t\t\t\t\t\t\t\t<div class=\"elementor-element elementor-element-ea51f42 elementor-widget elementor-widget-text-editor\" data-id=\"ea51f42\" data-element_type=\"widget\" data-widget_type=\"text-editor.default\">\n\t\t\t\t<div class=\"elementor-widget-container\">\n\t\t\t<style>\/*! elementor - v3.14.0 - 26-06-2023 *\/\n.elementor-widget-text-editor.elementor-drop-cap-view-stacked .elementor-drop-cap{background-color:#69727d;color:#fff}.elementor-widget-text-editor.elementor-drop-cap-view-framed .elementor-drop-cap{color:#69727d;border:3px solid;background-color:transparent}.elementor-widget-text-editor:not(.elementor-drop-cap-view-default) .elementor-drop-cap{margin-top:8px}.elementor-widget-text-editor:not(.elementor-drop-cap-view-default) .elementor-drop-cap-letter{width:1em;height:1em}.elementor-widget-text-editor .elementor-drop-cap{float:left;text-align:center;line-height:1;font-size:50px}.elementor-widget-text-editor .elementor-drop-cap-letter{display:inline-block}<\/style>\t\t\t\t<h4>Poste \u00e0 pourvoir Charg\u00e9 de Volet Soutien Psychologie<br \/>Nombre de poste 01<br \/>Lieu d&#8217;affectation Dori (Burkina Faso)<br \/>Structure recruteur Humanit\u00e9 &amp; inclusion\/Handicap International<br \/>Structure B\u00e9n\u00e9ficiaire Humanit\u00e9 &amp; Inclusion au Burkina Faso<br \/>Secteur activit\u00e9 Activit\u00e9s organisme extra territoriales<br \/>Dipl\u00f4me ou niveau BAC+3<br \/>Option du dipl\u00f4me Psychologie clinique<br \/>Exp\u00e9riences 2-3 ans<br \/>Capacit\u00e9s li\u00e9es \u00e0 l&#8217;emploi voir la suite des conditions dans le journal l&#8217;Observateur Paalga du 07\/12\/2023<br \/>Connaissance en informatique Bonne ma\u00eetrise de l&#8217;outil informatique<br \/>Condition d&#8217;\u00e2ge NP<br \/>Composition du dossier un CV limit\u00e9 \u00e0 4 pages\/une lettre de motivation d&#8217;une page maximum \u00e0 recrutement@burkinafaso.hi.org<br \/>Date limite de dep\u00f4t des dossiers 17\/12\/2023<br \/>Proc\u00e9dure de recrutement une s\u00e9lection sur dossier\/test \u00e9crit\/entretien<br \/>Dur\u00e9e du contrat CDD de droit Burkinab\u00e8 de 03<br \/>Autres conditions Email : recrutement@burkinafaso.hi.org<br \/>Source de l&#8217;offre Journal l&#8217;Observateur Paalga\u00a0du\u00a007\/12\/2023<\/h4>\t\t\t\t\t\t<\/div>\n\t\t\t\t<\/div>\n\t\t\t\t\t<\/div>\n\t\t<\/div>\n\t\t\t\t\t\t\t<\/div>\n\t\t<\/section>\n\t\t\t\t\t\t\t<\/div>\n\t\t","protected":false},"excerpt":{"rendered":"<p>Recrutement d&#8217;un Charg\u00e9 de Volet Soutien Psychologie Poste \u00e0 pourvoir Charg\u00e9 de Volet Soutien PsychologieNombre de poste 01Lieu d&#8217;affectation Dori (Burkina Faso)Structure recruteur Humanit\u00e9 &amp; inclusion\/Handicap InternationalStructure B\u00e9n\u00e9ficiaire Humanit\u00e9 &amp; Inclusion au Burkina FasoSecteur activit\u00e9 Activit\u00e9s organisme extra territorialesDipl\u00f4me ou niveau BAC+3Option du dipl\u00f4me Psychologie cliniqueExp\u00e9riences 2-3 ansCapacit\u00e9s li\u00e9es \u00e0 l&#8217;emploi voir la suite des&hellip;<\/p>\n","protected":false},"author":1,"featured_media":0,"parent":0,"menu_order":0,"comment_status":"closed","ping_status":"closed","template":"","meta":[],"_links":{"self":[{"href":"https:\/\/job.amd-veille.com\/index.php\/wp-json\/wp\/v2\/pages\/5404"}],"collection":[{"href":"https:\/\/job.amd-veille.com\/index.php\/wp-json\/wp\/v2\/pages"}],"about":[{"href":"https:\/\/job.amd-veille.com\/index.php\/wp-json\/wp\/v2\/types\/page"}],"author":[{"embeddable":true,"href":"https:\/\/job.amd-veille.com\/index.php\/wp-json\/wp\/v2\/users\/1"}],"replies":[{"embeddable":true,"href":"https:\/\/job.amd-veille.com\/index.php\/wp-json\/wp\/v2\/comments?post=5404"}],"version-history":[{"count":5,"href":"https:\/\/job.amd-veille.com\/index.php\/wp-json\/wp\/v2\/pages\/5404\/revisions"}],"predecessor-version":[{"id":5409,"href":"https:\/\/job.amd-veille.com\/index.php\/wp-json\/wp\/v2\/pages\/5404\/revisions\/5409"}],"wp:attachment":[{"href":"https:\/\/job.amd-veille.com\/index.php\/wp-json\/wp\/v2\/media?parent=5404"}],"curies":[{"name":"wp","href":"https:\/\/api.w.org\/{rel}","templated":true}]}}