{"id":5442,"date":"2023-12-14T14:40:06","date_gmt":"2023-12-14T14:40:06","guid":{"rendered":"https:\/\/job.amd-veille.com\/?page_id=5442"},"modified":"2023-12-14T14:44:09","modified_gmt":"2023-12-14T14:44:09","slug":"elementor-5442","status":"publish","type":"page","link":"https:\/\/job.amd-veille.com\/index.php\/elementor-5442\/","title":{"rendered":"Recrutement de Cuisini\u00e8re"},"content":{"rendered":"\t\t<div data-elementor-type=\"wp-page\" data-elementor-id=\"5442\" class=\"elementor elementor-5442\">\n\t\t\t\t\t\t\t\t\t<section class=\"elementor-section elementor-top-section elementor-element elementor-element-4decb95 elementor-section-boxed elementor-section-height-default elementor-section-height-default\" data-id=\"4decb95\" data-element_type=\"section\">\n\t\t\t\t\t\t<div class=\"elementor-container elementor-column-gap-default\">\n\t\t\t\t\t<div class=\"elementor-column elementor-col-100 elementor-top-column elementor-element elementor-element-068bb33\" data-id=\"068bb33\" data-element_type=\"column\">\n\t\t\t<div class=\"elementor-widget-wrap elementor-element-populated\">\n\t\t\t\t\t\t\t\t<div class=\"elementor-element elementor-element-0f55003 elementor-widget elementor-widget-text-editor\" data-id=\"0f55003\" data-element_type=\"widget\" data-widget_type=\"text-editor.default\">\n\t\t\t\t<div class=\"elementor-widget-container\">\n\t\t\t<style>\/*! elementor - v3.14.0 - 26-06-2023 *\/\n.elementor-widget-text-editor.elementor-drop-cap-view-stacked .elementor-drop-cap{background-color:#69727d;color:#fff}.elementor-widget-text-editor.elementor-drop-cap-view-framed .elementor-drop-cap{color:#69727d;border:3px solid;background-color:transparent}.elementor-widget-text-editor:not(.elementor-drop-cap-view-default) .elementor-drop-cap{margin-top:8px}.elementor-widget-text-editor:not(.elementor-drop-cap-view-default) .elementor-drop-cap-letter{width:1em;height:1em}.elementor-widget-text-editor .elementor-drop-cap{float:left;text-align:center;line-height:1;font-size:50px}.elementor-widget-text-editor .elementor-drop-cap-letter{display:inline-block}<\/style>\t\t\t\t<h4>\ud835\udc00\ud835\udc15\ud835\udc08\ud835\udc12 \ud835\udc03\ud835\udc04 \ud835\udc11\ud835\udc04\ud835\udc02\ud835\udc11\ud835\udc14\ud835\udc13\ud835\udc04\ud835\udc0c\ud835\udc04\ud835\udc0d\ud835\udc13\/ Commune de Ouagadougou.<\/h4><h4>Un particulier \u00e9voluant dans l&#8217;entreprenariat f\u00e9minin recherche pour le compte d&#8217;un groupe &#8221; Mis\u00e9ricorde Dounia Distribution&#8221; \u0153uvrant dans la restauration, dans la commune de Ouagadougou dans la province du KADIOGO (R\u00e9gion des Centre), des dossiers de candidature pour le recrutement d\u2019une (01) cuisini\u00e8re et vendeuse aguerrie de mains locaux.<\/h4><h4>Peuvent prendre part a cet recrutement, les candidates de sexe f\u00e9minin remplissant les conditions suivantes :<\/h4><h4>&#8211; \u00eatre titulaire minimum du certificat d&#8217;\u00e9tude primaire (CEP), d&#8217;une r\u00e9elle attestation de participation \u00e0 une formation en cuisine, et avoir une exp\u00e9rience ou des qualit\u00e9s dans le domaine de la cuisine surtout des mets locaux ;<br \/>&#8211; \u00eatre \u00e2g\u00e9(e) de 18 ans au moins et de 25 ans au plus au 31 d\u00e9cembre 2023 ;<br \/>&#8211; avoir une bonne qualit\u00e9 vestimentaire ; \u00eatre courtoise et souriante ;<br \/>&#8211; \u00eatre fid\u00e8le et s\u00e9rieuse ;<br \/>&#8211; jouir de ses droits civiques et \u00eatre de bonne moralit\u00e9 ;<br \/>&#8211; remplir les conditions d&#8217;aptitudes physiques et mentales exig\u00e9es pour l&#8217;exercice de cet l&#8217;emploi ;<br \/>&#8211; n&#8217;avoir pas fait l&#8217;objet d&#8217;une condamnation \u00e0 une peine d&#8217;emprisonnement ferme de trois (03) mois au moins ou avec sursis de dix-huit (18) mois au moins ;<br \/>&#8211; r\u00e9sider dans la commune de Ouagadougou particuli\u00e8rement dans les quartiers proches comme Kilwin, Marcoussis, Tampouy, Rimki\u00e8ta, Yagma, Bassinko, Kamboinsin, baskuy, nonsin, etc ; <br \/>&#8211; \u00eatre apte \u00e0 travailler sous pression ; <br \/>&#8211; avoir le sens du travail bien fait et du travail en \u00e9quipe ; <br \/>&#8211; \u00eatre imm\u00e9diatement disponible.<\/h4><h4>Les \u00e9ventuelles candidates int\u00e9ress\u00e9es par cette offre d\u2019emploi, sont invit\u00e9es \u00e0 d\u00e9poser du 18 d\u00e9cembre au 29 d\u00e9cembre 2023, par e-mail : wendtoinerico@gmail.com ou par WhatsApp au +226 61047535 en pr\u00e9cisant l&#8217;intitul\u00e9 du poste en objet.<br \/>Le dossier de candidature comprend les pi\u00e8ces suivantes :<br \/>&#8211; Une lettre de demande adress\u00e9e \u00e0 Monsieur le Coordinateur G\u00e9n\u00e9ral de Mis\u00e9ricorde Dounia Distribution ;<br \/>&#8211; Une photocopie du dipl\u00f4me requis c&#8217;est-\u00e0-dire du CEP ou de son attestation en cours de validit\u00e9 ou de tout autre dipl\u00f4me ou reconnu \u00e9quivalent ;<br \/>&#8211; Une photocopie de la Carte Nationale d\u2019Identit\u00e9 Burkinab\u00e9 (CNIB) en cours de validit\u00e9.<\/h4><h4>NB : Ce contrat est un contrat \u00e0 dur\u00e9e d\u00e9termin\u00e9e (CDD). Il sera marqu\u00e9 par une phase d&#8217;essai de 3 mois payant; avant de conduire \u00e0 l&#8217;embauche effective de la personne retenue \u00e0 l&#8217;issue de l&#8217;entretien et de l&#8217;essai.<br \/>L&#8217;employ\u00e9e sera \u00e9galement d\u00e9clar\u00e9e \u00e0 la CNSS.<\/h4><h4>Pour tous renseignements, merci de joindre les contacts suivants : +226 61047535 \/ 55583560\u00a0\/\u00a053131321.<\/h4>\t\t\t\t\t\t<\/div>\n\t\t\t\t<\/div>\n\t\t\t\t\t<\/div>\n\t\t<\/div>\n\t\t\t\t\t\t\t<\/div>\n\t\t<\/section>\n\t\t\t\t\t\t\t<\/div>\n\t\t","protected":false},"excerpt":{"rendered":"<p>\ud835\udc00\ud835\udc15\ud835\udc08\ud835\udc12 \ud835\udc03\ud835\udc04 \ud835\udc11\ud835\udc04\ud835\udc02\ud835\udc11\ud835\udc14\ud835\udc13\ud835\udc04\ud835\udc0c\ud835\udc04\ud835\udc0d\ud835\udc13\/ Commune de Ouagadougou. Un particulier \u00e9voluant dans l&#8217;entreprenariat f\u00e9minin recherche pour le compte d&#8217;un groupe &#8221; Mis\u00e9ricorde Dounia Distribution&#8221; \u0153uvrant dans la restauration, dans la commune de Ouagadougou dans la province du KADIOGO (R\u00e9gion des Centre), des dossiers de candidature pour le recrutement d\u2019une (01) cuisini\u00e8re et vendeuse aguerrie de mains locaux.&hellip;<\/p>\n","protected":false},"author":1,"featured_media":0,"parent":0,"menu_order":0,"comment_status":"closed","ping_status":"closed","template":"","meta":[],"_links":{"self":[{"href":"https:\/\/job.amd-veille.com\/index.php\/wp-json\/wp\/v2\/pages\/5442"}],"collection":[{"href":"https:\/\/job.amd-veille.com\/index.php\/wp-json\/wp\/v2\/pages"}],"about":[{"href":"https:\/\/job.amd-veille.com\/index.php\/wp-json\/wp\/v2\/types\/page"}],"author":[{"embeddable":true,"href":"https:\/\/job.amd-veille.com\/index.php\/wp-json\/wp\/v2\/users\/1"}],"replies":[{"embeddable":true,"href":"https:\/\/job.amd-veille.com\/index.php\/wp-json\/wp\/v2\/comments?post=5442"}],"version-history":[{"count":5,"href":"https:\/\/job.amd-veille.com\/index.php\/wp-json\/wp\/v2\/pages\/5442\/revisions"}],"predecessor-version":[{"id":5447,"href":"https:\/\/job.amd-veille.com\/index.php\/wp-json\/wp\/v2\/pages\/5442\/revisions\/5447"}],"wp:attachment":[{"href":"https:\/\/job.amd-veille.com\/index.php\/wp-json\/wp\/v2\/media?parent=5442"}],"curies":[{"name":"wp","href":"https:\/\/api.w.org\/{rel}","templated":true}]}}