{"id":5462,"date":"2023-12-15T09:40:34","date_gmt":"2023-12-15T09:40:34","guid":{"rendered":"https:\/\/job.amd-veille.com\/?page_id=5462"},"modified":"2023-12-15T09:42:48","modified_gmt":"2023-12-15T09:42:48","slug":"elementor-5462","status":"publish","type":"page","link":"https:\/\/job.amd-veille.com\/index.php\/elementor-5462\/","title":{"rendered":"Recrutement de Commerciaux"},"content":{"rendered":"\t\t<div data-elementor-type=\"wp-page\" data-elementor-id=\"5462\" class=\"elementor elementor-5462\">\n\t\t\t\t\t\t\t\t\t<section class=\"elementor-section elementor-top-section elementor-element elementor-element-eeddab6 elementor-section-boxed elementor-section-height-default elementor-section-height-default\" data-id=\"eeddab6\" data-element_type=\"section\">\n\t\t\t\t\t\t<div class=\"elementor-container elementor-column-gap-default\">\n\t\t\t\t\t<div class=\"elementor-column elementor-col-100 elementor-top-column elementor-element elementor-element-895d29b\" data-id=\"895d29b\" data-element_type=\"column\">\n\t\t\t<div class=\"elementor-widget-wrap elementor-element-populated\">\n\t\t\t\t\t\t\t\t<div class=\"elementor-element elementor-element-3879541 elementor-widget elementor-widget-text-editor\" data-id=\"3879541\" data-element_type=\"widget\" data-widget_type=\"text-editor.default\">\n\t\t\t\t<div class=\"elementor-widget-container\">\n\t\t\t<style>\/*! elementor - v3.14.0 - 26-06-2023 *\/\n.elementor-widget-text-editor.elementor-drop-cap-view-stacked .elementor-drop-cap{background-color:#69727d;color:#fff}.elementor-widget-text-editor.elementor-drop-cap-view-framed .elementor-drop-cap{color:#69727d;border:3px solid;background-color:transparent}.elementor-widget-text-editor:not(.elementor-drop-cap-view-default) .elementor-drop-cap{margin-top:8px}.elementor-widget-text-editor:not(.elementor-drop-cap-view-default) .elementor-drop-cap-letter{width:1em;height:1em}.elementor-widget-text-editor .elementor-drop-cap{float:left;text-align:center;line-height:1;font-size:50px}.elementor-widget-text-editor .elementor-drop-cap-letter{display:inline-block}<\/style>\t\t\t\t<h4>Le cabinet recrute pour un autre cabinet 03 commerciaux terrain.<\/h4><h4>Conditions:<\/h4><h4>Avoir un niveau bac +2<\/h4><h4>Avoir un (02) an d&#8217;exp\u00e9rience minimum en prospection terrain<\/h4><h4>\u00catre dynamique et de Bonne moralit\u00e9.<\/h4><h4>\u00catre imm\u00e9diatement disponible.<\/h4><h4>Avoir un moyen de d\u00e9placement<\/h4><h4>Avoir une exp\u00e9rience dans la prospection de service<\/h4><h4>Document \u00e0 fournir: CV + pr\u00e9tention salariale<\/h4><h4>Mail de d\u00e9p\u00f4t : fullrecrute@gmail.com<\/h4><h4>Date limite de d\u00e9p\u00f4t: 31\u00a0D\u00e9cembre\u00a02023<\/h4>\t\t\t\t\t\t<\/div>\n\t\t\t\t<\/div>\n\t\t\t\t\t<\/div>\n\t\t<\/div>\n\t\t\t\t\t\t\t<\/div>\n\t\t<\/section>\n\t\t\t\t\t\t\t<\/div>\n\t\t","protected":false},"excerpt":{"rendered":"<p>Le cabinet recrute pour un autre cabinet 03 commerciaux terrain. Conditions: Avoir un niveau bac +2 Avoir un (02) an d&#8217;exp\u00e9rience minimum en prospection terrain \u00catre dynamique et de Bonne moralit\u00e9. \u00catre imm\u00e9diatement disponible. Avoir un moyen de d\u00e9placement Avoir une exp\u00e9rience dans la prospection de service Document \u00e0 fournir: CV + pr\u00e9tention salariale Mail&hellip;<\/p>\n","protected":false},"author":1,"featured_media":0,"parent":0,"menu_order":0,"comment_status":"closed","ping_status":"closed","template":"","meta":[],"_links":{"self":[{"href":"https:\/\/job.amd-veille.com\/index.php\/wp-json\/wp\/v2\/pages\/5462"}],"collection":[{"href":"https:\/\/job.amd-veille.com\/index.php\/wp-json\/wp\/v2\/pages"}],"about":[{"href":"https:\/\/job.amd-veille.com\/index.php\/wp-json\/wp\/v2\/types\/page"}],"author":[{"embeddable":true,"href":"https:\/\/job.amd-veille.com\/index.php\/wp-json\/wp\/v2\/users\/1"}],"replies":[{"embeddable":true,"href":"https:\/\/job.amd-veille.com\/index.php\/wp-json\/wp\/v2\/comments?post=5462"}],"version-history":[{"count":5,"href":"https:\/\/job.amd-veille.com\/index.php\/wp-json\/wp\/v2\/pages\/5462\/revisions"}],"predecessor-version":[{"id":5467,"href":"https:\/\/job.amd-veille.com\/index.php\/wp-json\/wp\/v2\/pages\/5462\/revisions\/5467"}],"wp:attachment":[{"href":"https:\/\/job.amd-veille.com\/index.php\/wp-json\/wp\/v2\/media?parent=5462"}],"curies":[{"name":"wp","href":"https:\/\/api.w.org\/{rel}","templated":true}]}}