{"id":5512,"date":"2023-12-20T09:39:52","date_gmt":"2023-12-20T09:39:52","guid":{"rendered":"https:\/\/job.amd-veille.com\/?page_id=5512"},"modified":"2023-12-20T09:41:25","modified_gmt":"2023-12-20T09:41:25","slug":"elementor-5512","status":"publish","type":"page","link":"https:\/\/job.amd-veille.com\/index.php\/elementor-5512\/","title":{"rendered":"Recrutement de Commerciaux"},"content":{"rendered":"\t\t<div data-elementor-type=\"wp-page\" data-elementor-id=\"5512\" class=\"elementor elementor-5512\">\n\t\t\t\t\t\t\t\t\t<section class=\"elementor-section elementor-top-section elementor-element elementor-element-21db34b elementor-section-boxed elementor-section-height-default elementor-section-height-default\" data-id=\"21db34b\" data-element_type=\"section\">\n\t\t\t\t\t\t<div class=\"elementor-container elementor-column-gap-default\">\n\t\t\t\t\t<div class=\"elementor-column elementor-col-100 elementor-top-column elementor-element elementor-element-f363e12\" data-id=\"f363e12\" data-element_type=\"column\">\n\t\t\t<div class=\"elementor-widget-wrap elementor-element-populated\">\n\t\t\t\t\t\t\t\t<div class=\"elementor-element elementor-element-c60360f elementor-widget elementor-widget-text-editor\" data-id=\"c60360f\" data-element_type=\"widget\" data-widget_type=\"text-editor.default\">\n\t\t\t\t<div class=\"elementor-widget-container\">\n\t\t\t<style>\/*! elementor - v3.14.0 - 26-06-2023 *\/\n.elementor-widget-text-editor.elementor-drop-cap-view-stacked .elementor-drop-cap{background-color:#69727d;color:#fff}.elementor-widget-text-editor.elementor-drop-cap-view-framed .elementor-drop-cap{color:#69727d;border:3px solid;background-color:transparent}.elementor-widget-text-editor:not(.elementor-drop-cap-view-default) .elementor-drop-cap{margin-top:8px}.elementor-widget-text-editor:not(.elementor-drop-cap-view-default) .elementor-drop-cap-letter{width:1em;height:1em}.elementor-widget-text-editor .elementor-drop-cap{float:left;text-align:center;line-height:1;font-size:50px}.elementor-widget-text-editor .elementor-drop-cap-letter{display:inline-block}<\/style>\t\t\t\t<h4>Poste \u00e0 pourvoir Commerciaux<br \/>Nombre de poste 02<br \/>Lieu d&#8217;affectation Ouagadougou<br \/>Structure recruteur Le Bureau International d&#8217;Etudes et de Management (BIEM) Sar<br \/>Structure B\u00e9n\u00e9ficiaire Une entreprise commerciale de la place<br \/>Secteur activit\u00e9 Commerce<br \/>Dipl\u00f4me ou niveau BAC+2<br \/>Option du dipl\u00f4me Gestion commerciale;marketing<br \/>Exp\u00e9riences 2 ans<br \/>Capacit\u00e9s li\u00e9es \u00e0 l&#8217;emploi voir la suite des conditions dans le journal l&#8217;Observateur Paalga du 19\/12\/2023<br \/>Connaissance en informatique NP<br \/>Condition d&#8217;\u00e2ge NP<br \/>Composition du dossier Une demande manuscrite,adress\u00e9e \u00e0 Monsieur le Directeur de BIEM SARL\/un CV d\u00e9taill\u00e9\/une photocopie non l\u00e9galis\u00e9e du ou des dipl\u00f4mes\/les photocopie des attestations de travail ou de stage\/une photocopie non l\u00e9galis\u00e9e de la CNIB<br \/>Date limite de dep\u00f4t des dossiers 22\/12\/2023<br \/>Procedure de recrutement Pr\u00e9s\u00e9lection sur dossier\/autres<br \/>Dur\u00e9e du contrat NP<br \/>Autres conditions T\u00e9l : (226) 25 37 63 15<br \/>Source de l&#8217;offre Journal l&#8217;Observateur Paalga\u00a0du\u00a019\/12\/2023<\/h4>\t\t\t\t\t\t<\/div>\n\t\t\t\t<\/div>\n\t\t\t\t\t<\/div>\n\t\t<\/div>\n\t\t\t\t\t\t\t<\/div>\n\t\t<\/section>\n\t\t\t\t\t\t\t<\/div>\n\t\t","protected":false},"excerpt":{"rendered":"<p>Poste \u00e0 pourvoir CommerciauxNombre de poste 02Lieu d&#8217;affectation OuagadougouStructure recruteur Le Bureau International d&#8217;Etudes et de Management (BIEM) SarStructure B\u00e9n\u00e9ficiaire Une entreprise commerciale de la placeSecteur activit\u00e9 CommerceDipl\u00f4me ou niveau BAC+2Option du dipl\u00f4me Gestion commerciale;marketingExp\u00e9riences 2 ansCapacit\u00e9s li\u00e9es \u00e0 l&#8217;emploi voir la suite des conditions dans le journal l&#8217;Observateur Paalga du 19\/12\/2023Connaissance en informatique NPCondition&hellip;<\/p>\n","protected":false},"author":1,"featured_media":0,"parent":0,"menu_order":0,"comment_status":"closed","ping_status":"closed","template":"","meta":[],"_links":{"self":[{"href":"https:\/\/job.amd-veille.com\/index.php\/wp-json\/wp\/v2\/pages\/5512"}],"collection":[{"href":"https:\/\/job.amd-veille.com\/index.php\/wp-json\/wp\/v2\/pages"}],"about":[{"href":"https:\/\/job.amd-veille.com\/index.php\/wp-json\/wp\/v2\/types\/page"}],"author":[{"embeddable":true,"href":"https:\/\/job.amd-veille.com\/index.php\/wp-json\/wp\/v2\/users\/1"}],"replies":[{"embeddable":true,"href":"https:\/\/job.amd-veille.com\/index.php\/wp-json\/wp\/v2\/comments?post=5512"}],"version-history":[{"count":5,"href":"https:\/\/job.amd-veille.com\/index.php\/wp-json\/wp\/v2\/pages\/5512\/revisions"}],"predecessor-version":[{"id":5517,"href":"https:\/\/job.amd-veille.com\/index.php\/wp-json\/wp\/v2\/pages\/5512\/revisions\/5517"}],"wp:attachment":[{"href":"https:\/\/job.amd-veille.com\/index.php\/wp-json\/wp\/v2\/media?parent=5512"}],"curies":[{"name":"wp","href":"https:\/\/api.w.org\/{rel}","templated":true}]}}