{"id":5518,"date":"2023-12-21T08:43:58","date_gmt":"2023-12-21T08:43:58","guid":{"rendered":"https:\/\/job.amd-veille.com\/?page_id=5518"},"modified":"2023-12-21T08:48:43","modified_gmt":"2023-12-21T08:48:43","slug":"elementor-5518","status":"publish","type":"page","link":"https:\/\/job.amd-veille.com\/index.php\/elementor-5518\/","title":{"rendered":"Recrutement d&#8217;h\u00f4tesses"},"content":{"rendered":"\t\t<div data-elementor-type=\"wp-page\" data-elementor-id=\"5518\" class=\"elementor elementor-5518\">\n\t\t\t\t\t\t\t\t\t<section class=\"elementor-section elementor-top-section elementor-element elementor-element-3a2d382 elementor-section-boxed elementor-section-height-default elementor-section-height-default\" data-id=\"3a2d382\" data-element_type=\"section\">\n\t\t\t\t\t\t<div class=\"elementor-container elementor-column-gap-default\">\n\t\t\t\t\t<div class=\"elementor-column elementor-col-100 elementor-top-column elementor-element elementor-element-305ab69\" data-id=\"305ab69\" data-element_type=\"column\">\n\t\t\t<div class=\"elementor-widget-wrap elementor-element-populated\">\n\t\t\t\t\t\t\t\t<div class=\"elementor-element elementor-element-655a3c7 elementor-widget elementor-widget-text-editor\" data-id=\"655a3c7\" data-element_type=\"widget\" data-widget_type=\"text-editor.default\">\n\t\t\t\t<div class=\"elementor-widget-container\">\n\t\t\t<style>\/*! elementor - v3.14.0 - 26-06-2023 *\/\n.elementor-widget-text-editor.elementor-drop-cap-view-stacked .elementor-drop-cap{background-color:#69727d;color:#fff}.elementor-widget-text-editor.elementor-drop-cap-view-framed .elementor-drop-cap{color:#69727d;border:3px solid;background-color:transparent}.elementor-widget-text-editor:not(.elementor-drop-cap-view-default) .elementor-drop-cap{margin-top:8px}.elementor-widget-text-editor:not(.elementor-drop-cap-view-default) .elementor-drop-cap-letter{width:1em;height:1em}.elementor-widget-text-editor .elementor-drop-cap{float:left;text-align:center;line-height:1;font-size:50px}.elementor-widget-text-editor .elementor-drop-cap-letter{display:inline-block}<\/style>\t\t\t\t<h3>Appel \u00e0 candidatures pour le recrutement d&#8217;h\u00f4tesses pour le compte d&#8217;une compagnie.<br \/>Conditions : <br \/>&#8211; Bac + 3 minimum<br \/>&#8211; Avoir entre 18 et 30 ans<br \/>&#8211; Avoir au moins 1m70 comme taille<br \/>&#8211; Avoir un poids maximum de 70 kg<br \/>&#8211; Pouvoir communiquer en Anglais <br \/>&#8211; \u00catre pr\u00e9sentable et classe <br \/>-Avoir une exp\u00e9rience ( minimum 1 ans)<br \/>Soumettre le CV (avec portrait) au 74967999<br \/>NB : Pri\u00e8re de bien lire les conditions avant de soumettre vos CV au plus tard le 22\/12\/23\u00a0\u00e0\u00a012h00<\/h3>\t\t\t\t\t\t<\/div>\n\t\t\t\t<\/div>\n\t\t\t\t\t<\/div>\n\t\t<\/div>\n\t\t\t\t\t\t\t<\/div>\n\t\t<\/section>\n\t\t\t\t\t\t\t<\/div>\n\t\t","protected":false},"excerpt":{"rendered":"<p>Appel \u00e0 candidatures pour le recrutement d&#8217;h\u00f4tesses pour le compte d&#8217;une compagnie.Conditions : &#8211; Bac + 3 minimum&#8211; Avoir entre 18 et 30 ans&#8211; Avoir au moins 1m70 comme taille&#8211; Avoir un poids maximum de 70 kg&#8211; Pouvoir communiquer en Anglais &#8211; \u00catre pr\u00e9sentable et classe -Avoir une exp\u00e9rience ( minimum 1 ans)Soumettre le CV&hellip;<\/p>\n","protected":false},"author":1,"featured_media":0,"parent":0,"menu_order":0,"comment_status":"closed","ping_status":"closed","template":"","meta":[],"_links":{"self":[{"href":"https:\/\/job.amd-veille.com\/index.php\/wp-json\/wp\/v2\/pages\/5518"}],"collection":[{"href":"https:\/\/job.amd-veille.com\/index.php\/wp-json\/wp\/v2\/pages"}],"about":[{"href":"https:\/\/job.amd-veille.com\/index.php\/wp-json\/wp\/v2\/types\/page"}],"author":[{"embeddable":true,"href":"https:\/\/job.amd-veille.com\/index.php\/wp-json\/wp\/v2\/users\/1"}],"replies":[{"embeddable":true,"href":"https:\/\/job.amd-veille.com\/index.php\/wp-json\/wp\/v2\/comments?post=5518"}],"version-history":[{"count":5,"href":"https:\/\/job.amd-veille.com\/index.php\/wp-json\/wp\/v2\/pages\/5518\/revisions"}],"predecessor-version":[{"id":5523,"href":"https:\/\/job.amd-veille.com\/index.php\/wp-json\/wp\/v2\/pages\/5518\/revisions\/5523"}],"wp:attachment":[{"href":"https:\/\/job.amd-veille.com\/index.php\/wp-json\/wp\/v2\/media?parent=5518"}],"curies":[{"name":"wp","href":"https:\/\/api.w.org\/{rel}","templated":true}]}}