{"id":5551,"date":"2023-12-27T09:11:38","date_gmt":"2023-12-27T09:11:38","guid":{"rendered":"https:\/\/job.amd-veille.com\/?page_id=5551"},"modified":"2023-12-27T09:17:49","modified_gmt":"2023-12-27T09:17:49","slug":"elementor-5551","status":"publish","type":"page","link":"https:\/\/job.amd-veille.com\/index.php\/elementor-5551\/","title":{"rendered":"Recrutement d&#8217;un Assistant"},"content":{"rendered":"\t\t<div data-elementor-type=\"wp-page\" data-elementor-id=\"5551\" class=\"elementor elementor-5551\">\n\t\t\t\t\t\t\t\t\t<section class=\"elementor-section elementor-top-section elementor-element elementor-element-353fa5b elementor-section-boxed elementor-section-height-default elementor-section-height-default\" data-id=\"353fa5b\" data-element_type=\"section\">\n\t\t\t\t\t\t<div class=\"elementor-container elementor-column-gap-default\">\n\t\t\t\t\t<div class=\"elementor-column elementor-col-100 elementor-top-column elementor-element elementor-element-d4f1710\" data-id=\"d4f1710\" data-element_type=\"column\">\n\t\t\t<div class=\"elementor-widget-wrap elementor-element-populated\">\n\t\t\t\t\t\t\t\t<div class=\"elementor-element elementor-element-627a8f3 elementor-widget elementor-widget-text-editor\" data-id=\"627a8f3\" data-element_type=\"widget\" data-widget_type=\"text-editor.default\">\n\t\t\t\t<div class=\"elementor-widget-container\">\n\t\t\t<style>\/*! elementor - v3.14.0 - 26-06-2023 *\/\n.elementor-widget-text-editor.elementor-drop-cap-view-stacked .elementor-drop-cap{background-color:#69727d;color:#fff}.elementor-widget-text-editor.elementor-drop-cap-view-framed .elementor-drop-cap{color:#69727d;border:3px solid;background-color:transparent}.elementor-widget-text-editor:not(.elementor-drop-cap-view-default) .elementor-drop-cap{margin-top:8px}.elementor-widget-text-editor:not(.elementor-drop-cap-view-default) .elementor-drop-cap-letter{width:1em;height:1em}.elementor-widget-text-editor .elementor-drop-cap{float:left;text-align:center;line-height:1;font-size:50px}.elementor-widget-text-editor .elementor-drop-cap-letter{display:inline-block}<\/style>\t\t\t\t<h4>Poste \u00e0 pourvoir ASSISTANT MOBILISATEUR\/TRICE COMMUNAUTAIRE (H\/F)<br \/>Nombre de poste 01<br \/>Lieu d&#8217;affectation Fada N\u2019Gourma<br \/>Structure recruteur INTERNATIONAL RESCUE COMMITTEE (IRC)<br \/>Structure B\u00e9n\u00e9ficiaire INTERNATIONAL RESCUE COMMITTEE (IRC)<br \/>Secteur activit\u00e9 Activit\u00e9s de sant\u00e9 et d\u2019action sociale<br \/>Dipl\u00f4me ou niveau BAC+2\/3<br \/>Option du dipl\u00f4me en science sociale ou \u00e9quivalent<br \/>Exp\u00e9riences 02 ans<br \/>Capacit\u00e9s li\u00e9es \u00e0 l&#8217;emploi <br \/>Offre d\u2019Emploi<\/h4><h4>Titre : ASSISTANT MOBILISATEUR\/TRICE COMMUNAUTAIRE (H\/F)<br \/>Dur\u00e9e de Contrat : Neuf (09) mois avec possibilit\u00e9 de Renouv\u00e8lement<br \/>Lieu de travail : R\u00e9gion de l\u2019Est (Fada)<br \/>Nombre de poste : Un (01)<br \/>Date de d\u00e9but : ASAP<br \/>I. HISTORIQUE\/CONTEXTE<br \/>L\u2019International Rescue Committee (IRC) a \u00e9t\u00e9 fond\u00e9e en 1933, \u00e0 l\u2019initiative du c\u00e9l\u00e8bre physicien Albert Einstein. Aujourd\u2019hui, l\u2019IRC est l\u2019un des leaders mondiaux en mati\u00e8re de secours, de r\u00e9habilitation, de protection, de d\u00e9veloppement post-conflit, de r\u00e9insertion et de plaidoyer pour les personnes affect\u00e9es par les crises. La mission de l\u2019IRC est d\u2019aider les personnes dont les vies et les moyens de subsistance sont d\u00e9truits par les conflits et les catastrophes \u00e0 survivre, se relever et prendre en main leur avenir.<br \/>L&#8217;IRC met en \u0153uvre des programmes pour promouvoir les solutions durables chez les personnes d\u00e9plac\u00e9es, les r\u00e9fugi\u00e9s et les populations h\u00f4tes \u00e0 travers des projets de sant\u00e9 publique, d&#8217;assainissement, d&#8217;abris, de r\u00e9habilitation et d&#8217;\u00e9ducation. L&#8217;IRC intervient aupr\u00e8s des r\u00e9fugi\u00e9s depuis 1933 et est pr\u00e9sent dans 40 pays en Europe, en Afrique, en Asie, ainsi qu\u2019\u00e0 l\u2019Etats Unies, dans le cadre d\u2019un programme d\u2019appui \u00e0 la r\u00e9installation. L\u2019IRC est une organisation engag\u00e9e dans la libert\u00e9, la dignit\u00e9 humaine et l&#8217;autonomie. Cet engagement se traduit par une assistance de qualit\u00e9 \u00e0 la r\u00e9installation, une aide globale d&#8217;urgence, la r\u00e9habilitation et le plaidoyer pour les refugies.<br \/>Au Burkina Faso, l\u2019IRC a lanc\u00e9 sa premi\u00e8re phase de programmation d\u2019intervention d&#8217;urgence dans la ville de Djibo en avril 2019, avec principalement des activit\u00e9s WASH. Puis, l&#8217;IRC a \u00e9tendu ses interventions dans les secteurs de la protection, de la sant\u00e9, de la nutrition, du rel\u00e8vement \u00e9conomique &amp; du d\u00e9veloppement et r\u00e9cemment dans la gouvernance.<br \/>L&#8217;organisation dispose d&#8217;un bureau principal \u00e0 Ouagadougou, des bases \u00e0 Ouahigouya (R\u00e9gion du Nord), Dori (R\u00e9gion du Sahel), Fada (R\u00e9gion de l\u2019Est) et de sous base \u00e0 Djibo (Sahel) et \u00e0 Kaya (Centre Nord) &amp; Seguenega (Nord).<br \/>En 2015, l&#8217;IRC a \u00e9labor\u00e9 une nouvelle strat\u00e9gie au niveau global qui a d\u00e9marr\u00e9 en 2020. Cette strat\u00e9gie a red\u00e9fini la mission de l&#8217;IRC et d\u00e9fini des objectifs op\u00e9rationnels et organisationnels pr\u00e9cis afin de renforcer son mandat dans les urgences humanitaires et les situations de post-conflit. \u00c0 cet effet, IRC au niveau global veut mettre en place des infrastructures en mati\u00e8re de communication, financement, capital humain, syst\u00e8mes et technologies.<\/h4><h4>II. APERCU DU POSTE<br \/>Dans le cadre de son programme de Protection et Autonomisation des femmes (PAF), L\u2019IRC cherche \u00e0 recruter un \/une mobilisateur\/trice communautaire pour son bureau de FADA afin d\u2019appuyer dans la mise en \u0153uvre des activit\u00e9s PAF. Le\/La Mobilisateur(trice) Communautaire est responsable de la mise en \u0153uvre des activit\u00e9s de mobilisation Communautaire pour communiquer des informations aux communaut\u00e9s cibl\u00e9es en utilisant diverses m\u00e9thodes (s\u00e9ances d&#8217;information, th\u00e9\u00e2tre, radio, panneaux d&#8217;information, etc.) En collaboration avec les autres membres de l\u2019\u00e9quipe PAF, le\/la Mobilisateur\/trice Communautaire est \u00e9galement responsable du d\u00e9veloppement des messages et des outils de sensibilisation sur la VBG, les services disponibles, leur importance et comment y acc\u00e9der.<\/h4><h4>III. RESPONSABILITES SPECIFIQUES DU POSTE<br \/>1- Activit\u00e9s programmatiques<br \/>\u2022 Organiser, conduire et suivre des s\u00e9ances de sensibilisation, des ateliers et des focus groups en identifiant les cibles.<br \/>\u2022 Utilisant les m\u00e9thodes participatifs et actifs, informer la communaut\u00e9 et les prestataires des services sur les concepts cl\u00e9s de GBV et les services disponibles pour les survivantes.<br \/>\u2022 Travailler avec les \u00e9quipes de sensibilisation des communaut\u00e9s pour \u00e9changer des informations et s&#8217;assurer que les programmes de l&#8217;IRC r\u00e9pondent aux besoins \u00e9volutifs des communaut\u00e9s ;<br \/>\u2022 Identifier les pr\u00e9occupations li\u00e9es aux protocoles d&#8217;orientation et aux principes directeurs en mati\u00e8re de VBG et soutenir leur respect, et faire part de ces pr\u00e9occupations au superviseur hi\u00e9rarchique ;<br \/>\u2022 Participer au d\u00e9veloppement d\u2019un programme de formation et d\u2019accompagnement dans le domaine de l\u2019\u00e9ducation communautaire pour la communaut\u00e9 ;<br \/>\u2022 Appuyer dans la mise en place des espaces s\u00fbrs, les formations, les ateliers et les activit\u00e9s organis\u00e9es par le programme afin d\u2019engager les leaders locaux \u00e0 s\u2019impliquer dans la lutte contre la violence faites aux femmes et aux filles ;<br \/>\u2022 Contribuer \u00e0 la planification et la mise en \u0153uvre des campagnes de sensibilisation ;<br \/>\u2022 Etablir une relation positive avec des membres de la communaut\u00e9 d\u00e9plac\u00e9e ;<br \/>\u2022 D\u00e9velopper, en collaboration avec les groupes cibl\u00e9s, des m\u00e9thodes et mat\u00e9riels d\u2019Information, Education et Communication (IEC) appropri\u00e9es pour une mobilisation communautaire active li\u00e9e \u00e0 la pr\u00e9vention de r\u00e9ponse aux violences sexuelles et bas\u00e9es sur le genre en tout contexte ;<br \/>\u2022 Collaborer efficacement avec les travailleurs sociaux, les Assistantes psychosociales et les coll\u00e8gues d\u2019autres secteurs pour assurer un suivi de qualit\u00e9 aux b\u00e9n\u00e9ficiaires des activit\u00e9s du programme ;<br \/>\u2022 En tant que membre de l\u2019\u00e9quipe d\u2019urgence, assurer \u00e1 tout moment la disponibilit\u00e9 \u00e0 intervenir en cas d\u2019urgence, selon les indications de la Coordination.<br \/>\u2022 Entretenir des relations de travail efficaces avec les parties prenantes concern\u00e9es, y compris les chefs de communaut\u00e9 et les autres partenaires de mise en \u0153uvre ;<\/h4><h4>2- Monitoring &amp; Rapportage<br \/>\u2022 R\u00e9diger des rapports d&#8217;activit\u00e9 mensuels, conform\u00e9ment aux directives du responsable de l&#8217;action contre la violence li\u00e9e au sexe, du responsable principal\/du chef d&#8217;\u00e9quipe de l&#8217;action contre la violence li\u00e9e au sexe et du responsable du programme contre la violence li\u00e9e au sexe.<br \/>\u2022 Renseigner mensuellement l\u2019outil de suivi des formations et de sensibilisation (Base des donn\u00e9es).<\/h4><h4>3- Autres:<br \/>\u2022 D\u2019autres responsabilit\u00e9s attribu\u00e9es par la\/le superviseure pour am\u00e9liorer et d\u00e9velopper le programme Protection de l\u2019IRC ;<br \/>\u2022 Participer aux diff\u00e9rentes r\u00e9unions programme ;<\/h4><h4>IV. QUALIFICATIONS ET COMPETENCES REQUISES<br \/>Niveau d\u2019Etude :<br \/>\u2022 \u00catre d\u00e9tenteur d\u2019un dipl\u00f4me universitaire Bac + 2\/3 de pr\u00e9f\u00e9rence en science sociale ou \u00e9quivalent<br \/>Comp\u00e9tences Techniques et Exp\u00e9rience:<br \/>\u2022 Au moins 2 ans d&#8217;exp\u00e9rience \u00e0 un poste similaire ;<br \/>\u2022 Exp\u00e9rience dans le VBG, le r\u00e9f\u00e9rencement des cas vers les services<br \/>\u2022 Exp\u00e9rience en mati\u00e8re de sensibilisation ou de mobilisation de la communaut\u00e9<br \/>\u2022 Excellentes aptitudes \u00e0 la communication<br \/>Aptitudes personnelles:<br \/>\u2022 Grande capacit\u00e9 \u00e0 garder son sang-froid, \u00e0 donner la priorit\u00e9 au travail sous pression et \u00e0 travailler dans un environnement difficile<br \/>\u2022 Avoir une bonne connaissance de la langue locale pour bien communiquer avec les survivantes ;<br \/>\u2022 Compr\u00e9hension et capacit\u00e9 d\u00e9montr\u00e9es \u00e0 maintenir la confidentialit\u00e9 et le respect des clients<br \/>\u2022 Attitude positive et professionnelle, y compris la capacit\u00e9 \u00e0 diriger et \u00e0 bien travailler en \u00e9quipe<br \/>\u2022 Comprendre clairement le bien-\u00eatre des femmes et des filles, s&#8217;y int\u00e9resser et soutenir leur gu\u00e9rison apr\u00e8s l&#8217;exp\u00e9rience de la violence ;<br \/>\u2022 Grande capacit\u00e9 de communication, capacit\u00e9 organisationnelle et interpersonnelles.<br \/>\u2022 Capacit\u00e9 \u00e0 travailler efficacement dans des situations instables, difficile, et des environnements en \u00e9volution rapide.<\/h4><h4>RESPECT DU CODE DE CONDUITE DE L\u2019IRC (IRC WAY)<br \/>L\u2019IRC et les employ\u00e9s de l\u2019IRC doivent adh\u00e9rer aux valeurs et principes contenus dans l\u2019IRC WAY (normes de conduite professionnelle). Ce sont l\u2019Int\u00e9grit\u00e9, le Service, l\u2019Egalite et la Responsabilit\u00e9. En conformit\u00e9 avec ces valeurs, IRC op\u00e8re et fait respecter les politiques sur la protection des b\u00e9n\u00e9ficiaires contre l\u2019exploitation et les abus, la protection de l\u2019enfant, le harc\u00e8lement sur les lieux de travail, l\u2019int\u00e9grit\u00e9 financi\u00e8re, et les repr\u00e9sailles.<\/h4><h4>Connaissance en informatique <br \/>Condition d&#8217;\u00e2ge <br \/>Composition du dossier <br \/>Pr\u00e9sentation du dossier<br \/>\u2022 Lettre de motivation qui explique clairement pourquoi vous vous sentez capable d&#8217;assumer ce poste<br \/>\u2022 R\u00e9sum\u00e9 (CV) \u00e0 jour ;<br \/>\u2022 Les noms, fonctions, num\u00e9ro de t\u00e9l\u00e9phone et adresse e-mail d&#8217;au moins trois (03) r\u00e9f\u00e9rences professionnelles ;<\/h4><h4>D\u00e9p\u00f4t des Candidatures<br \/>Les candidats int\u00e9ress\u00e9s peuvent appliquer en suivant le lien ci-dessous (copier le lien et le coller dans la barre de recherche Google https:\/\/rescue.csod.com\/ux\/ats\/careersite\/1\/home\/requisition\/47459?c=rescue au plus tard le 04\/01\/2024 \u00e0 00 heure. Les candidatures f\u00e9minines sont fortement encourag\u00e9es.<br \/>Date limite de dep\u00f4t des dossiers 04\/01\/2024<br \/>Procedure de recrutement <br \/>N.B : Seules les candidatures retenues seront contact\u00e9es pour la suite du processus, et les documents suivants seront demand\u00e9s avant toute offre de poste : Copie des dipl\u00f4mes, attestations de services rendus, attestations\/brevet de formation, pi\u00e8ce d\u2019identit\u00e9 et tout autre document pouvant soutenir la candidature.<br \/>Dur\u00e9e du contrat CDD 09 mois renouvelables<br \/>Autres conditions <br \/>Source\u00a0de\u00a0l&#8217;offre ONEF<\/h4>\t\t\t\t\t\t<\/div>\n\t\t\t\t<\/div>\n\t\t\t\t\t<\/div>\n\t\t<\/div>\n\t\t\t\t\t\t\t<\/div>\n\t\t<\/section>\n\t\t\t\t\t\t\t<\/div>\n\t\t","protected":false},"excerpt":{"rendered":"<p>Poste \u00e0 pourvoir ASSISTANT MOBILISATEUR\/TRICE COMMUNAUTAIRE (H\/F)Nombre de poste 01Lieu d&#8217;affectation Fada N\u2019GourmaStructure recruteur INTERNATIONAL RESCUE COMMITTEE (IRC)Structure B\u00e9n\u00e9ficiaire INTERNATIONAL RESCUE COMMITTEE (IRC)Secteur activit\u00e9 Activit\u00e9s de sant\u00e9 et d\u2019action socialeDipl\u00f4me ou niveau BAC+2\/3Option du dipl\u00f4me en science sociale ou \u00e9quivalentExp\u00e9riences 02 ansCapacit\u00e9s li\u00e9es \u00e0 l&#8217;emploi Offre d\u2019Emploi Titre : ASSISTANT MOBILISATEUR\/TRICE COMMUNAUTAIRE (H\/F)Dur\u00e9e de Contrat&hellip;<\/p>\n","protected":false},"author":1,"featured_media":0,"parent":0,"menu_order":0,"comment_status":"closed","ping_status":"closed","template":"","meta":[],"_links":{"self":[{"href":"https:\/\/job.amd-veille.com\/index.php\/wp-json\/wp\/v2\/pages\/5551"}],"collection":[{"href":"https:\/\/job.amd-veille.com\/index.php\/wp-json\/wp\/v2\/pages"}],"about":[{"href":"https:\/\/job.amd-veille.com\/index.php\/wp-json\/wp\/v2\/types\/page"}],"author":[{"embeddable":true,"href":"https:\/\/job.amd-veille.com\/index.php\/wp-json\/wp\/v2\/users\/1"}],"replies":[{"embeddable":true,"href":"https:\/\/job.amd-veille.com\/index.php\/wp-json\/wp\/v2\/comments?post=5551"}],"version-history":[{"count":5,"href":"https:\/\/job.amd-veille.com\/index.php\/wp-json\/wp\/v2\/pages\/5551\/revisions"}],"predecessor-version":[{"id":5556,"href":"https:\/\/job.amd-veille.com\/index.php\/wp-json\/wp\/v2\/pages\/5551\/revisions\/5556"}],"wp:attachment":[{"href":"https:\/\/job.amd-veille.com\/index.php\/wp-json\/wp\/v2\/media?parent=5551"}],"curies":[{"name":"wp","href":"https:\/\/api.w.org\/{rel}","templated":true}]}}