{"id":5559,"date":"2023-12-28T14:54:59","date_gmt":"2023-12-28T14:54:59","guid":{"rendered":"https:\/\/job.amd-veille.com\/?page_id=5559"},"modified":"2023-12-28T14:57:52","modified_gmt":"2023-12-28T14:57:52","slug":"elementor-5559","status":"publish","type":"page","link":"https:\/\/job.amd-veille.com\/index.php\/elementor-5559\/","title":{"rendered":"Recrutement de Commerciaux"},"content":{"rendered":"\t\t<div data-elementor-type=\"wp-page\" data-elementor-id=\"5559\" class=\"elementor elementor-5559\">\n\t\t\t\t\t\t\t\t\t<section class=\"elementor-section elementor-top-section elementor-element elementor-element-79437f9 elementor-section-boxed elementor-section-height-default elementor-section-height-default\" data-id=\"79437f9\" data-element_type=\"section\">\n\t\t\t\t\t\t<div class=\"elementor-container elementor-column-gap-default\">\n\t\t\t\t\t<div class=\"elementor-column elementor-col-100 elementor-top-column elementor-element elementor-element-d14ce38\" data-id=\"d14ce38\" data-element_type=\"column\">\n\t\t\t<div class=\"elementor-widget-wrap elementor-element-populated\">\n\t\t\t\t\t\t\t\t<div class=\"elementor-element elementor-element-3b70d1d elementor-widget elementor-widget-text-editor\" data-id=\"3b70d1d\" data-element_type=\"widget\" data-widget_type=\"text-editor.default\">\n\t\t\t\t<div class=\"elementor-widget-container\">\n\t\t\t<style>\/*! elementor - v3.14.0 - 26-06-2023 *\/\n.elementor-widget-text-editor.elementor-drop-cap-view-stacked .elementor-drop-cap{background-color:#69727d;color:#fff}.elementor-widget-text-editor.elementor-drop-cap-view-framed .elementor-drop-cap{color:#69727d;border:3px solid;background-color:transparent}.elementor-widget-text-editor:not(.elementor-drop-cap-view-default) .elementor-drop-cap{margin-top:8px}.elementor-widget-text-editor:not(.elementor-drop-cap-view-default) .elementor-drop-cap-letter{width:1em;height:1em}.elementor-widget-text-editor .elementor-drop-cap{float:left;text-align:center;line-height:1;font-size:50px}.elementor-widget-text-editor .elementor-drop-cap-letter{display:inline-block}<\/style>\t\t\t\t<h3>Nous recherchons activement 10 Commerciaux(Filles, gar\u00e7ons) exp\u00e9riment\u00e9s pour rejoindre notre \u00e9quipe . <br>Avoir au moins un niveau de la classe de Terminale <br>Envoyer&nbsp; votre C.V au contact@baztechalarm.net ou sur Whatsapp au : +226 52292727 au plus tard le 30 D\u00e9cembre 2023.<\/h3>\n<h3>Salaire de base + commissions offerts par vente . <br>NB : Un v\u00e9hicule de service es mis \u00e0 votre disposition pour les diff\u00e9rentes prospections&nbsp;terrain<\/h3>\t\t\t\t\t\t<\/div>\n\t\t\t\t<\/div>\n\t\t\t\t\t<\/div>\n\t\t<\/div>\n\t\t\t\t\t\t\t<\/div>\n\t\t<\/section>\n\t\t\t\t\t\t\t<\/div>\n\t\t","protected":false},"excerpt":{"rendered":"<p>Nous recherchons activement 10 Commerciaux(Filles, gar\u00e7ons) exp\u00e9riment\u00e9s pour rejoindre notre \u00e9quipe . Avoir au moins un niveau de la classe de Terminale Envoyer&nbsp; votre C.V au contact@baztechalarm.net ou sur Whatsapp au : +226 52292727 au plus tard le 30 D\u00e9cembre 2023. Salaire de base + commissions offerts par vente . NB : Un v\u00e9hicule de&hellip;<\/p>\n","protected":false},"author":1,"featured_media":0,"parent":0,"menu_order":0,"comment_status":"closed","ping_status":"closed","template":"","meta":[],"_links":{"self":[{"href":"https:\/\/job.amd-veille.com\/index.php\/wp-json\/wp\/v2\/pages\/5559"}],"collection":[{"href":"https:\/\/job.amd-veille.com\/index.php\/wp-json\/wp\/v2\/pages"}],"about":[{"href":"https:\/\/job.amd-veille.com\/index.php\/wp-json\/wp\/v2\/types\/page"}],"author":[{"embeddable":true,"href":"https:\/\/job.amd-veille.com\/index.php\/wp-json\/wp\/v2\/users\/1"}],"replies":[{"embeddable":true,"href":"https:\/\/job.amd-veille.com\/index.php\/wp-json\/wp\/v2\/comments?post=5559"}],"version-history":[{"count":5,"href":"https:\/\/job.amd-veille.com\/index.php\/wp-json\/wp\/v2\/pages\/5559\/revisions"}],"predecessor-version":[{"id":5564,"href":"https:\/\/job.amd-veille.com\/index.php\/wp-json\/wp\/v2\/pages\/5559\/revisions\/5564"}],"wp:attachment":[{"href":"https:\/\/job.amd-veille.com\/index.php\/wp-json\/wp\/v2\/media?parent=5559"}],"curies":[{"name":"wp","href":"https:\/\/api.w.org\/{rel}","templated":true}]}}