{"id":5565,"date":"2023-12-29T09:27:45","date_gmt":"2023-12-29T09:27:45","guid":{"rendered":"https:\/\/job.amd-veille.com\/?page_id=5565"},"modified":"2023-12-29T09:30:51","modified_gmt":"2023-12-29T09:30:51","slug":"elementor-5565","status":"publish","type":"page","link":"https:\/\/job.amd-veille.com\/index.php\/elementor-5565\/","title":{"rendered":"Recrutement de commerciaux"},"content":{"rendered":"\t\t<div data-elementor-type=\"wp-page\" data-elementor-id=\"5565\" class=\"elementor elementor-5565\">\n\t\t\t\t\t\t\t\t\t<section class=\"elementor-section elementor-top-section elementor-element elementor-element-a298371 elementor-section-boxed elementor-section-height-default elementor-section-height-default\" data-id=\"a298371\" data-element_type=\"section\">\n\t\t\t\t\t\t<div class=\"elementor-container elementor-column-gap-default\">\n\t\t\t\t\t<div class=\"elementor-column elementor-col-100 elementor-top-column elementor-element elementor-element-c6625c5\" data-id=\"c6625c5\" data-element_type=\"column\">\n\t\t\t<div class=\"elementor-widget-wrap elementor-element-populated\">\n\t\t\t\t\t\t\t\t<div class=\"elementor-element elementor-element-2bdf661 elementor-widget elementor-widget-text-editor\" data-id=\"2bdf661\" data-element_type=\"widget\" data-widget_type=\"text-editor.default\">\n\t\t\t\t<div class=\"elementor-widget-container\">\n\t\t\t<style>\/*! elementor - v3.14.0 - 26-06-2023 *\/\n.elementor-widget-text-editor.elementor-drop-cap-view-stacked .elementor-drop-cap{background-color:#69727d;color:#fff}.elementor-widget-text-editor.elementor-drop-cap-view-framed .elementor-drop-cap{color:#69727d;border:3px solid;background-color:transparent}.elementor-widget-text-editor:not(.elementor-drop-cap-view-default) .elementor-drop-cap{margin-top:8px}.elementor-widget-text-editor:not(.elementor-drop-cap-view-default) .elementor-drop-cap-letter{width:1em;height:1em}.elementor-widget-text-editor .elementor-drop-cap{float:left;text-align:center;line-height:1;font-size:50px}.elementor-widget-text-editor .elementor-drop-cap-letter{display:inline-block}<\/style>\t\t\t\t<h4>Une grande boutique de vente de v\u00eatements et accessoires bas\u00e9e \u00e0 Bobo-Dioulasso, souhaite renforcer son \u00e9quipe en recrutant deux commerciaux dynamiques et motiv\u00e9s (femmes\/hommes) pour un contrat de deux mois. En tant que commercial, vos principales responsabilit\u00e9s seront de faire conna\u00eetre la boutique et de recruter de nouveaux clients.<\/h4><h4>Chaque commercial aura droit \u00e0 des frais de communication et de d\u00e9placements par mois. <br \/>De plus, les commerciaux b\u00e9n\u00e9ficieront de primes d&#8217;encouragement en fonction des objectifs qui leurs seront assign\u00e9s.<br \/>Pour postuler \u00e0 ce poste de commercial, nous recherchons des candidats qui poss\u00e8dent les comp\u00e9tences suivantes :<\/h4><h4>1. Excellentes comp\u00e9tences en communication et en persuasion.<br \/>2. Capacit\u00e9 \u00e0 identifier les opportunit\u00e9s commerciales et \u00e0 les exploiter.<br \/>3. Sens d\u00e9velopp\u00e9 du service client et aptitude \u00e0 maintenir de bonnes relations avec les clients existants.<br \/>4. Capacit\u00e9 \u00e0 travailler de mani\u00e8re autonome et \u00e0 atteindre les objectifs fix\u00e9s.<br \/>5. Bonne connaissance du secteur des v\u00eatements et des accessoires, ainsi que de la concurrence.<\/h4><h4>Si vous \u00eates passionn\u00e9 par la vente, que vous poss\u00e9dez les comp\u00e9tences requises et que vous recherchez un environnement stimulant pour d\u00e9velopper votre carri\u00e8re, nous vous invitons \u00e0 nous envoyer votre candidature d\u00e8s que possible.<\/h4><h4>Veuillez inclure votre CV d\u00e9crivant bri\u00e8vement vos exp\u00e9riences pass\u00e9es en vente.<br \/>Les d\u00e9p\u00f4ts de dossiers de candidature se font au niveau du cabinet R\u00e9veil du Si\u00e8cle Consulting Services situ\u00e9 \u00e0 Ouinzzin-ville (Bobo-Dioulasso) \u00e0 quelques m\u00e8tres de pharmacie Hadim de 08 \u00e0 17h jusqu&#8217;au vendredi 29 d\u00e9cembre 2023.<br \/>T\u00e9l\u00e9phone: 00226 06 06 77\u00a067\/\u00a070\u00a046\u00a057\u00a098<\/h4>\t\t\t\t\t\t<\/div>\n\t\t\t\t<\/div>\n\t\t\t\t\t<\/div>\n\t\t<\/div>\n\t\t\t\t\t\t\t<\/div>\n\t\t<\/section>\n\t\t\t\t\t\t\t<\/div>\n\t\t","protected":false},"excerpt":{"rendered":"<p>Une grande boutique de vente de v\u00eatements et accessoires bas\u00e9e \u00e0 Bobo-Dioulasso, souhaite renforcer son \u00e9quipe en recrutant deux commerciaux dynamiques et motiv\u00e9s (femmes\/hommes) pour un contrat de deux mois. En tant que commercial, vos principales responsabilit\u00e9s seront de faire conna\u00eetre la boutique et de recruter de nouveaux clients. Chaque commercial aura droit \u00e0 des&hellip;<\/p>\n","protected":false},"author":1,"featured_media":0,"parent":0,"menu_order":0,"comment_status":"closed","ping_status":"closed","template":"","meta":[],"_links":{"self":[{"href":"https:\/\/job.amd-veille.com\/index.php\/wp-json\/wp\/v2\/pages\/5565"}],"collection":[{"href":"https:\/\/job.amd-veille.com\/index.php\/wp-json\/wp\/v2\/pages"}],"about":[{"href":"https:\/\/job.amd-veille.com\/index.php\/wp-json\/wp\/v2\/types\/page"}],"author":[{"embeddable":true,"href":"https:\/\/job.amd-veille.com\/index.php\/wp-json\/wp\/v2\/users\/1"}],"replies":[{"embeddable":true,"href":"https:\/\/job.amd-veille.com\/index.php\/wp-json\/wp\/v2\/comments?post=5565"}],"version-history":[{"count":5,"href":"https:\/\/job.amd-veille.com\/index.php\/wp-json\/wp\/v2\/pages\/5565\/revisions"}],"predecessor-version":[{"id":5570,"href":"https:\/\/job.amd-veille.com\/index.php\/wp-json\/wp\/v2\/pages\/5565\/revisions\/5570"}],"wp:attachment":[{"href":"https:\/\/job.amd-veille.com\/index.php\/wp-json\/wp\/v2\/media?parent=5565"}],"curies":[{"name":"wp","href":"https:\/\/api.w.org\/{rel}","templated":true}]}}