{"id":5596,"date":"2024-01-08T08:31:26","date_gmt":"2024-01-08T08:31:26","guid":{"rendered":"https:\/\/job.amd-veille.com\/?page_id=5596"},"modified":"2024-01-08T08:35:49","modified_gmt":"2024-01-08T08:35:49","slug":"elementor-5596","status":"publish","type":"page","link":"https:\/\/job.amd-veille.com\/index.php\/elementor-5596\/","title":{"rendered":"Recrutement Charg\u00e9 de Marketing et Communication"},"content":{"rendered":"\t\t<div data-elementor-type=\"wp-page\" data-elementor-id=\"5596\" class=\"elementor elementor-5596\">\n\t\t\t\t\t\t\t\t\t<section class=\"elementor-section elementor-top-section elementor-element elementor-element-8b99e89 elementor-section-boxed elementor-section-height-default elementor-section-height-default\" data-id=\"8b99e89\" data-element_type=\"section\">\n\t\t\t\t\t\t<div class=\"elementor-container elementor-column-gap-default\">\n\t\t\t\t\t<div class=\"elementor-column elementor-col-100 elementor-top-column elementor-element elementor-element-ed2c995\" data-id=\"ed2c995\" data-element_type=\"column\">\n\t\t\t<div class=\"elementor-widget-wrap elementor-element-populated\">\n\t\t\t\t\t\t\t\t<div class=\"elementor-element elementor-element-38c3573 elementor-widget elementor-widget-text-editor\" data-id=\"38c3573\" data-element_type=\"widget\" data-widget_type=\"text-editor.default\">\n\t\t\t\t<div class=\"elementor-widget-container\">\n\t\t\t<style>\/*! elementor - v3.14.0 - 26-06-2023 *\/\n.elementor-widget-text-editor.elementor-drop-cap-view-stacked .elementor-drop-cap{background-color:#69727d;color:#fff}.elementor-widget-text-editor.elementor-drop-cap-view-framed .elementor-drop-cap{color:#69727d;border:3px solid;background-color:transparent}.elementor-widget-text-editor:not(.elementor-drop-cap-view-default) .elementor-drop-cap{margin-top:8px}.elementor-widget-text-editor:not(.elementor-drop-cap-view-default) .elementor-drop-cap-letter{width:1em;height:1em}.elementor-widget-text-editor .elementor-drop-cap{float:left;text-align:center;line-height:1;font-size:50px}.elementor-widget-text-editor .elementor-drop-cap-letter{display:inline-block}<\/style>\t\t\t\t<h4>Offre d&#8217;emploi : Charg\u00e9 de Marketing et Communication<br \/>Notre entreprise, Lyn\u2019s consulting bas\u00e9e \u00e0 Saaba sur la route de l\u2019USTA en face <br \/>de la station Shell, est \u00e0 la recherche d&#8217;un professionnel passionn\u00e9 et talentueux pour <br \/>rejoindre notre \u00e9quipe en tant que Charg\u00e9 de Marketing et Communication. Si vous \u00eates <br \/>motiv\u00e9 par les d\u00e9fis cr\u00e9atifs, vous avez un esprit innovant et que vous souhaitez contribuer \u00e0 <br \/>notre croissance, cette opportunit\u00e9 est faite pour vous.<br \/>Responsabilit\u00e9s :<br \/>\u2713 D\u00e9velopper et mettre en \u0153uvre des strat\u00e9gies de marketing et de communication <br \/>afin de promouvoir nos services.<br \/>\u2713 Cr\u00e9er et g\u00e9rer le contenu pour les m\u00e9dias sociaux et autres supports de <br \/>communication.<br \/>\u2713 Concevoir des campagnes publicitaires en ligne et hors ligne pour accro\u00eetre la <br \/>visibilit\u00e9 de la marque.<br \/>Collaborer avec l\u2019\u00e9quipe pour garantir la coh\u00e9rence de la strat\u00e9gie de communication.<br \/>Qualifications :<br \/>\u27a2 Avoir au minimum un BAC+2 en marketing, communication ou dans un domaine <br \/>similaire.<br \/>\u27a2 Avoir une exp\u00e9rience pr\u00e9alable dans un r\u00f4le similaire sera un atout.<br \/>\u27a2 Excellentes comp\u00e9tences en communication \u00e9crite et verbale.<br \/>\u27a2 Capacit\u00e9 \u00e0 travailler de mani\u00e8re autonome tout en \u00e9tant un excellent collaborateur<br \/>au sein d&#8217;une \u00e9quipe.<br \/>Si vous \u00eates un professionnel dynamique, cr\u00e9atif et orient\u00e9 vers les r\u00e9sultats, nous serions <br \/>ravis de vous accueillir dans notre \u00e9quipe. Nous vous offrons la possibilit\u00e9 de contribuer de <br \/>mani\u00e8re significative au succ\u00e8s de notre entreprise.<br \/>Modalit\u00e9s de candidature :<br \/>Merci d&#8217;envoyer votre CV par WhatsApp sur le +226 53 00 11 11. Nous avons h\u00e2te de <br \/>d\u00e9couvrir votre profil et d&#8217;\u00e9valuer comment vous pourriez enrichir notre \u00e9quipe avec vos <br \/>comp\u00e9tences en marketing et communication.<br \/>Date limite de candidature :\u00a009\u00a0Janvier\u00a02024<\/h4>\t\t\t\t\t\t<\/div>\n\t\t\t\t<\/div>\n\t\t\t\t\t<\/div>\n\t\t<\/div>\n\t\t\t\t\t\t\t<\/div>\n\t\t<\/section>\n\t\t\t\t\t\t\t<\/div>\n\t\t","protected":false},"excerpt":{"rendered":"<p>Offre d&#8217;emploi : Charg\u00e9 de Marketing et CommunicationNotre entreprise, Lyn\u2019s consulting bas\u00e9e \u00e0 Saaba sur la route de l\u2019USTA en face de la station Shell, est \u00e0 la recherche d&#8217;un professionnel passionn\u00e9 et talentueux pour rejoindre notre \u00e9quipe en tant que Charg\u00e9 de Marketing et Communication. Si vous \u00eates motiv\u00e9 par les d\u00e9fis cr\u00e9atifs, vous&hellip;<\/p>\n","protected":false},"author":1,"featured_media":0,"parent":0,"menu_order":0,"comment_status":"closed","ping_status":"closed","template":"","meta":[],"_links":{"self":[{"href":"https:\/\/job.amd-veille.com\/index.php\/wp-json\/wp\/v2\/pages\/5596"}],"collection":[{"href":"https:\/\/job.amd-veille.com\/index.php\/wp-json\/wp\/v2\/pages"}],"about":[{"href":"https:\/\/job.amd-veille.com\/index.php\/wp-json\/wp\/v2\/types\/page"}],"author":[{"embeddable":true,"href":"https:\/\/job.amd-veille.com\/index.php\/wp-json\/wp\/v2\/users\/1"}],"replies":[{"embeddable":true,"href":"https:\/\/job.amd-veille.com\/index.php\/wp-json\/wp\/v2\/comments?post=5596"}],"version-history":[{"count":5,"href":"https:\/\/job.amd-veille.com\/index.php\/wp-json\/wp\/v2\/pages\/5596\/revisions"}],"predecessor-version":[{"id":5601,"href":"https:\/\/job.amd-veille.com\/index.php\/wp-json\/wp\/v2\/pages\/5596\/revisions\/5601"}],"wp:attachment":[{"href":"https:\/\/job.amd-veille.com\/index.php\/wp-json\/wp\/v2\/media?parent=5596"}],"curies":[{"name":"wp","href":"https:\/\/api.w.org\/{rel}","templated":true}]}}