{"id":5643,"date":"2024-01-15T11:27:58","date_gmt":"2024-01-15T11:27:58","guid":{"rendered":"https:\/\/job.amd-veille.com\/?page_id=5643"},"modified":"2024-01-15T11:33:13","modified_gmt":"2024-01-15T11:33:13","slug":"elementor-5643","status":"publish","type":"page","link":"https:\/\/job.amd-veille.com\/index.php\/elementor-5643\/","title":{"rendered":"Recrutement Assistant charg\u00e9 d&#8217;\u00e9tudes"},"content":{"rendered":"\t\t<div data-elementor-type=\"wp-page\" data-elementor-id=\"5643\" class=\"elementor elementor-5643\">\n\t\t\t\t\t\t\t\t\t<section class=\"elementor-section elementor-top-section elementor-element elementor-element-2e9c693 elementor-section-boxed elementor-section-height-default elementor-section-height-default\" data-id=\"2e9c693\" data-element_type=\"section\">\n\t\t\t\t\t\t<div class=\"elementor-container elementor-column-gap-default\">\n\t\t\t\t\t<div class=\"elementor-column elementor-col-100 elementor-top-column elementor-element elementor-element-30a2090\" data-id=\"30a2090\" data-element_type=\"column\">\n\t\t\t<div class=\"elementor-widget-wrap elementor-element-populated\">\n\t\t\t\t\t\t\t\t<div class=\"elementor-element elementor-element-1f27647 elementor-widget elementor-widget-text-editor\" data-id=\"1f27647\" data-element_type=\"widget\" data-widget_type=\"text-editor.default\">\n\t\t\t\t<div class=\"elementor-widget-container\">\n\t\t\t<style>\/*! elementor - v3.14.0 - 26-06-2023 *\/\n.elementor-widget-text-editor.elementor-drop-cap-view-stacked .elementor-drop-cap{background-color:#69727d;color:#fff}.elementor-widget-text-editor.elementor-drop-cap-view-framed .elementor-drop-cap{color:#69727d;border:3px solid;background-color:transparent}.elementor-widget-text-editor:not(.elementor-drop-cap-view-default) .elementor-drop-cap{margin-top:8px}.elementor-widget-text-editor:not(.elementor-drop-cap-view-default) .elementor-drop-cap-letter{width:1em;height:1em}.elementor-widget-text-editor .elementor-drop-cap{float:left;text-align:center;line-height:1;font-size:50px}.elementor-widget-text-editor .elementor-drop-cap-letter{display:inline-block}<\/style>\t\t\t\t<h4>Poste \u00e0 pourvoir Assistant charg\u00e9 d&#8217;\u00e9tudes<br \/>Nombre de poste 01<br \/>Lieu d&#8217;affectation Ouagadougou<br \/>Structure recruteur Le Cabinet DOS &amp; Consultants<br \/>Structure B\u00e9n\u00e9ficiaire Un Bureau d&#8217;\u00e9tudes priv\u00e9<br \/>Secteur activit\u00e9 La conception de programmes et projets de sant\u00e9 publique et<br \/>Dipl\u00f4me ou niveau Master II<br \/>Option du dipl\u00f4me Socio-anthropologie, sant\u00e9 publique<br \/>Exp\u00e9riences 5 ans<br \/>Capacit\u00e9s li\u00e9es \u00e0 l&#8217;emploi voir la suite des conditions dans le journal l&#8217;Observateur Paalga du 12\/01\/2024<br \/>Connaissance en informatique Bonne ma\u00eetrise du Pack Office<br \/>Condition d&#8217;\u00e2ge NP<br \/>Composition du dossier Demande\/lettre de motivation\/CV \u00e0 jour\/dipl\u00f4mes et certificats de travail par mail: support@dosconsultants.com<br \/>Date limite de dep\u00f4t des dossiers 21\/01\/2024<br \/>Procedure de recrutement Pr\u00e9s\u00e9lection sur dossier\/autres<br \/>Dur\u00e9e du contrat NP<br \/>Autres conditions T\u00e9l : 66 52 37 29<br \/>Source de l&#8217;offre Journal l&#8217;Observateur Paalga\u00a0du\u00a012\/01\/2024<\/h4>\t\t\t\t\t\t<\/div>\n\t\t\t\t<\/div>\n\t\t\t\t\t<\/div>\n\t\t<\/div>\n\t\t\t\t\t\t\t<\/div>\n\t\t<\/section>\n\t\t\t\t\t\t\t<\/div>\n\t\t","protected":false},"excerpt":{"rendered":"<p>Poste \u00e0 pourvoir Assistant charg\u00e9 d&#8217;\u00e9tudesNombre de poste 01Lieu d&#8217;affectation OuagadougouStructure recruteur Le Cabinet DOS &amp; ConsultantsStructure B\u00e9n\u00e9ficiaire Un Bureau d&#8217;\u00e9tudes priv\u00e9Secteur activit\u00e9 La conception de programmes et projets de sant\u00e9 publique etDipl\u00f4me ou niveau Master IIOption du dipl\u00f4me Socio-anthropologie, sant\u00e9 publiqueExp\u00e9riences 5 ansCapacit\u00e9s li\u00e9es \u00e0 l&#8217;emploi voir la suite des conditions dans le journal&hellip;<\/p>\n","protected":false},"author":1,"featured_media":0,"parent":0,"menu_order":0,"comment_status":"closed","ping_status":"closed","template":"","meta":[],"_links":{"self":[{"href":"https:\/\/job.amd-veille.com\/index.php\/wp-json\/wp\/v2\/pages\/5643"}],"collection":[{"href":"https:\/\/job.amd-veille.com\/index.php\/wp-json\/wp\/v2\/pages"}],"about":[{"href":"https:\/\/job.amd-veille.com\/index.php\/wp-json\/wp\/v2\/types\/page"}],"author":[{"embeddable":true,"href":"https:\/\/job.amd-veille.com\/index.php\/wp-json\/wp\/v2\/users\/1"}],"replies":[{"embeddable":true,"href":"https:\/\/job.amd-veille.com\/index.php\/wp-json\/wp\/v2\/comments?post=5643"}],"version-history":[{"count":5,"href":"https:\/\/job.amd-veille.com\/index.php\/wp-json\/wp\/v2\/pages\/5643\/revisions"}],"predecessor-version":[{"id":5648,"href":"https:\/\/job.amd-veille.com\/index.php\/wp-json\/wp\/v2\/pages\/5643\/revisions\/5648"}],"wp:attachment":[{"href":"https:\/\/job.amd-veille.com\/index.php\/wp-json\/wp\/v2\/media?parent=5643"}],"curies":[{"name":"wp","href":"https:\/\/api.w.org\/{rel}","templated":true}]}}