{"id":5649,"date":"2024-01-15T11:37:49","date_gmt":"2024-01-15T11:37:49","guid":{"rendered":"https:\/\/job.amd-veille.com\/?page_id=5649"},"modified":"2024-01-15T11:41:00","modified_gmt":"2024-01-15T11:41:00","slug":"elementor-5649","status":"publish","type":"page","link":"https:\/\/job.amd-veille.com\/index.php\/elementor-5649\/","title":{"rendered":"Recrutement de stagiaire en comptabilit\u00e9"},"content":{"rendered":"\t\t<div data-elementor-type=\"wp-page\" data-elementor-id=\"5649\" class=\"elementor elementor-5649\">\n\t\t\t\t\t\t\t\t\t<section class=\"elementor-section elementor-top-section elementor-element elementor-element-94261e3 elementor-section-boxed elementor-section-height-default elementor-section-height-default\" data-id=\"94261e3\" data-element_type=\"section\">\n\t\t\t\t\t\t<div class=\"elementor-container elementor-column-gap-default\">\n\t\t\t\t\t<div class=\"elementor-column elementor-col-100 elementor-top-column elementor-element elementor-element-56c95a0\" data-id=\"56c95a0\" data-element_type=\"column\">\n\t\t\t<div class=\"elementor-widget-wrap elementor-element-populated\">\n\t\t\t\t\t\t\t\t<div class=\"elementor-element elementor-element-3fcdb22 elementor-widget elementor-widget-text-editor\" data-id=\"3fcdb22\" data-element_type=\"widget\" data-widget_type=\"text-editor.default\">\n\t\t\t\t<div class=\"elementor-widget-container\">\n\t\t\t<style>\/*! elementor - v3.14.0 - 26-06-2023 *\/\n.elementor-widget-text-editor.elementor-drop-cap-view-stacked .elementor-drop-cap{background-color:#69727d;color:#fff}.elementor-widget-text-editor.elementor-drop-cap-view-framed .elementor-drop-cap{color:#69727d;border:3px solid;background-color:transparent}.elementor-widget-text-editor:not(.elementor-drop-cap-view-default) .elementor-drop-cap{margin-top:8px}.elementor-widget-text-editor:not(.elementor-drop-cap-view-default) .elementor-drop-cap-letter{width:1em;height:1em}.elementor-widget-text-editor .elementor-drop-cap{float:left;text-align:center;line-height:1;font-size:50px}.elementor-widget-text-editor .elementor-drop-cap-letter{display:inline-block}<\/style>\t\t\t\t<h4>RECRUTEMENT DE STAGIAIRE<\/h4>\n<h4>Poste a pouvoir : stagiaire en comptabilit\u00e9<\/h4>\n<h4>Nombre de place : 01<\/h4>\n<h4>Lieu d&#8217;affection :OUAGA patte d&#8217;oie Secteur 52 Non loin de l&#8217;\u00e9glise Catholique<\/h4>\n<h4>Structure recruteur: Soci\u00e9t\u00e9 Financi\u00e8re saint Joseph<\/h4>\n<h4>Secteur d&#8217;activit\u00e9 : Finance externalisation strat\u00e9gie financi\u00e8re<\/h4>\n<h4>Dipl\u00f4me :BAC G2<\/h4>\n<h4>CONDITIONS<br>-\u00catre titulaire au moins du Baccalaur\u00e9at <br>-Avoir le sens de l&#8217;accueil et de l&#8217;organisation<br>-\u00catre imm\u00e9diatement disponible<br>-Ma\u00eetris\u00e9 surtout les imputation et les saisie sur le logiciel sage compta<\/h4>\n<h4>NB: stage de trois (03mois) renouvelable<\/h4>\n<h4>Stage r\u00e9mun\u00e9r\u00e9<\/h4>\n<h4>Dossier a fournir<br>-Copie du CNIB<br>-Copie extrait de naissance<br>-CV d\u00e9taill\u00e9<br>-Demande adress\u00e9 a Monsieur l&#8217;Administrateur G\u00e9n\u00e9ral<\/h4>\n<h4>Date limite de dep\u00f4t des dossiers : 22 janvier 2024<\/h4>\n<h4>Contact:67 74 34 05<br>&nbsp; &nbsp; &nbsp; &nbsp; &nbsp; &nbsp; &nbsp; 74&nbsp;99&nbsp;25&nbsp;25<\/h4>\t\t\t\t\t\t<\/div>\n\t\t\t\t<\/div>\n\t\t\t\t\t<\/div>\n\t\t<\/div>\n\t\t\t\t\t\t\t<\/div>\n\t\t<\/section>\n\t\t\t\t\t\t\t<\/div>\n\t\t","protected":false},"excerpt":{"rendered":"<p>RECRUTEMENT DE STAGIAIRE Poste a pouvoir : stagiaire en comptabilit\u00e9 Nombre de place : 01 Lieu d&#8217;affection :OUAGA patte d&#8217;oie Secteur 52 Non loin de l&#8217;\u00e9glise Catholique Structure recruteur: Soci\u00e9t\u00e9 Financi\u00e8re saint Joseph Secteur d&#8217;activit\u00e9 : Finance externalisation strat\u00e9gie financi\u00e8re Dipl\u00f4me :BAC G2 CONDITIONS-\u00catre titulaire au moins du Baccalaur\u00e9at -Avoir le sens de l&#8217;accueil et&hellip;<\/p>\n","protected":false},"author":1,"featured_media":0,"parent":0,"menu_order":0,"comment_status":"closed","ping_status":"closed","template":"","meta":[],"_links":{"self":[{"href":"https:\/\/job.amd-veille.com\/index.php\/wp-json\/wp\/v2\/pages\/5649"}],"collection":[{"href":"https:\/\/job.amd-veille.com\/index.php\/wp-json\/wp\/v2\/pages"}],"about":[{"href":"https:\/\/job.amd-veille.com\/index.php\/wp-json\/wp\/v2\/types\/page"}],"author":[{"embeddable":true,"href":"https:\/\/job.amd-veille.com\/index.php\/wp-json\/wp\/v2\/users\/1"}],"replies":[{"embeddable":true,"href":"https:\/\/job.amd-veille.com\/index.php\/wp-json\/wp\/v2\/comments?post=5649"}],"version-history":[{"count":5,"href":"https:\/\/job.amd-veille.com\/index.php\/wp-json\/wp\/v2\/pages\/5649\/revisions"}],"predecessor-version":[{"id":5654,"href":"https:\/\/job.amd-veille.com\/index.php\/wp-json\/wp\/v2\/pages\/5649\/revisions\/5654"}],"wp:attachment":[{"href":"https:\/\/job.amd-veille.com\/index.php\/wp-json\/wp\/v2\/media?parent=5649"}],"curies":[{"name":"wp","href":"https:\/\/api.w.org\/{rel}","templated":true}]}}