{"id":5661,"date":"2024-01-16T16:40:29","date_gmt":"2024-01-16T16:40:29","guid":{"rendered":"https:\/\/job.amd-veille.com\/?page_id=5661"},"modified":"2024-01-16T16:41:46","modified_gmt":"2024-01-16T16:41:46","slug":"elementor-5661","status":"publish","type":"page","link":"https:\/\/job.amd-veille.com\/index.php\/elementor-5661\/","title":{"rendered":"Recrutement Coordonnateur de projet"},"content":{"rendered":"\t\t<div data-elementor-type=\"wp-page\" data-elementor-id=\"5661\" class=\"elementor elementor-5661\">\n\t\t\t\t\t\t\t\t\t<section class=\"elementor-section elementor-top-section elementor-element elementor-element-9b24348 elementor-section-boxed elementor-section-height-default elementor-section-height-default\" data-id=\"9b24348\" data-element_type=\"section\">\n\t\t\t\t\t\t<div class=\"elementor-container elementor-column-gap-default\">\n\t\t\t\t\t<div class=\"elementor-column elementor-col-100 elementor-top-column elementor-element elementor-element-958f527\" data-id=\"958f527\" data-element_type=\"column\">\n\t\t\t<div class=\"elementor-widget-wrap elementor-element-populated\">\n\t\t\t\t\t\t\t\t<div class=\"elementor-element elementor-element-8a54995 elementor-widget elementor-widget-text-editor\" data-id=\"8a54995\" data-element_type=\"widget\" data-widget_type=\"text-editor.default\">\n\t\t\t\t<div class=\"elementor-widget-container\">\n\t\t\t<style>\/*! elementor - v3.14.0 - 26-06-2023 *\/\n.elementor-widget-text-editor.elementor-drop-cap-view-stacked .elementor-drop-cap{background-color:#69727d;color:#fff}.elementor-widget-text-editor.elementor-drop-cap-view-framed .elementor-drop-cap{color:#69727d;border:3px solid;background-color:transparent}.elementor-widget-text-editor:not(.elementor-drop-cap-view-default) .elementor-drop-cap{margin-top:8px}.elementor-widget-text-editor:not(.elementor-drop-cap-view-default) .elementor-drop-cap-letter{width:1em;height:1em}.elementor-widget-text-editor .elementor-drop-cap{float:left;text-align:center;line-height:1;font-size:50px}.elementor-widget-text-editor .elementor-drop-cap-letter{display:inline-block}<\/style>\t\t\t\t<h4>Poste \u00e0 pourvoir Coordonnateur de projet<br \/>Nombre de poste01<br \/>Lieu d&#8217;affectation Ouagadougou<br \/>Structure recruteur Le Cabinet Eminence Afrique Sarl<br \/>Structure B\u00e9n\u00e9ficiaire Une Importante soci\u00e9t\u00e9 agro-industrielle agro-industrielle<br \/>Secteur activit\u00e9<br \/><br \/>Dipl\u00f4me ou niveau Option du dipl\u00f4me Ing\u00e9nieur Agronomie<br \/>Exp\u00e9riences 3 ans<br \/>Capacit\u00e9s li\u00e9es \u00e0 l&#8217;emploi<br \/>Connaissance en informatique <br \/>Condition d&#8217;\u00e2ge<br \/>Composition du dossier<br \/>Date limite de dep\u00f4t des dossiers<br \/>Procedure de recrutement<br \/>Dur\u00e9e du contrat<br \/>Autres conditions Source de l&#8217;offre<\/h4><h4>voir la suite des conditions dans le journal l&#8217;Observateur Paalga du 12\/01\/2024<br \/>Ma\u00eetriser l&#8217;outil informatique<br \/>NP<br \/>Une photocopie du dipl\u00f4me\/une photocopie de la CNIB ou du passeport en cours de validit\u00e9\/un CV d\u00e9taill\u00e9 et sinc\u00e8re, faisant \u00e9tat du parcours acad\u00e9mique,des dipl\u00f4mes obtenus\/un extrait d&#8217;acte de naissance ou autres<br \/>25\/01\/2024<br \/>Pr\u00e9s\u00e9lection sur dossier\/test \u00e9crit\/entretien oral avec un jury<br \/>CDD Renouvelable<br \/>T\u00e9l : 25 33 50 53\/ 25 45 80 60<br \/>Journal l&#8217;Observateur Paalga\u00a0du\u00a012\/01\/202<\/h4>\t\t\t\t\t\t<\/div>\n\t\t\t\t<\/div>\n\t\t\t\t\t<\/div>\n\t\t<\/div>\n\t\t\t\t\t\t\t<\/div>\n\t\t<\/section>\n\t\t\t\t\t\t\t<\/div>\n\t\t","protected":false},"excerpt":{"rendered":"<p>Poste \u00e0 pourvoir Coordonnateur de projetNombre de poste01Lieu d&#8217;affectation OuagadougouStructure recruteur Le Cabinet Eminence Afrique SarlStructure B\u00e9n\u00e9ficiaire Une Importante soci\u00e9t\u00e9 agro-industrielle agro-industrielleSecteur activit\u00e9 Dipl\u00f4me ou niveau Option du dipl\u00f4me Ing\u00e9nieur AgronomieExp\u00e9riences 3 ansCapacit\u00e9s li\u00e9es \u00e0 l&#8217;emploiConnaissance en informatique Condition d&#8217;\u00e2geComposition du dossierDate limite de dep\u00f4t des dossiersProcedure de recrutementDur\u00e9e du contratAutres conditions Source de l&#8217;offre&hellip;<\/p>\n","protected":false},"author":1,"featured_media":0,"parent":0,"menu_order":0,"comment_status":"closed","ping_status":"closed","template":"","meta":[],"_links":{"self":[{"href":"https:\/\/job.amd-veille.com\/index.php\/wp-json\/wp\/v2\/pages\/5661"}],"collection":[{"href":"https:\/\/job.amd-veille.com\/index.php\/wp-json\/wp\/v2\/pages"}],"about":[{"href":"https:\/\/job.amd-veille.com\/index.php\/wp-json\/wp\/v2\/types\/page"}],"author":[{"embeddable":true,"href":"https:\/\/job.amd-veille.com\/index.php\/wp-json\/wp\/v2\/users\/1"}],"replies":[{"embeddable":true,"href":"https:\/\/job.amd-veille.com\/index.php\/wp-json\/wp\/v2\/comments?post=5661"}],"version-history":[{"count":5,"href":"https:\/\/job.amd-veille.com\/index.php\/wp-json\/wp\/v2\/pages\/5661\/revisions"}],"predecessor-version":[{"id":5666,"href":"https:\/\/job.amd-veille.com\/index.php\/wp-json\/wp\/v2\/pages\/5661\/revisions\/5666"}],"wp:attachment":[{"href":"https:\/\/job.amd-veille.com\/index.php\/wp-json\/wp\/v2\/media?parent=5661"}],"curies":[{"name":"wp","href":"https:\/\/api.w.org\/{rel}","templated":true}]}}