{"id":5692,"date":"2024-01-18T15:58:12","date_gmt":"2024-01-18T15:58:12","guid":{"rendered":"https:\/\/job.amd-veille.com\/?page_id=5692"},"modified":"2024-01-18T16:00:04","modified_gmt":"2024-01-18T16:00:04","slug":"elementor-5692","status":"publish","type":"page","link":"https:\/\/job.amd-veille.com\/index.php\/elementor-5692\/","title":{"rendered":"Recrutement de vendeur"},"content":{"rendered":"\t\t<div data-elementor-type=\"wp-page\" data-elementor-id=\"5692\" class=\"elementor elementor-5692\">\n\t\t\t\t\t\t\t\t\t<section class=\"elementor-section elementor-top-section elementor-element elementor-element-3b7da82 elementor-section-boxed elementor-section-height-default elementor-section-height-default\" data-id=\"3b7da82\" data-element_type=\"section\">\n\t\t\t\t\t\t<div class=\"elementor-container elementor-column-gap-default\">\n\t\t\t\t\t<div class=\"elementor-column elementor-col-100 elementor-top-column elementor-element elementor-element-ce5aff2\" data-id=\"ce5aff2\" data-element_type=\"column\">\n\t\t\t<div class=\"elementor-widget-wrap elementor-element-populated\">\n\t\t\t\t\t\t\t\t<div class=\"elementor-element elementor-element-3a0365f elementor-widget elementor-widget-text-editor\" data-id=\"3a0365f\" data-element_type=\"widget\" data-widget_type=\"text-editor.default\">\n\t\t\t\t<div class=\"elementor-widget-container\">\n\t\t\t<style>\/*! elementor - v3.14.0 - 26-06-2023 *\/\n.elementor-widget-text-editor.elementor-drop-cap-view-stacked .elementor-drop-cap{background-color:#69727d;color:#fff}.elementor-widget-text-editor.elementor-drop-cap-view-framed .elementor-drop-cap{color:#69727d;border:3px solid;background-color:transparent}.elementor-widget-text-editor:not(.elementor-drop-cap-view-default) .elementor-drop-cap{margin-top:8px}.elementor-widget-text-editor:not(.elementor-drop-cap-view-default) .elementor-drop-cap-letter{width:1em;height:1em}.elementor-widget-text-editor .elementor-drop-cap{float:left;text-align:center;line-height:1;font-size:50px}.elementor-widget-text-editor .elementor-drop-cap-letter{display:inline-block}<\/style>\t\t\t\t<h4>Recrutement <br \/>Besoin de deux (02) jeunes hommes pour la gestion d&#8217;un coin de pain brochette \u00e0 Kilwin. \u00catre dans la zone (Kilwin, Marcoussis, Yagma, tampouy).<br \/>Conditions :<br \/>&#8211; apte a travailler de jour comme la nuit.<br \/>&#8211; \u00eatre respectueux et souriant.<br \/>&#8211; \u00eatre courtois et honn\u00eate.<br \/>&#8211; \u00eatre imm\u00e9diatement disponible et avoir un moyen de d\u00e9placement.<br \/>&#8211; ne pas avoir de probl\u00e8me de sant\u00e9 face \u00e0 la fum\u00e9e.<\/h4><h4>Salaire 45000f CFA le mois pour le d\u00e9but.<\/h4><h4>Contact\u00a0:\u00a0+226\u00a055583560<\/h4>\t\t\t\t\t\t<\/div>\n\t\t\t\t<\/div>\n\t\t\t\t\t<\/div>\n\t\t<\/div>\n\t\t\t\t\t\t\t<\/div>\n\t\t<\/section>\n\t\t\t\t\t\t\t<\/div>\n\t\t","protected":false},"excerpt":{"rendered":"<p>Recrutement Besoin de deux (02) jeunes hommes pour la gestion d&#8217;un coin de pain brochette \u00e0 Kilwin. \u00catre dans la zone (Kilwin, Marcoussis, Yagma, tampouy).Conditions :&#8211; apte a travailler de jour comme la nuit.&#8211; \u00eatre respectueux et souriant.&#8211; \u00eatre courtois et honn\u00eate.&#8211; \u00eatre imm\u00e9diatement disponible et avoir un moyen de d\u00e9placement.&#8211; ne pas avoir de&hellip;<\/p>\n","protected":false},"author":1,"featured_media":0,"parent":0,"menu_order":0,"comment_status":"closed","ping_status":"closed","template":"","meta":[],"_links":{"self":[{"href":"https:\/\/job.amd-veille.com\/index.php\/wp-json\/wp\/v2\/pages\/5692"}],"collection":[{"href":"https:\/\/job.amd-veille.com\/index.php\/wp-json\/wp\/v2\/pages"}],"about":[{"href":"https:\/\/job.amd-veille.com\/index.php\/wp-json\/wp\/v2\/types\/page"}],"author":[{"embeddable":true,"href":"https:\/\/job.amd-veille.com\/index.php\/wp-json\/wp\/v2\/users\/1"}],"replies":[{"embeddable":true,"href":"https:\/\/job.amd-veille.com\/index.php\/wp-json\/wp\/v2\/comments?post=5692"}],"version-history":[{"count":5,"href":"https:\/\/job.amd-veille.com\/index.php\/wp-json\/wp\/v2\/pages\/5692\/revisions"}],"predecessor-version":[{"id":5697,"href":"https:\/\/job.amd-veille.com\/index.php\/wp-json\/wp\/v2\/pages\/5692\/revisions\/5697"}],"wp:attachment":[{"href":"https:\/\/job.amd-veille.com\/index.php\/wp-json\/wp\/v2\/media?parent=5692"}],"curies":[{"name":"wp","href":"https:\/\/api.w.org\/{rel}","templated":true}]}}