{"id":5716,"date":"2024-01-23T09:56:26","date_gmt":"2024-01-23T09:56:26","guid":{"rendered":"https:\/\/job.amd-veille.com\/?page_id=5716"},"modified":"2024-01-23T09:59:43","modified_gmt":"2024-01-23T09:59:43","slug":"elementor-5716","status":"publish","type":"page","link":"https:\/\/job.amd-veille.com\/index.php\/elementor-5716\/","title":{"rendered":"Recrutement  de stagiaire D\u00e9veloppeur-Int\u00e9grateur"},"content":{"rendered":"\t\t<div data-elementor-type=\"wp-page\" data-elementor-id=\"5716\" class=\"elementor elementor-5716\">\n\t\t\t\t\t\t\t\t\t<section class=\"elementor-section elementor-top-section elementor-element elementor-element-c23a4d0 elementor-section-boxed elementor-section-height-default elementor-section-height-default\" data-id=\"c23a4d0\" data-element_type=\"section\">\n\t\t\t\t\t\t<div class=\"elementor-container elementor-column-gap-default\">\n\t\t\t\t\t<div class=\"elementor-column elementor-col-100 elementor-top-column elementor-element elementor-element-1b960a3\" data-id=\"1b960a3\" data-element_type=\"column\">\n\t\t\t<div class=\"elementor-widget-wrap elementor-element-populated\">\n\t\t\t\t\t\t\t\t<div class=\"elementor-element elementor-element-9eb70cf elementor-widget elementor-widget-text-editor\" data-id=\"9eb70cf\" data-element_type=\"widget\" data-widget_type=\"text-editor.default\">\n\t\t\t\t<div class=\"elementor-widget-container\">\n\t\t\t<style>\/*! elementor - v3.14.0 - 26-06-2023 *\/\n.elementor-widget-text-editor.elementor-drop-cap-view-stacked .elementor-drop-cap{background-color:#69727d;color:#fff}.elementor-widget-text-editor.elementor-drop-cap-view-framed .elementor-drop-cap{color:#69727d;border:3px solid;background-color:transparent}.elementor-widget-text-editor:not(.elementor-drop-cap-view-default) .elementor-drop-cap{margin-top:8px}.elementor-widget-text-editor:not(.elementor-drop-cap-view-default) .elementor-drop-cap-letter{width:1em;height:1em}.elementor-widget-text-editor .elementor-drop-cap{float:left;text-align:center;line-height:1;font-size:50px}.elementor-widget-text-editor .elementor-drop-cap-letter{display:inline-block}<\/style>\t\t\t\t<h4>Recrutement de stagiaire Developpeur-Integrateur<\/h4><h4>Exigences<\/h4><h4>\u2022 Ma\u00eetrise des langages de programmation, notamment PHP et des techniques d&#8217;int\u00e9gration web.<\/h4><h4>\u2022 Capacit\u00e9 \u00e0 founir un support technique aux utilisateurs finaux et \u00e0 r\u00e9soudre les probl\u00e8mes rencontr\u00e9s.<\/h4><h4>Excellentes comp\u00e9tences en communication<\/h4><h4>\u2022 La ma\u00eetrise des syst\u00e8mes d&#8217;exploitation et des logiciels couramment utilis\u00e9s serait un atout.<\/h4><h4>DEADLINE: 30 JANVIER 2023<\/h4><h4>REJOIGNEZ-NOUS POUR UNE EXP\u00c9RIENCE ENRICHISSANTE!<\/h4><h4>ENVOYEZ VOS CV \u00c0 CETTE ADRESSE : jobs@illimitis.com<\/h4><h4>Pour plus d&#8217; informations : www.illimitis.com<\/h4>\t\t\t\t\t\t<\/div>\n\t\t\t\t<\/div>\n\t\t\t\t\t<\/div>\n\t\t<\/div>\n\t\t\t\t\t\t\t<\/div>\n\t\t<\/section>\n\t\t\t\t\t\t\t<\/div>\n\t\t","protected":false},"excerpt":{"rendered":"<p>Recrutement de stagiaire Developpeur-Integrateur Exigences \u2022 Ma\u00eetrise des langages de programmation, notamment PHP et des techniques d&#8217;int\u00e9gration web. \u2022 Capacit\u00e9 \u00e0 founir un support technique aux utilisateurs finaux et \u00e0 r\u00e9soudre les probl\u00e8mes rencontr\u00e9s. Excellentes comp\u00e9tences en communication \u2022 La ma\u00eetrise des syst\u00e8mes d&#8217;exploitation et des logiciels couramment utilis\u00e9s serait un atout. DEADLINE: 30 JANVIER&hellip;<\/p>\n","protected":false},"author":1,"featured_media":0,"parent":0,"menu_order":0,"comment_status":"closed","ping_status":"closed","template":"","meta":[],"_links":{"self":[{"href":"https:\/\/job.amd-veille.com\/index.php\/wp-json\/wp\/v2\/pages\/5716"}],"collection":[{"href":"https:\/\/job.amd-veille.com\/index.php\/wp-json\/wp\/v2\/pages"}],"about":[{"href":"https:\/\/job.amd-veille.com\/index.php\/wp-json\/wp\/v2\/types\/page"}],"author":[{"embeddable":true,"href":"https:\/\/job.amd-veille.com\/index.php\/wp-json\/wp\/v2\/users\/1"}],"replies":[{"embeddable":true,"href":"https:\/\/job.amd-veille.com\/index.php\/wp-json\/wp\/v2\/comments?post=5716"}],"version-history":[{"count":5,"href":"https:\/\/job.amd-veille.com\/index.php\/wp-json\/wp\/v2\/pages\/5716\/revisions"}],"predecessor-version":[{"id":5721,"href":"https:\/\/job.amd-veille.com\/index.php\/wp-json\/wp\/v2\/pages\/5716\/revisions\/5721"}],"wp:attachment":[{"href":"https:\/\/job.amd-veille.com\/index.php\/wp-json\/wp\/v2\/media?parent=5716"}],"curies":[{"name":"wp","href":"https:\/\/api.w.org\/{rel}","templated":true}]}}