{"id":5722,"date":"2024-01-24T15:45:48","date_gmt":"2024-01-24T15:45:48","guid":{"rendered":"https:\/\/job.amd-veille.com\/?page_id=5722"},"modified":"2024-01-24T15:46:48","modified_gmt":"2024-01-24T15:46:48","slug":"elementor-5722","status":"publish","type":"page","link":"https:\/\/job.amd-veille.com\/index.php\/elementor-5722\/","title":{"rendered":"Recrutement de stagiaires &#8211; agent commercial"},"content":{"rendered":"\t\t<div data-elementor-type=\"wp-page\" data-elementor-id=\"5722\" class=\"elementor elementor-5722\">\n\t\t\t\t\t\t\t\t\t<section class=\"elementor-section elementor-top-section elementor-element elementor-element-84f3002 elementor-section-boxed elementor-section-height-default elementor-section-height-default\" data-id=\"84f3002\" data-element_type=\"section\">\n\t\t\t\t\t\t<div class=\"elementor-container elementor-column-gap-default\">\n\t\t\t\t\t<div class=\"elementor-column elementor-col-100 elementor-top-column elementor-element elementor-element-43870d2\" data-id=\"43870d2\" data-element_type=\"column\">\n\t\t\t<div class=\"elementor-widget-wrap elementor-element-populated\">\n\t\t\t\t\t\t\t\t<div class=\"elementor-element elementor-element-de5901a elementor-widget elementor-widget-text-editor\" data-id=\"de5901a\" data-element_type=\"widget\" data-widget_type=\"text-editor.default\">\n\t\t\t\t<div class=\"elementor-widget-container\">\n\t\t\t<style>\/*! elementor - v3.14.0 - 26-06-2023 *\/\n.elementor-widget-text-editor.elementor-drop-cap-view-stacked .elementor-drop-cap{background-color:#69727d;color:#fff}.elementor-widget-text-editor.elementor-drop-cap-view-framed .elementor-drop-cap{color:#69727d;border:3px solid;background-color:transparent}.elementor-widget-text-editor:not(.elementor-drop-cap-view-default) .elementor-drop-cap{margin-top:8px}.elementor-widget-text-editor:not(.elementor-drop-cap-view-default) .elementor-drop-cap-letter{width:1em;height:1em}.elementor-widget-text-editor .elementor-drop-cap{float:left;text-align:center;line-height:1;font-size:50px}.elementor-widget-text-editor .elementor-drop-cap-letter{display:inline-block}<\/style>\t\t\t\t<h4>Recrutement de stagiaires &#8211; agent commercial pour une entreprise situ\u00e9e \u00e0 Ouagadougou et \u00e9voluant dans le domaine de l\u2019informatique !<\/h4><h4>Qualifications et comp\u00e9tences requises :<\/h4><h4>Votre profil : <br \/>&#8211; Niveau : BAC<br \/>&#8211; \u00ca\ud835\udc95\ud835\udc93\ud835\udc86 \ud835\udc85\ud835\udc86 \ud835\udc83\ud835\udc90\ud835\udc8f\ud835\udc8f\ud835\udc86 \ud835\udc8e\ud835\udc90\ud835\udc93\ud835\udc82\ud835\udc8d\ud835\udc8a\ud835\udc95\u00e9 \ud835\udc86\ud835\udc95 \ud835\udc82\ud835\udc91\ud835\udc95\ud835\udc86 \u00e0 \ud835\udc86\ud835\udc87\ud835\udc87\ud835\udc86\ud835\udc84\ud835\udc95\ud835\udc96\ud835\udc86\ud835\udc93 \ud835\udc85\ud835\udc86\ud835\udc94 \ud835\udc94\ud835\udc90\ud835\udc93\ud835\udc95\ud835\udc8a\ud835\udc86\ud835\udc94 \ud835\udc94\ud835\udc96\ud835\udc93 \ud835\udc8d\ud835\udc86 \ud835\udc95\ud835\udc86\ud835\udc93\ud835\udc93\ud835\udc82\ud835\udc8a\ud835\udc8f ;<br \/>&#8211; \u00ca\ud835\udc95\ud835\udc93\ud835\udc86 \ud835\udc85\ud835\udc9a\ud835\udc8f\ud835\udc82\ud835\udc8e\ud835\udc8a\ud835\udc92\ud835\udc96\ud835\udc86 \ud835\udc86\ud835\udc95 \ud835\udc84\ud835\udc90\ud835\udc8f\ud835\udc97\ud835\udc82\ud835\udc8a\ud835\udc8f\ud835\udc84\ud835\udc82\ud835\udc8f\ud835\udc95 ;<br \/>&#8211; \u00ca\ud835\udc95\ud835\udc93\ud835\udc86 \ud835\udc84\ud835\udc82\ud835\udc91\ud835\udc82\ud835\udc83\ud835\udc8d\ud835\udc86 \ud835\udc85\ud835\udc86 \ud835\udc91\ud835\udc93\ud835\udc86\ud835\udc8f\ud835\udc85\ud835\udc93\ud835\udc86 \ud835\udc85\ud835\udc86\ud835\udc94 \ud835\udc8a\ud835\udc8f\ud835\udc8a\ud835\udc95\ud835\udc8a\ud835\udc82\ud835\udc95\ud835\udc8a\ud835\udc97\ud835\udc86\ud835\udc94 \ud835\udc86\ud835\udc95 \ud835\udc85\ud835\udc86 \ud835\udc8d\ud835\udc86\ud835\udc94 \ud835\udc8e\ud835\udc86\ud835\udc95\ud835\udc95\ud835\udc93\ud835\udc86 \ud835\udc86\ud835\udc8f \u0153\ud835\udc96\ud835\udc97\ud835\udc93\ud835\udc86 \ud835\udc86\ud835\udc8f \ud835\udc82\ud835\udc84\ud835\udc84\ud835\udc90\ud835\udc93\ud835\udc85 \ud835\udc82\ud835\udc97\ud835\udc86\ud835\udc84 son superviseur;<br \/>&#8211; \u00ca\ud835\udc95\ud835\udc93\ud835\udc86 \ud835\udc84\ud835\udc82\ud835\udc91\ud835\udc82\ud835\udc83\ud835\udc8d\ud835\udc86 \ud835\udc85\ud835\udc86 \ud835\udc95\ud835\udc93\ud835\udc82\ud835\udc97\ud835\udc82\ud835\udc8a\ud835\udc8d\ud835\udc8d\ud835\udc86\ud835\udc93 \ud835\udc86\ud835\udc8f \u00e9\ud835\udc92\ud835\udc96\ud835\udc8a\ud835\udc91\ud835\udc86 \ud835\udc86\ud835\udc95 \ud835\udc94\ud835\udc90\ud835\udc96\ud835\udc94 \ud835\udc91\ud835\udc93\ud835\udc86\ud835\udc94\ud835\udc94\ud835\udc8a\ud835\udc90\ud835\udc8f ;<br \/>&#8211; \u00ca\ud835\udc95\ud835\udc93\ud835\udc86 \ud835\udc8a\ud835\udc8e\ud835\udc8e\u00e9\ud835\udc85\ud835\udc8a\ud835\udc82\ud835\udc95\ud835\udc86\ud835\udc8e\ud835\udc86\ud835\udc8f\ud835\udc95 \ud835\udc85\ud835\udc8a\ud835\udc94\ud835\udc91\ud835\udc90\ud835\udc8f\ud835\udc8a\ud835\udc83\ud835\udc8d\ud835\udc86.<br \/>&#8211; Avoir d\u00e9j\u00e0 occup\u00e9 un poste similaire <br \/>&#8211; Etre m\u00e9thodique et capable de travailler en \u00e9quipe et de fa\u00e7on autonome . <br \/>&#8211; Disposer d\u2019un moyen de d\u00e9placement<\/h4><h4>Composition des dossiers de candidature<br \/><br \/>Un CV actualis\u00e9 dat\u00e9 et sign\u00e9<\/h4><h4>Les personnes int\u00e9ress\u00e9es sont invit\u00e9es \u00e0 transmettre leurs candidatures par mail \u00e0 segdistribution@gmail.com<\/h4><h4>Ou par WhatsApp au + 226 67 42 89 04 \/ 78 64 99 42 <br \/>Date limite des d\u00e9p\u00f4ts des dossiers: Mercredi 31\/01\/2024<\/h4>\t\t\t\t\t\t<\/div>\n\t\t\t\t<\/div>\n\t\t\t\t\t<\/div>\n\t\t<\/div>\n\t\t\t\t\t\t\t<\/div>\n\t\t<\/section>\n\t\t\t\t\t\t\t<\/div>\n\t\t","protected":false},"excerpt":{"rendered":"<p>Recrutement de stagiaires &#8211; agent commercial pour une entreprise situ\u00e9e \u00e0 Ouagadougou et \u00e9voluant dans le domaine de l\u2019informatique ! Qualifications et comp\u00e9tences requises : Votre profil : &#8211; Niveau : BAC&#8211; \u00ca\ud835\udc95\ud835\udc93\ud835\udc86 \ud835\udc85\ud835\udc86 \ud835\udc83\ud835\udc90\ud835\udc8f\ud835\udc8f\ud835\udc86 \ud835\udc8e\ud835\udc90\ud835\udc93\ud835\udc82\ud835\udc8d\ud835\udc8a\ud835\udc95\u00e9 \ud835\udc86\ud835\udc95 \ud835\udc82\ud835\udc91\ud835\udc95\ud835\udc86 \u00e0 \ud835\udc86\ud835\udc87\ud835\udc87\ud835\udc86\ud835\udc84\ud835\udc95\ud835\udc96\ud835\udc86\ud835\udc93 \ud835\udc85\ud835\udc86\ud835\udc94 \ud835\udc94\ud835\udc90\ud835\udc93\ud835\udc95\ud835\udc8a\ud835\udc86\ud835\udc94 \ud835\udc94\ud835\udc96\ud835\udc93 \ud835\udc8d\ud835\udc86 \ud835\udc95\ud835\udc86\ud835\udc93\ud835\udc93\ud835\udc82\ud835\udc8a\ud835\udc8f ;&#8211; \u00ca\ud835\udc95\ud835\udc93\ud835\udc86 \ud835\udc85\ud835\udc9a\ud835\udc8f\ud835\udc82\ud835\udc8e\ud835\udc8a\ud835\udc92\ud835\udc96\ud835\udc86 \ud835\udc86\ud835\udc95 \ud835\udc84\ud835\udc90\ud835\udc8f\ud835\udc97\ud835\udc82\ud835\udc8a\ud835\udc8f\ud835\udc84\ud835\udc82\ud835\udc8f\ud835\udc95 ;&#8211; \u00ca\ud835\udc95\ud835\udc93\ud835\udc86 \ud835\udc84\ud835\udc82\ud835\udc91\ud835\udc82\ud835\udc83\ud835\udc8d\ud835\udc86 \ud835\udc85\ud835\udc86 \ud835\udc91\ud835\udc93\ud835\udc86\ud835\udc8f\ud835\udc85\ud835\udc93\ud835\udc86&hellip;<\/p>\n","protected":false},"author":1,"featured_media":0,"parent":0,"menu_order":0,"comment_status":"closed","ping_status":"closed","template":"","meta":[],"_links":{"self":[{"href":"https:\/\/job.amd-veille.com\/index.php\/wp-json\/wp\/v2\/pages\/5722"}],"collection":[{"href":"https:\/\/job.amd-veille.com\/index.php\/wp-json\/wp\/v2\/pages"}],"about":[{"href":"https:\/\/job.amd-veille.com\/index.php\/wp-json\/wp\/v2\/types\/page"}],"author":[{"embeddable":true,"href":"https:\/\/job.amd-veille.com\/index.php\/wp-json\/wp\/v2\/users\/1"}],"replies":[{"embeddable":true,"href":"https:\/\/job.amd-veille.com\/index.php\/wp-json\/wp\/v2\/comments?post=5722"}],"version-history":[{"count":5,"href":"https:\/\/job.amd-veille.com\/index.php\/wp-json\/wp\/v2\/pages\/5722\/revisions"}],"predecessor-version":[{"id":5727,"href":"https:\/\/job.amd-veille.com\/index.php\/wp-json\/wp\/v2\/pages\/5722\/revisions\/5727"}],"wp:attachment":[{"href":"https:\/\/job.amd-veille.com\/index.php\/wp-json\/wp\/v2\/media?parent=5722"}],"curies":[{"name":"wp","href":"https:\/\/api.w.org\/{rel}","templated":true}]}}