{"id":5734,"date":"2024-01-24T15:52:45","date_gmt":"2024-01-24T15:52:45","guid":{"rendered":"https:\/\/job.amd-veille.com\/?page_id=5734"},"modified":"2024-01-24T15:55:18","modified_gmt":"2024-01-24T15:55:18","slug":"elementor-5734","status":"publish","type":"page","link":"https:\/\/job.amd-veille.com\/index.php\/elementor-5734\/","title":{"rendered":"Recrutement d&#8217;AGENTS COMMERCIAUX"},"content":{"rendered":"\t\t<div data-elementor-type=\"wp-page\" data-elementor-id=\"5734\" class=\"elementor elementor-5734\">\n\t\t\t\t\t\t\t\t\t<section class=\"elementor-section elementor-top-section elementor-element elementor-element-516bab8 elementor-section-boxed elementor-section-height-default elementor-section-height-default\" data-id=\"516bab8\" data-element_type=\"section\">\n\t\t\t\t\t\t<div class=\"elementor-container elementor-column-gap-default\">\n\t\t\t\t\t<div class=\"elementor-column elementor-col-100 elementor-top-column elementor-element elementor-element-889ee34\" data-id=\"889ee34\" data-element_type=\"column\">\n\t\t\t<div class=\"elementor-widget-wrap elementor-element-populated\">\n\t\t\t\t\t\t\t\t<div class=\"elementor-element elementor-element-1d229aa elementor-widget elementor-widget-text-editor\" data-id=\"1d229aa\" data-element_type=\"widget\" data-widget_type=\"text-editor.default\">\n\t\t\t\t<div class=\"elementor-widget-container\">\n\t\t\t<style>\/*! elementor - v3.14.0 - 26-06-2023 *\/\n.elementor-widget-text-editor.elementor-drop-cap-view-stacked .elementor-drop-cap{background-color:#69727d;color:#fff}.elementor-widget-text-editor.elementor-drop-cap-view-framed .elementor-drop-cap{color:#69727d;border:3px solid;background-color:transparent}.elementor-widget-text-editor:not(.elementor-drop-cap-view-default) .elementor-drop-cap{margin-top:8px}.elementor-widget-text-editor:not(.elementor-drop-cap-view-default) .elementor-drop-cap-letter{width:1em;height:1em}.elementor-widget-text-editor .elementor-drop-cap{float:left;text-align:center;line-height:1;font-size:50px}.elementor-widget-text-editor .elementor-drop-cap-letter{display:inline-block}<\/style>\t\t\t\t<h4>Localit\u00e9 : Burkina Faso \/ Ouagadougou<br \/>Domaine : Marketing \/ commercial<br \/>Entreprise recruteur : SONAR ( Agence Global insur )<\/h4><h4>Poste \u00e0 pourvoir : AGENTS COMMERCIAUX<br \/>Nombre de poste :30<br \/>Lieu d&#8217;affectation OUAGADOUGOU, <br \/>Structure recruteur : Agence GLOBAL INSUR <br \/>Structure B\u00e9n\u00e9ficiaire :SONAR (Agence GLOBAL INSUR)<br \/>Secteur activit\u00e9 : Compagnie d&#8217;assurances <br \/>Dipl\u00f4me: BAC<br \/>Capacit\u00e9s li\u00e9es \u00e0 l&#8217;emploi <br \/>Missions :<br \/>\u2022 Prospecter et identifier des clients potentiels ;<br \/>\u2022 Animer et suivre le portefeuille client existant, en accord avec la Strat\u00e9gie commerciale globale ;<br \/>\u2022 \u00catre capable de pr\u00e9senter avec exactitude et sinc\u00e9rit\u00e9 les contrats d&#8217;assurances commercialis\u00e9s par SONAR.<\/h4><h4>Profil :<br \/>\u2022 \u00catre \u00e2g\u00e9 (e) d&#8217;au moins 18 ans ;<br \/>\u2022 Avoir au minimum le BAC ;<br \/>\u2022 \u00catre dynamique et avoir un esprit d&#8217;\u00e9quipe ;<br \/>\u2022 Disposer d&#8217;un moyen de d\u00e9placement ;<br \/>\u2022 \u00catre imm\u00e9diatement disponible ;<\/h4><h4>R\u00e9mun\u00e9ration :<br \/>Le commercial est r\u00e9mun\u00e9r\u00e9 sur une base fixe et une commission par affaire apport\u00e9e et encaiss\u00e9e.<br \/>Connaissance en informatique<\/h4><h4>Date limite de dep\u00f4t des dossiers le 03 f\u00e9vrier 2024<br \/>Dossier a fournir : <br \/>-Une demande adress\u00e9e au Directeur d&#8217;Agence de la Sonar Global insur<br \/>-Une copie du dipl\u00f4me<br \/>-Une copie de la CNIB <br \/>-Un curriculum vitae <br \/>Autres conditions : d\u00e9p\u00f4t physique \u00e0 l&#8217;agence de la SONAR GLOBAL INSUR situ\u00e9 \u00e0 bendogo en face de l&#8217;ONEA \u00e0 c\u00f4t\u00e9 de la boulangerie Wendy kota ou par WhatsApp en fichier pdf au 55126242<br \/>Pour plus d&#8217;informations veuillez contacter\u00a0le\u00a055\u00a012\u00a062\u00a042.<\/h4>\t\t\t\t\t\t<\/div>\n\t\t\t\t<\/div>\n\t\t\t\t\t<\/div>\n\t\t<\/div>\n\t\t\t\t\t\t\t<\/div>\n\t\t<\/section>\n\t\t\t\t\t\t\t<\/div>\n\t\t","protected":false},"excerpt":{"rendered":"<p>Localit\u00e9 : Burkina Faso \/ OuagadougouDomaine : Marketing \/ commercialEntreprise recruteur : SONAR ( Agence Global insur ) Poste \u00e0 pourvoir : AGENTS COMMERCIAUXNombre de poste :30Lieu d&#8217;affectation OUAGADOUGOU, Structure recruteur : Agence GLOBAL INSUR Structure B\u00e9n\u00e9ficiaire :SONAR (Agence GLOBAL INSUR)Secteur activit\u00e9 : Compagnie d&#8217;assurances Dipl\u00f4me: BACCapacit\u00e9s li\u00e9es \u00e0 l&#8217;emploi Missions :\u2022 Prospecter et identifier&hellip;<\/p>\n","protected":false},"author":1,"featured_media":0,"parent":0,"menu_order":0,"comment_status":"closed","ping_status":"closed","template":"","meta":[],"_links":{"self":[{"href":"https:\/\/job.amd-veille.com\/index.php\/wp-json\/wp\/v2\/pages\/5734"}],"collection":[{"href":"https:\/\/job.amd-veille.com\/index.php\/wp-json\/wp\/v2\/pages"}],"about":[{"href":"https:\/\/job.amd-veille.com\/index.php\/wp-json\/wp\/v2\/types\/page"}],"author":[{"embeddable":true,"href":"https:\/\/job.amd-veille.com\/index.php\/wp-json\/wp\/v2\/users\/1"}],"replies":[{"embeddable":true,"href":"https:\/\/job.amd-veille.com\/index.php\/wp-json\/wp\/v2\/comments?post=5734"}],"version-history":[{"count":5,"href":"https:\/\/job.amd-veille.com\/index.php\/wp-json\/wp\/v2\/pages\/5734\/revisions"}],"predecessor-version":[{"id":5739,"href":"https:\/\/job.amd-veille.com\/index.php\/wp-json\/wp\/v2\/pages\/5734\/revisions\/5739"}],"wp:attachment":[{"href":"https:\/\/job.amd-veille.com\/index.php\/wp-json\/wp\/v2\/media?parent=5734"}],"curies":[{"name":"wp","href":"https:\/\/api.w.org\/{rel}","templated":true}]}}